{"id":1014,"date":"2023-01-12T08:24:47","date_gmt":"2023-01-12T08:24:47","guid":{"rendered":"https:\/\/cgo.h2ocomunicacio.com\/contactar\/"},"modified":"2024-05-27T09:05:39","modified_gmt":"2024-05-27T09:05:39","slug":"contactar","status":"publish","type":"page","link":"https:\/\/cgogrupcreugroga.com\/es\/contactar\/","title":{"rendered":"Contactar"},"content":{"rendered":"<div id='av_section_1'  class='avia-section av-hcl72-a2e0646928871acfd8d902334b8edb16 main_color avia-section-default avia-no-border-styling  avia-builder-el-0  avia-builder-el-no-sibling  avia-bg-style-scroll container_wrap fullsize'  ><div class='container av-section-cont-open' ><main  role=\"main\" itemprop=\"mainContentOfPage\"  class='template-page content  av-content-full alpha units'><div class='post-entry post-entry-type-page post-entry-1014'><div class='entry-content-wrapper clearfix'>\n<div  class='flex_column av-9ujqu-b808923d09ea8dee8be763383b512164 av_one_full  avia-builder-el-1  el_before_av_two_third  avia-builder-el-first  first flex_column_div  '     ><section  class='av_textblock_section av-lcstcmpj-dea052a5e3f069ec235f1d4e23e92850 '   itemscope=\"itemscope\" itemtype=\"https:\/\/schema.org\/CreativeWork\" ><div class='avia_textblock'  itemprop=\"text\" ><h1 style=\"text-align: center;\">Contacta con nosotros<\/h1>\n<\/div><\/section><\/div><div  class='flex_column av-av_two_third-7714eba142aeda1f8b5272a3c372b279 av_two_third  avia-builder-el-3  el_after_av_one_full  el_before_av_one_third  first flex_column_div  column-top-margin'     ><p><form action=\"https:\/\/cgogrupcreugroga.com\/es\/contactar\/\" method=\"post\" data-fields-with-error=\"Found errors in the following field(s):\" class=\"avia_ajax_form av-form-labels-visible   avia-builder-el-4  el_before_av_textblock  avia-builder-el-first   \" data-avia-form-id=\"1\" data-avia-redirect='' ><h3 class=''>Env\u00edanos un correo electr\u00f3nico<\/h3><fieldset><p class='  first_form  form_element form_element_half' id='element_avia_1_1'><label for=\"avia_1_1\">Nombre <abbr class=\"required\" title=\"requerido\">*<\/abbr><\/label> <input name=\"avia_1_1\" class=\"text_input is_empty\" type=\"text\" id=\"avia_1_1\" value=\"\" \/><\/p><p class='  form_element form_element_half' id='element_avia_2_1'><label for=\"avia_2_1\">Apellidos <abbr class=\"required\" title=\"requerido\">*<\/abbr><\/label> <input name=\"avia_2_1\" class=\"text_input is_empty\" type=\"text\" id=\"avia_2_1\" value=\"\" \/><\/p><p class='  first_form  form_element form_element_fourth' id='element_avia_3_1'><label for=\"avia_3_1\">Tel\u00e9fono <abbr class=\"required\" title=\"requerido\">*<\/abbr><\/label> <input name=\"avia_3_1\" class=\"text_input is_phone\" type=\"text\" id=\"avia_3_1\" value=\"\" \/><\/p><p class='  form_element form_element_three_fourth' id='element_avia_4_1'><label for=\"avia_4_1\">E-Mail <abbr class=\"required\" title=\"requerido\">*<\/abbr><\/label> <input name=\"avia_4_1\" class=\"text_input is_email\" type=\"text\" id=\"avia_4_1\" value=\"\" \/><\/p><p class='  first_form  form_element form_fullwidth' id='element_avia_5_1'><label for=\"avia_5_1\">Asunto <abbr class=\"required\" title=\"requerido\">*<\/abbr><\/label> <input name=\"avia_5_1\" class=\"text_input is_empty\" type=\"text\" id=\"avia_5_1\" value=\"\" \/><\/p><p class='  first_form  form_element form_fullwidth' id='element_avia_6_1'><label for=\"avia_6_1\" class=\"textare_label hidden textare_label_avia_6_1\">Mensaje <abbr class=\"required\" title=\"requerido\">*<\/abbr><\/label><textarea  name=\"avia_6_1\" class=\"text_area is_empty\" cols=\"40\" rows=\"7\" id=\"avia_6_1\" ><\/textarea><\/p><p class='  first_form  form_element form_fullwidth' id='element_avia_7_1'><input  name=\"avia_7_1\" class=\"input_checkbox \" type=\"checkbox\" id=\"avia_7_1\" value=\"true\"\/><label class=\"input_checkbox_label\" for=\"avia_7_1\">Consiento el uso de mis datos personales para recibir publicidad de su entidad.<\/label><\/p><p class=\"hidden\"><input type=\"text\" name=\"avia_8_1\" class=\"hidden \" id=\"avia_8_1\" value=\"\" \/><\/p><div id='avia_9_1' class='av-recaptcha-area  first_form  form_element form_fullwidth av-last-visible-form-element '  data-container_class=\"\" data-custom_class=\"\" data-context=\"av_contact_form\" data-token_input=\"av_recaptcha_token\" data-version=\"avia_recaptcha_v2\" data-theme=\"light\" data-size=\"normal\" data-score=\"0.5\" data-text_to_preview=\"\" data-value=\"\"><div class=\"av-google-badge-message hidden\">This site is protected by reCAPTCHA and the Google <a href=\"https:\/\/policies.google.com\/privacy\">Privacy Policy<\/a> and <a href=\"https:\/\/policies.google.com\/terms\">Terms of Service<\/a> apply.<\/div><\/div><p class=' av_form_privacy_check av_contact_privacy_check first_form  form_element form_fullwidth' id='element_avia_10_1'><input  name=\"avia_10_1\" class=\"input_checkbox is_empty\" type=\"checkbox\" id=\"avia_10_1\" value=\"true\"\/><label class=\"input_checkbox_label\" for=\"avia_10_1\">Consiento el uso de mis datos para los fines indicados en la <a href='https:\/\/cgogrupcreugroga.com\/politica-de-privacitat\/' target='_blank'>Pol\u00edtica de privacidad <\/a> \u201cSUS DATOS SEGUROS\u201d. <abbr class=\"required\" title=\"requerido\">*<\/abbr><\/label><\/p><p class=\"form_element \"><input type=\"hidden\" value=\"1\" name=\"avia_generated_form1\" \/><input type=\"submit\" value=\"Enviar\" class=\"button\"  data-sending-label=\"Enviando\"\/><\/p><\/fieldset><div class=\"avia-disabled-form\">Este formulario de contacto est\u00e1 desactivado porque rechazaste aceptar el servicio de Google reCaptcha, que es necesario para validar los mensajes enviados a trav\u00e9s del formulario.<\/div><\/form><div id=\"ajaxresponse_1\" class=\"ajaxresponse ajaxresponse_1 hidden\"><\/div><br \/>\n<section  class='av_textblock_section av-lwoqty28-c417f5934539a77fe6eb2c6dcbc718aa '   itemscope=\"itemscope\" itemtype=\"https:\/\/schema.org\/CreativeWork\" ><div class='avia_textblock'  itemprop=\"text\" ><p><small>Informaci\u00f3n b\u00e1sica sobre la protecci\u00f3n de datos: Responsable del tratamiento CGO Centre Ginecologic i Obstetric SL<br \/>\nDirecci\u00f3n del responsable: C\/ Iluro, 14-18 08301 MATAR\u00d3 (Barcelona)<br \/>\nFinalidad: Sus datos ser\u00e1n utilizados para poder atender sus solicitudes y prestarle nuestros servicios.<br \/>\nPublicidad: S\u00f3lo le enviaremos publicidad con su autorizaci\u00f3n previa, que podr\u00e1 facilitarnos mediante la casilla correspondiente establecida al efecto.<br \/>\nLegitimaci\u00f3n: \u00danicamente trataremos sus datos con su consentimiento previo, que podr\u00e1 facilitarnos mediante la casilla correspondiente establecida al efecto.<br \/>\nDestinatarios: Con car\u00e1cter general, s\u00f3lo el personal de nuestra entidad que est\u00e9 debidamente autorizado podr\u00e1 tener conocimiento de la informaci\u00f3n que le solicitamos.<br \/>\nDerechos: Tiene derecho a saber qu\u00e9 informaci\u00f3n tenemos sobre usted, corregirla y eliminarla, tal y como se explica en la informaci\u00f3n adicional disponible en nuestra p\u00e1gina web.<br \/>\nAsimismo, tambi\u00e9n podr\u00e1 ejercitar el derecho de portabilidad, solicitando el traspaso de su informaci\u00f3n a otra entidad.<br \/>\nM\u00e1s informaci\u00f3n en nuestra \u201c<a href=\"https:\/\/cgogrupcreugroga.com\/es\/politica-de-privacidad\/\">pol\u00edtica de privacidad<\/a>\u201d<\/small><\/p>\n<\/div><\/section><\/p><\/div><div  class='flex_column av-av_one_third-f1c518e9ff58e869f80c8f093487abc9 av_one_third  avia-builder-el-6  el_after_av_two_third  avia-builder-el-last  flex_column_div  column-top-margin'     ><article  class='iconbox iconbox_top av-lepqe5x1-ed7b15d715efa6c881ffbd73b85b269c  avia-builder-el-7  avia-builder-el-no-sibling  main_color'  itemscope=\"itemscope\" itemtype=\"https:\/\/schema.org\/CreativeWork\" ><div class=\"iconbox_content\"><header class=\"entry-content-header\" aria-label=\"Icon: Ll\u00e1manos a \"><div class='iconbox_icon heading-color avia-iconfont avia-font-entypo-fontello' data-av_icon='\ue854' data-av_iconfont='entypo-fontello'  ><\/div><h3 class='iconbox_content_title '  itemprop=\"headline\" >Ll\u00e1manos a <\/h3><\/header><div class='iconbox_content_container '  itemprop=\"text\" ><h1 style=\"text-align: center;\">937 57 54 10<\/h1>\n<\/div><\/div><footer class=\"entry-footer\"><\/footer><\/article><\/div>\n","protected":false},"excerpt":{"rendered":"","protected":false},"author":2,"featured_media":0,"parent":0,"menu_order":0,"comment_status":"closed","ping_status":"closed","template":"","meta":{"footnotes":""},"class_list":["post-1014","page","type-page","status-publish","hentry"],"yoast_head":"<!-- This site is optimized with the Yoast SEO plugin v27.4 - https:\/\/yoast.com\/product\/yoast-seo-wordpress\/ -->\n<title>Contactar - CGO Grup Creu Groga<\/title>\n<meta name=\"robots\" content=\"index, follow, max-snippet:-1, max-image-preview:large, max-video-preview:-1\" \/>\n<link rel=\"canonical\" href=\"https:\/\/cgogrupcreugroga.com\/es\/contactar\/\" \/>\n<meta property=\"og:locale\" content=\"es_ES\" \/>\n<meta property=\"og:type\" content=\"article\" \/>\n<meta property=\"og:title\" content=\"Contactar - CGO Grup Creu Groga\" \/>\n<meta property=\"og:url\" content=\"https:\/\/cgogrupcreugroga.com\/es\/contactar\/\" \/>\n<meta property=\"og:site_name\" content=\"CGO Grup Creu Groga\" \/>\n<meta property=\"article:modified_time\" content=\"2024-05-27T09:05:39+00:00\" \/>\n<meta name=\"twitter:card\" content=\"summary_large_image\" \/>\n<meta name=\"twitter:label1\" content=\"Tiempo de lectura\" \/>\n\t<meta name=\"twitter:data1\" content=\"1 minuto\" \/>\n<script type=\"application\/ld+json\" class=\"yoast-schema-graph\">{\"@context\":\"https:\\\/\\\/schema.org\",\"@graph\":[{\"@type\":\"WebPage\",\"@id\":\"https:\\\/\\\/cgogrupcreugroga.com\\\/es\\\/contactar\\\/\",\"url\":\"https:\\\/\\\/cgogrupcreugroga.com\\\/es\\\/contactar\\\/\",\"name\":\"Contactar - CGO Grup Creu Groga\",\"isPartOf\":{\"@id\":\"https:\\\/\\\/cgogrupcreugroga.com\\\/es\\\/#website\"},\"datePublished\":\"2023-01-12T08:24:47+00:00\",\"dateModified\":\"2024-05-27T09:05:39+00:00\",\"breadcrumb\":{\"@id\":\"https:\\\/\\\/cgogrupcreugroga.com\\\/es\\\/contactar\\\/#breadcrumb\"},\"inLanguage\":\"es\",\"potentialAction\":[{\"@type\":\"ReadAction\",\"target\":[\"https:\\\/\\\/cgogrupcreugroga.com\\\/es\\\/contactar\\\/\"]}]},{\"@type\":\"BreadcrumbList\",\"@id\":\"https:\\\/\\\/cgogrupcreugroga.com\\\/es\\\/contactar\\\/#breadcrumb\",\"itemListElement\":[{\"@type\":\"ListItem\",\"position\":1,\"name\":\"Portada\",\"item\":\"https:\\\/\\\/cgogrupcreugroga.com\\\/es\\\/inici\\\/\"},{\"@type\":\"ListItem\",\"position\":2,\"name\":\"Contactar\"}]},{\"@type\":\"WebSite\",\"@id\":\"https:\\\/\\\/cgogrupcreugroga.com\\\/es\\\/#website\",\"url\":\"https:\\\/\\\/cgogrupcreugroga.com\\\/es\\\/\",\"name\":\"CGO Grup Creu Groga\",\"description\":\"Just another WordPress site\",\"publisher\":{\"@id\":\"https:\\\/\\\/cgogrupcreugroga.com\\\/es\\\/#organization\"},\"potentialAction\":[{\"@type\":\"SearchAction\",\"target\":{\"@type\":\"EntryPoint\",\"urlTemplate\":\"https:\\\/\\\/cgogrupcreugroga.com\\\/es\\\/?s={search_term_string}\"},\"query-input\":{\"@type\":\"PropertyValueSpecification\",\"valueRequired\":true,\"valueName\":\"search_term_string\"}}],\"inLanguage\":\"es\"},{\"@type\":\"Organization\",\"@id\":\"https:\\\/\\\/cgogrupcreugroga.com\\\/es\\\/#organization\",\"name\":\"CGO Grup Creu Groga\",\"url\":\"https:\\\/\\\/cgogrupcreugroga.com\\\/es\\\/\",\"logo\":{\"@type\":\"ImageObject\",\"inLanguage\":\"es\",\"@id\":\"https:\\\/\\\/cgogrupcreugroga.com\\\/es\\\/#\\\/schema\\\/logo\\\/image\\\/\",\"url\":\"https:\\\/\\\/cgogrupcreugroga.com\\\/wp-content\\\/uploads\\\/2022\\\/10\\\/LogosWeb-CGO-Footer.png\",\"contentUrl\":\"https:\\\/\\\/cgogrupcreugroga.com\\\/wp-content\\\/uploads\\\/2022\\\/10\\\/LogosWeb-CGO-Footer.png\",\"width\":300,\"height\":300,\"caption\":\"CGO Grup Creu Groga\"},\"image\":{\"@id\":\"https:\\\/\\\/cgogrupcreugroga.com\\\/es\\\/#\\\/schema\\\/logo\\\/image\\\/\"}}]}<\/script>\n<!-- \/ Yoast SEO plugin. -->","yoast_head_json":{"title":"Contactar - CGO Grup Creu Groga","robots":{"index":"index","follow":"follow","max-snippet":"max-snippet:-1","max-image-preview":"max-image-preview:large","max-video-preview":"max-video-preview:-1"},"canonical":"https:\/\/cgogrupcreugroga.com\/es\/contactar\/","og_locale":"es_ES","og_type":"article","og_title":"Contactar - CGO Grup Creu Groga","og_url":"https:\/\/cgogrupcreugroga.com\/es\/contactar\/","og_site_name":"CGO Grup Creu Groga","article_modified_time":"2024-05-27T09:05:39+00:00","twitter_card":"summary_large_image","twitter_misc":{"Tiempo de lectura":"1 minuto"},"schema":{"@context":"https:\/\/schema.org","@graph":[{"@type":"WebPage","@id":"https:\/\/cgogrupcreugroga.com\/es\/contactar\/","url":"https:\/\/cgogrupcreugroga.com\/es\/contactar\/","name":"Contactar - CGO Grup Creu Groga","isPartOf":{"@id":"https:\/\/cgogrupcreugroga.com\/es\/#website"},"datePublished":"2023-01-12T08:24:47+00:00","dateModified":"2024-05-27T09:05:39+00:00","breadcrumb":{"@id":"https:\/\/cgogrupcreugroga.com\/es\/contactar\/#breadcrumb"},"inLanguage":"es","potentialAction":[{"@type":"ReadAction","target":["https:\/\/cgogrupcreugroga.com\/es\/contactar\/"]}]},{"@type":"BreadcrumbList","@id":"https:\/\/cgogrupcreugroga.com\/es\/contactar\/#breadcrumb","itemListElement":[{"@type":"ListItem","position":1,"name":"Portada","item":"https:\/\/cgogrupcreugroga.com\/es\/inici\/"},{"@type":"ListItem","position":2,"name":"Contactar"}]},{"@type":"WebSite","@id":"https:\/\/cgogrupcreugroga.com\/es\/#website","url":"https:\/\/cgogrupcreugroga.com\/es\/","name":"CGO Grup Creu Groga","description":"Just another WordPress site","publisher":{"@id":"https:\/\/cgogrupcreugroga.com\/es\/#organization"},"potentialAction":[{"@type":"SearchAction","target":{"@type":"EntryPoint","urlTemplate":"https:\/\/cgogrupcreugroga.com\/es\/?s={search_term_string}"},"query-input":{"@type":"PropertyValueSpecification","valueRequired":true,"valueName":"search_term_string"}}],"inLanguage":"es"},{"@type":"Organization","@id":"https:\/\/cgogrupcreugroga.com\/es\/#organization","name":"CGO Grup Creu Groga","url":"https:\/\/cgogrupcreugroga.com\/es\/","logo":{"@type":"ImageObject","inLanguage":"es","@id":"https:\/\/cgogrupcreugroga.com\/es\/#\/schema\/logo\/image\/","url":"https:\/\/cgogrupcreugroga.com\/wp-content\/uploads\/2022\/10\/LogosWeb-CGO-Footer.png","contentUrl":"https:\/\/cgogrupcreugroga.com\/wp-content\/uploads\/2022\/10\/LogosWeb-CGO-Footer.png","width":300,"height":300,"caption":"CGO Grup Creu Groga"},"image":{"@id":"https:\/\/cgogrupcreugroga.com\/es\/#\/schema\/logo\/image\/"}}]}},"_links":{"self":[{"href":"https:\/\/cgogrupcreugroga.com\/es\/wp-json\/wp\/v2\/pages\/1014","targetHints":{"allow":["GET"]}}],"collection":[{"href":"https:\/\/cgogrupcreugroga.com\/es\/wp-json\/wp\/v2\/pages"}],"about":[{"href":"https:\/\/cgogrupcreugroga.com\/es\/wp-json\/wp\/v2\/types\/page"}],"author":[{"embeddable":true,"href":"https:\/\/cgogrupcreugroga.com\/es\/wp-json\/wp\/v2\/users\/2"}],"replies":[{"embeddable":true,"href":"https:\/\/cgogrupcreugroga.com\/es\/wp-json\/wp\/v2\/comments?post=1014"}],"version-history":[{"count":1,"href":"https:\/\/cgogrupcreugroga.com\/es\/wp-json\/wp\/v2\/pages\/1014\/revisions"}],"predecessor-version":[{"id":2163,"href":"https:\/\/cgogrupcreugroga.com\/es\/wp-json\/wp\/v2\/pages\/1014\/revisions\/2163"}],"wp:attachment":[{"href":"https:\/\/cgogrupcreugroga.com\/es\/wp-json\/wp\/v2\/media?parent=1014"}],"curies":[{"name":"wp","href":"https:\/\/api.w.org\/{rel}","templated":true}]}}