{"id":1016,"date":"2023-01-05T12:16:07","date_gmt":"2023-01-05T12:16:07","guid":{"rendered":"https:\/\/cgo.h2ocomunicacio.com\/grup-creu-groga\/"},"modified":"2023-07-24T12:52:26","modified_gmt":"2023-07-24T12:52:26","slug":"grup-creu-groga","status":"publish","type":"page","link":"https:\/\/cgogrupcreugroga.com\/es\/grup-creu-groga\/","title":{"rendered":"Grupo Creu Groga"},"content":{"rendered":"<div id='full_slider_1'  class='avia-fullwidth-slider main_color avia-shadow   avia-builder-el-0  el_before_av_section  avia-builder-el-first   container_wrap fullsize'  ><div  class='avia-slideshow av-lcivc406-a05dc855f7a4723582b7b43d9edfb56a avia-slideshow-featured av_slideshow_full avia-slide-slider av-slideshow-ui av-control-default av-slideshow-manual av-loop-once av-loop-manual-endless av-default-height-applied   avia-slideshow-1' data-slideshow-options=\"{&quot;animation&quot;:&quot;slide&quot;,&quot;autoplay&quot;:false,&quot;loop_autoplay&quot;:&quot;once&quot;,&quot;interval&quot;:5,&quot;loop_manual&quot;:&quot;manual-endless&quot;,&quot;autoplay_stopper&quot;:false,&quot;noNavigation&quot;:false,&quot;bg_slider&quot;:false,&quot;keep_padding&quot;:false,&quot;hoverpause&quot;:false,&quot;show_slide_delay&quot;:0}\"  itemprop=\"image\" itemscope=\"itemscope\" itemtype=\"https:\/\/schema.org\/ImageObject\" ><ul class='avia-slideshow-inner ' style='padding-bottom: 28.666666666667%;'><li  class='avia-slideshow-slide av-lcivc406-a05dc855f7a4723582b7b43d9edfb56a__0  av-single-slide slide-1 slide-odd'><div data-rel='slideshow-1' class='avia-slide-wrap '   ><img decoding=\"async\" fetchpriority=\"high\" class=\"wp-image-736 avia-img-lazy-loading-not-736\"  src=\"https:\/\/cgogrupcreugroga.com\/wp-content\/uploads\/2023\/01\/FotoGrupCreuGroga-HospitalClinicMaresme-1-1500x430.jpg\" width=\"1500\" height=\"430\" title='FotoGrupCreuGroga-HospitalCli\u0301nicMaresme-1' alt=''  itemprop=\"thumbnailUrl\" srcset=\"https:\/\/cgogrupcreugroga.com\/wp-content\/uploads\/2023\/01\/FotoGrupCreuGroga-HospitalClinicMaresme-1.jpg 1500w, https:\/\/cgogrupcreugroga.com\/wp-content\/uploads\/2023\/01\/FotoGrupCreuGroga-HospitalClinicMaresme-1-300x86.jpg 300w, https:\/\/cgogrupcreugroga.com\/wp-content\/uploads\/2023\/01\/FotoGrupCreuGroga-HospitalClinicMaresme-1-1030x295.jpg 1030w, https:\/\/cgogrupcreugroga.com\/wp-content\/uploads\/2023\/01\/FotoGrupCreuGroga-HospitalClinicMaresme-1-768x220.jpg 768w, https:\/\/cgogrupcreugroga.com\/wp-content\/uploads\/2023\/01\/FotoGrupCreuGroga-HospitalClinicMaresme-1-705x202.jpg 705w, https:\/\/cgogrupcreugroga.com\/wp-content\/uploads\/2023\/01\/FotoGrupCreuGroga-HospitalClinicMaresme-1-240x69.jpg 240w\" sizes=\"(max-width: 1500px) 100vw, 1500px\" \/><\/div><\/li><\/ul><\/div><\/div>\n<div id='av_section_1'  class='avia-section av-av_section-f716ba51e7bf82947c918c6ed882cb73 main_color avia-section-default avia-no-border-styling  avia-builder-el-1  el_after_av_slideshow_full  avia-builder-el-last  avia-bg-style-scroll container_wrap fullsize'  ><div class='container av-section-cont-open' ><div class='template-page content  av-content-full alpha units'><div class='post-entry post-entry-type-page post-entry-1016'><div class='entry-content-wrapper clearfix'>\n<div  class='flex_column av-av_one_full-7714eba142aeda1f8b5272a3c372b279 av_one_full  avia-builder-el-2  el_before_av_one_third  avia-builder-el-first  first flex_column_div  '     ><p>\n<style type=\"text\/css\" data-created_by=\"avia_inline_auto\" id=\"style-css-av-lciw8kuy-49acb24a2845441ca2fbe4c8fa536661\">\n#top .hr.hr-invisible.av-lciw8kuy-49acb24a2845441ca2fbe4c8fa536661{\nheight:50px;\n}\n<\/style>\n<div  class='hr av-lciw8kuy-49acb24a2845441ca2fbe4c8fa536661 hr-invisible  avia-builder-el-3  el_before_av_textblock  avia-builder-el-first '><span class='hr-inner '><span class=\"hr-inner-style\"><\/span><\/span><\/div><br \/>\n<section  class='av_textblock_section av-lciw9bcu-537e86f6e0a21d70b89c29ded1a0f30f '   itemscope=\"itemscope\" itemtype=\"https:\/\/schema.org\/CreativeWork\" ><div class='avia_textblock'  itemprop=\"text\" ><h1 style=\"text-align: center;\">GRUPO CREU GROGA<\/h1>\n<\/div><\/section><br \/>\n\n<style type=\"text\/css\" data-created_by=\"avia_inline_auto\" id=\"style-css-av-lciy6kti-65ed65b4313afe2b11136865ffb2bb91\">\n#top .hr.av-lciy6kti-65ed65b4313afe2b11136865ffb2bb91{\nmargin-top:0px;\nmargin-bottom:10px;\n}\n.hr.av-lciy6kti-65ed65b4313afe2b11136865ffb2bb91 .hr-inner{\nwidth:50px;\nborder-color:#0691a0;\nmax-width:45%;\n}\n.hr.av-lciy6kti-65ed65b4313afe2b11136865ffb2bb91 .av-seperator-icon{\ncolor:#0691a0;\n}\n.hr.av-lciy6kti-65ed65b4313afe2b11136865ffb2bb91 .av-seperator-icon.avia-svg-icon svg:first-child{\nfill:#0691a0;\nstroke:#0691a0;\n}\n<\/style>\n<div  class='hr av-lciy6kti-65ed65b4313afe2b11136865ffb2bb91 hr-custom  avia-builder-el-5  el_after_av_textblock  el_before_av_textblock  hr-center hr-icon-yes'><span class='hr-inner inner-border-av-border-thin'><span class=\"hr-inner-style\"><\/span><\/span><span class='av-seperator-icon avia-iconfont avia-font-entypo-fontello' data-av_icon='\ue8be' data-av_iconfont='entypo-fontello' ><\/span><span class='hr-inner inner-border-av-border-thin'><span class=\"hr-inner-style\"><\/span><\/span><\/div><br \/>\n<section  class='av_textblock_section av-lciyuiem-de2d61e131b38e35bda3350bb4614c42 '   itemscope=\"itemscope\" itemtype=\"https:\/\/schema.org\/CreativeWork\" ><div class='avia_textblock'  itemprop=\"text\" ><p><span style=\"font-weight: 400;\">El CGO M\u00e9dic\u00a0 pertenece al Grupo Creu Groga, que se fund\u00f3 en 1983 en Calella de Mar por los primos Corrales. Desde entonces, el equipo humano ha ido creciendo y con los a\u00f1os han ido llegando nuevos compa\u00f1eros formando una gran familia. A d\u00eda de hoy somos m\u00e1s de 400 profesionales dedicados a la salud y al bienestar de nuestros pacientes. A lo largo de m\u00e1s de 40 a\u00f1os, por desgracia tambi\u00e9n nos han dejado algunos compa\u00f1eros y amigos por el camino que pusieron su granito de arena. Sean estas palabras de recuerdo, un sentido homenaje para ellos.<\/span><\/p>\n<\/div><\/section><br \/>\n\n<style type=\"text\/css\" data-created_by=\"avia_inline_auto\" id=\"style-css-av-av_hr-3a876428eececa9d35452247ddb053af\">\n#top .hr.hr-invisible.av-av_hr-3a876428eececa9d35452247ddb053af{\nheight:50px;\n}\n<\/style>\n<div  class='hr av-av_hr-3a876428eececa9d35452247ddb053af hr-invisible  avia-builder-el-7  el_after_av_textblock  avia-builder-el-last '><span class='hr-inner '><span class=\"hr-inner-style\"><\/span><\/span><\/div><\/p><\/div><div  class='flex_column av-av_one_third-7714eba142aeda1f8b5272a3c372b279 av_one_third  avia-builder-el-8  el_after_av_one_full  el_before_av_one_third  first flex_column_div  column-top-margin'     ><section  class='av_textblock_section av-ld4f05am-d1564ab5188d330ec055244958577c45 '   itemscope=\"itemscope\" itemtype=\"https:\/\/schema.org\/CreativeWork\" ><div class='avia_textblock'  itemprop=\"text\" ><blockquote>\n<h1 class=\"p1\"><span class=\"s1\"><span lang=\"ES-TRAD\" style=\"font-size: 20pt; color: #007c95;\">1983: <\/span><\/span><\/h1>\n<\/blockquote>\n<p><span style=\"font-weight: 400;\">En 1983 naci\u00f3 el Centro M\u00e9dico Creu Groga. Al principio empezamos a trabajar en un local de 50 metros, donde muy ilusionados, nos marcamos como objetivo dar la mejor atenci\u00f3n m\u00e9dica a nuestros vecinos de Calella y del Alto Maresme.<\/span><\/p>\n<\/div><\/section><\/div><div  class='flex_column av-av_one_third-f1c518e9ff58e869f80c8f093487abc9 av_one_third  avia-builder-el-10  el_after_av_one_third  el_before_av_one_third  flex_column_div  column-top-margin'     ><section  class='av_textblock_section av-lcj1w78z-c9ecd27524a8905b5eb5e634d71720d2 '   itemscope=\"itemscope\" itemtype=\"https:\/\/schema.org\/CreativeWork\" ><div class='avia_textblock'  itemprop=\"text\" ><blockquote>\n<h1 class=\"p1\"><span class=\"s1\"><span lang=\"ES-TRAD\" style=\"font-size: 20pt; color: #007c95;\">1992: <\/span><\/span><\/h1>\n<\/blockquote>\n<p><span style=\"font-weight: 400;\">El a\u00f1o 1992 hicimos una ampliaci\u00f3n del centro de Calella, con la misma ilusi\u00f3n que nuestros inicios, pero con m\u00e1s experiencia, as\u00ed nos dimos a conocer a mucha m\u00e1s gente y aumentamos nuestros despachos de consulta, dando entrada a un gran n\u00famero de nuevos profesionales, que despacio nos fueron ayudando a avanzar.<\/span><\/p>\n<\/div><\/section><\/div><div  class='flex_column av-av_one_third-f1c518e9ff58e869f80c8f093487abc9 av_one_third  avia-builder-el-12  el_after_av_one_third  el_before_av_one_third  flex_column_div  column-top-margin'     ><section  class='av_textblock_section av-lcj1vt2n-7a5f04c4f305eabb8c3d0e6ceeddff6d '   itemscope=\"itemscope\" itemtype=\"https:\/\/schema.org\/CreativeWork\" ><div class='avia_textblock'  itemprop=\"text\" ><blockquote>\n<h1 class=\"p1\"><span class=\"s1\"><span lang=\"ES-TRAD\" style=\"font-size: 20pt; color: #007c95;\">2007: <\/span><\/span><\/h1>\n<\/blockquote>\n<p><span style=\"font-weight: 400;\">Aquellas instalaciones enseguida se nos volvieron a quedar peque\u00f1as, de forma que, el 23 de abril del a\u00f1o 2007 nos trasladamos a un edificio nuevo en Calella, de m\u00e1s de 4.000 metros, a pie de la N-II.<\/span><\/p>\n<\/div><\/section><\/div><div  class='flex_column av-av_one_third-7714eba142aeda1f8b5272a3c372b279 av_one_third  avia-builder-el-14  el_after_av_one_third  el_before_av_one_third  first flex_column_div  column-top-margin'     ><section  class='av_textblock_section av-lcj1x09x-0e2c2dea20a2df865618046cdf91b389 '   itemscope=\"itemscope\" itemtype=\"https:\/\/schema.org\/CreativeWork\" ><div class='avia_textblock'  itemprop=\"text\" ><blockquote>\n<h1 class=\"p1\"><span class=\"s1\"><span lang=\"ES-TRAD\" style=\"font-size: 20pt; color: #007c95;\">2019: <\/span><\/span><\/h1>\n<\/blockquote>\n<p><span style=\"font-weight: 400;\">En los \u00faltimos a\u00f1os hemos logrado nuevos retos y hemos crecido para poder continuar con nuestra pasi\u00f3n de velar por la salud de las personas. En esta nueva fase del Grupo, en 2019 pusimos en funcionamiento un nuevo centro m\u00e9dico a Blanes, Polim\u00e8dic Blanes con una metodolog\u00eda de trabajo moderna y eficaz y una tecnolog\u00eda de vanguardia, que son elementos imprescindibles para dar la mejor asistencia de calidad a nuestros pacientes.<\/span><\/p>\n<\/div><\/section><\/div><div  class='flex_column av-av_one_third-f1c518e9ff58e869f80c8f093487abc9 av_one_third  avia-builder-el-16  el_after_av_one_third  el_before_av_one_third  flex_column_div  column-top-margin'     ><section  class='av_textblock_section av-lcj1xbu8-57ff86a97ad4e60702d86b89be565efc '   itemscope=\"itemscope\" itemtype=\"https:\/\/schema.org\/CreativeWork\" ><div class='avia_textblock'  itemprop=\"text\" ><blockquote>\n<h1 class=\"p1\"><span class=\"s1\"><span lang=\"ES-TRAD\" style=\"font-size: 20pt; color: #007c95;\">2020: <\/span><\/span><\/h1>\n<\/blockquote>\n<p><span style=\"font-weight: 400;\">Con el af\u00e1n de mejora constante y de poder ofrecer a nuestros pacientes un servicio integral de consultas y quir\u00f3fanos propios, en 2020 salimos adelante nuestra apuesta m\u00e1s tit\u00e1nica, El Hospital Cl\u00ednic Maresme situado en el centro de la ciudad de Matar\u00f3, capital del Maresme, con un nuevo concepto de hospital privado que sin duda es un referente en cirug\u00eda y especialidades m\u00e9dicas en toda la comarca.<\/span><\/p>\n<\/div><\/section><\/div><div  class='flex_column av-av_one_third-f1c518e9ff58e869f80c8f093487abc9 av_one_third  avia-builder-el-18  el_after_av_one_third  el_before_av_one_full  flex_column_div  column-top-margin'     ><section  class='av_textblock_section av-lcj1y148-d13aa60b4fda464e701fd3ee2bcece02 '   itemscope=\"itemscope\" itemtype=\"https:\/\/schema.org\/CreativeWork\" ><div class='avia_textblock'  itemprop=\"text\" ><blockquote>\n<h1 class=\"p1\"><span class=\"s1\"><span lang=\"ES-TRAD\" style=\"font-size: 20pt; color: #007c95;\">2021: <\/span><\/span><\/h1>\n<\/blockquote>\n<p><span style=\"font-weight: 400;\">Y este a\u00f1o hemos puesto en marcha un proyecto muy ilusionante, El instituto de Medicina Est\u00e9tica Avanza Creu Groga\u00a0 ubicado en el edificio de Calella de Mar, donde una vez m\u00e1s el Grupo Creu Groga\u00a0 quiere seguir ofreciendo los mejores servicios en Dermatolog\u00eda y Cirug\u00eda Est\u00e9tica avanzada, con un cuadro m\u00e9dico excelente y una experiencia de m\u00e1s de 40 a\u00f1os.<\/span><\/p>\n<\/div><\/section><\/div><div  class='flex_column av-av_one_full-7714eba142aeda1f8b5272a3c372b279 av_one_full  avia-builder-el-20  el_after_av_one_third  avia-builder-el-last  first flex_column_div  column-top-margin'     ><section  class='av_textblock_section av-lkgv9olj-d8372ba64a8bdd8e6fcda91f5651d7da '   itemscope=\"itemscope\" itemtype=\"https:\/\/schema.org\/CreativeWork\" ><div class='avia_textblock'  itemprop=\"text\" ><blockquote>\n<h1 class=\"p1\"><span class=\"s1\"><span lang=\"ES-TRAD\" style=\"font-size: 20pt; color: #007c95;\">2022: <\/span><\/span><\/h1>\n<\/blockquote>\n<p>Durante el a\u00f1o 2022, Creu Groga adquiere dos de los centros colaboradores en la ciudad de Matar\u00f3. El CGO M\u00e8dic como centro especializado en ginecolog\u00eda y obstetricia y dedicado a la asistencia integral de la mujer desde la infancia hasta la senectud, ya colaboraba desde hac\u00eda a\u00f1os gestionando la especialidad dentro de Creu Groga. Por \u00faltimo, se llega un acuerdo para una integraci\u00f3n completa dentro del Grupo Creu Groga y conseguir mejorar la salud de la mujer de forma global.<\/p>\n<p>En el mismo a\u00f1o, Grup Creu Groga entra en conversaciones con los m\u00e9dicos gestores del Centre M\u00e8dic Matar\u00f3 y llega un acuerdo para que se incorporen al Grupo integrando sus consultas externas y servicios m\u00e9dicos dentro del Hospital Cl\u00ednic Maresme.<\/p>\n<p>Con estas dos adquisiciones, el Grup Creu Groga consigue posicionarse como centro m\u00e9dico de referencia en la ciudad de Matar\u00f3 y comarca del Maresme.<\/p>\n<\/div><\/section><\/div>\n","protected":false},"excerpt":{"rendered":"","protected":false},"author":2,"featured_media":0,"parent":0,"menu_order":0,"comment_status":"closed","ping_status":"closed","template":"","meta":{"footnotes":""},"class_list":["post-1016","page","type-page","status-publish","hentry"],"yoast_head":"<!-- This site is optimized with the Yoast SEO plugin v27.4 - https:\/\/yoast.com\/product\/yoast-seo-wordpress\/ -->\n<title>Grupo Creu Groga - CGO Grup Creu Groga<\/title>\n<meta name=\"robots\" content=\"index, follow, max-snippet:-1, max-image-preview:large, max-video-preview:-1\" \/>\n<link rel=\"canonical\" href=\"https:\/\/cgogrupcreugroga.com\/es\/grup-creu-groga\/\" \/>\n<meta property=\"og:locale\" content=\"es_ES\" \/>\n<meta property=\"og:type\" content=\"article\" \/>\n<meta property=\"og:title\" content=\"Grupo Creu Groga - CGO Grup Creu Groga\" \/>\n<meta property=\"og:url\" content=\"https:\/\/cgogrupcreugroga.com\/es\/grup-creu-groga\/\" \/>\n<meta property=\"og:site_name\" content=\"CGO Grup Creu Groga\" \/>\n<meta property=\"article:modified_time\" content=\"2023-07-24T12:52:26+00:00\" \/>\n<meta name=\"twitter:card\" content=\"summary_large_image\" \/>\n<meta name=\"twitter:label1\" content=\"Tiempo de lectura\" \/>\n\t<meta name=\"twitter:data1\" content=\"8 minutos\" \/>\n<script type=\"application\/ld+json\" class=\"yoast-schema-graph\">{\"@context\":\"https:\\\/\\\/schema.org\",\"@graph\":[{\"@type\":\"WebPage\",\"@id\":\"https:\\\/\\\/cgogrupcreugroga.com\\\/es\\\/grup-creu-groga\\\/\",\"url\":\"https:\\\/\\\/cgogrupcreugroga.com\\\/es\\\/grup-creu-groga\\\/\",\"name\":\"Grupo Creu Groga - CGO Grup Creu Groga\",\"isPartOf\":{\"@id\":\"https:\\\/\\\/cgogrupcreugroga.com\\\/es\\\/#website\"},\"datePublished\":\"2023-01-05T12:16:07+00:00\",\"dateModified\":\"2023-07-24T12:52:26+00:00\",\"breadcrumb\":{\"@id\":\"https:\\\/\\\/cgogrupcreugroga.com\\\/es\\\/grup-creu-groga\\\/#breadcrumb\"},\"inLanguage\":\"es\",\"potentialAction\":[{\"@type\":\"ReadAction\",\"target\":[\"https:\\\/\\\/cgogrupcreugroga.com\\\/es\\\/grup-creu-groga\\\/\"]}]},{\"@type\":\"BreadcrumbList\",\"@id\":\"https:\\\/\\\/cgogrupcreugroga.com\\\/es\\\/grup-creu-groga\\\/#breadcrumb\",\"itemListElement\":[{\"@type\":\"ListItem\",\"position\":1,\"name\":\"Portada\",\"item\":\"https:\\\/\\\/cgogrupcreugroga.com\\\/es\\\/inici\\\/\"},{\"@type\":\"ListItem\",\"position\":2,\"name\":\"Grupo Creu Groga\"}]},{\"@type\":\"WebSite\",\"@id\":\"https:\\\/\\\/cgogrupcreugroga.com\\\/es\\\/#website\",\"url\":\"https:\\\/\\\/cgogrupcreugroga.com\\\/es\\\/\",\"name\":\"CGO Grup Creu Groga\",\"description\":\"Just another WordPress site\",\"publisher\":{\"@id\":\"https:\\\/\\\/cgogrupcreugroga.com\\\/es\\\/#organization\"},\"potentialAction\":[{\"@type\":\"SearchAction\",\"target\":{\"@type\":\"EntryPoint\",\"urlTemplate\":\"https:\\\/\\\/cgogrupcreugroga.com\\\/es\\\/?s={search_term_string}\"},\"query-input\":{\"@type\":\"PropertyValueSpecification\",\"valueRequired\":true,\"valueName\":\"search_term_string\"}}],\"inLanguage\":\"es\"},{\"@type\":\"Organization\",\"@id\":\"https:\\\/\\\/cgogrupcreugroga.com\\\/es\\\/#organization\",\"name\":\"CGO Grup Creu Groga\",\"url\":\"https:\\\/\\\/cgogrupcreugroga.com\\\/es\\\/\",\"logo\":{\"@type\":\"ImageObject\",\"inLanguage\":\"es\",\"@id\":\"https:\\\/\\\/cgogrupcreugroga.com\\\/es\\\/#\\\/schema\\\/logo\\\/image\\\/\",\"url\":\"https:\\\/\\\/cgogrupcreugroga.com\\\/wp-content\\\/uploads\\\/2022\\\/10\\\/LogosWeb-CGO-Footer.png\",\"contentUrl\":\"https:\\\/\\\/cgogrupcreugroga.com\\\/wp-content\\\/uploads\\\/2022\\\/10\\\/LogosWeb-CGO-Footer.png\",\"width\":300,\"height\":300,\"caption\":\"CGO Grup Creu Groga\"},\"image\":{\"@id\":\"https:\\\/\\\/cgogrupcreugroga.com\\\/es\\\/#\\\/schema\\\/logo\\\/image\\\/\"}}]}<\/script>\n<!-- \/ Yoast SEO plugin. -->","yoast_head_json":{"title":"Grupo Creu Groga - CGO Grup Creu Groga","robots":{"index":"index","follow":"follow","max-snippet":"max-snippet:-1","max-image-preview":"max-image-preview:large","max-video-preview":"max-video-preview:-1"},"canonical":"https:\/\/cgogrupcreugroga.com\/es\/grup-creu-groga\/","og_locale":"es_ES","og_type":"article","og_title":"Grupo Creu Groga - CGO Grup Creu Groga","og_url":"https:\/\/cgogrupcreugroga.com\/es\/grup-creu-groga\/","og_site_name":"CGO Grup Creu Groga","article_modified_time":"2023-07-24T12:52:26+00:00","twitter_card":"summary_large_image","twitter_misc":{"Tiempo de lectura":"8 minutos"},"schema":{"@context":"https:\/\/schema.org","@graph":[{"@type":"WebPage","@id":"https:\/\/cgogrupcreugroga.com\/es\/grup-creu-groga\/","url":"https:\/\/cgogrupcreugroga.com\/es\/grup-creu-groga\/","name":"Grupo Creu Groga - CGO Grup Creu Groga","isPartOf":{"@id":"https:\/\/cgogrupcreugroga.com\/es\/#website"},"datePublished":"2023-01-05T12:16:07+00:00","dateModified":"2023-07-24T12:52:26+00:00","breadcrumb":{"@id":"https:\/\/cgogrupcreugroga.com\/es\/grup-creu-groga\/#breadcrumb"},"inLanguage":"es","potentialAction":[{"@type":"ReadAction","target":["https:\/\/cgogrupcreugroga.com\/es\/grup-creu-groga\/"]}]},{"@type":"BreadcrumbList","@id":"https:\/\/cgogrupcreugroga.com\/es\/grup-creu-groga\/#breadcrumb","itemListElement":[{"@type":"ListItem","position":1,"name":"Portada","item":"https:\/\/cgogrupcreugroga.com\/es\/inici\/"},{"@type":"ListItem","position":2,"name":"Grupo Creu Groga"}]},{"@type":"WebSite","@id":"https:\/\/cgogrupcreugroga.com\/es\/#website","url":"https:\/\/cgogrupcreugroga.com\/es\/","name":"CGO Grup Creu Groga","description":"Just another WordPress site","publisher":{"@id":"https:\/\/cgogrupcreugroga.com\/es\/#organization"},"potentialAction":[{"@type":"SearchAction","target":{"@type":"EntryPoint","urlTemplate":"https:\/\/cgogrupcreugroga.com\/es\/?s={search_term_string}"},"query-input":{"@type":"PropertyValueSpecification","valueRequired":true,"valueName":"search_term_string"}}],"inLanguage":"es"},{"@type":"Organization","@id":"https:\/\/cgogrupcreugroga.com\/es\/#organization","name":"CGO Grup Creu Groga","url":"https:\/\/cgogrupcreugroga.com\/es\/","logo":{"@type":"ImageObject","inLanguage":"es","@id":"https:\/\/cgogrupcreugroga.com\/es\/#\/schema\/logo\/image\/","url":"https:\/\/cgogrupcreugroga.com\/wp-content\/uploads\/2022\/10\/LogosWeb-CGO-Footer.png","contentUrl":"https:\/\/cgogrupcreugroga.com\/wp-content\/uploads\/2022\/10\/LogosWeb-CGO-Footer.png","width":300,"height":300,"caption":"CGO Grup Creu Groga"},"image":{"@id":"https:\/\/cgogrupcreugroga.com\/es\/#\/schema\/logo\/image\/"}}]}},"_links":{"self":[{"href":"https:\/\/cgogrupcreugroga.com\/es\/wp-json\/wp\/v2\/pages\/1016","targetHints":{"allow":["GET"]}}],"collection":[{"href":"https:\/\/cgogrupcreugroga.com\/es\/wp-json\/wp\/v2\/pages"}],"about":[{"href":"https:\/\/cgogrupcreugroga.com\/es\/wp-json\/wp\/v2\/types\/page"}],"author":[{"embeddable":true,"href":"https:\/\/cgogrupcreugroga.com\/es\/wp-json\/wp\/v2\/users\/2"}],"replies":[{"embeddable":true,"href":"https:\/\/cgogrupcreugroga.com\/es\/wp-json\/wp\/v2\/comments?post=1016"}],"version-history":[{"count":0,"href":"https:\/\/cgogrupcreugroga.com\/es\/wp-json\/wp\/v2\/pages\/1016\/revisions"}],"wp:attachment":[{"href":"https:\/\/cgogrupcreugroga.com\/es\/wp-json\/wp\/v2\/media?parent=1016"}],"curies":[{"name":"wp","href":"https:\/\/api.w.org\/{rel}","templated":true}]}}