{"id":1049,"date":"2022-11-24T10:30:26","date_gmt":"2022-11-24T10:30:26","guid":{"rendered":"https:\/\/cgo.h2ocomunicacio.com\/mamograf-digital-canon-planmed-clarity\/"},"modified":"2023-08-08T10:03:21","modified_gmt":"2023-08-08T10:03:21","slug":"mamograf-digital-canon-planmed-clarity","status":"publish","type":"page","link":"https:\/\/cgogrupcreugroga.com\/es\/especialitats\/ginecologia-i-obstetricia\/senologia-patologia-de-la-mama\/mamograf-digital-canon-planmed-clarity\/","title":{"rendered":"Mam\u00f2graf digital Canon Planmed Clarity"},"content":{"rendered":"<div id='av_section_1'  class='avia-section av-daoo-c32064a0c9e2e2c6c85d6e6e7ca84ddd main_color avia-section-default avia-no-border-styling  avia-builder-el-0  avia-builder-el-no-sibling  avia-bg-style-scroll container_wrap fullsize'  ><div class='container av-section-cont-open' ><main  role=\"main\" itemprop=\"mainContentOfPage\"  class='template-page content  av-content-full alpha units'><div class='post-entry post-entry-type-page post-entry-1049'><div class='entry-content-wrapper clearfix'>\n<div  class='flex_column av-v87qo-a26d76ac25ecc09cb10618066a7012a7 av_one_full  avia-builder-el-1  el_before_av_one_half  avia-builder-el-first  first flex_column_div  '     ><section  class='av_textblock_section av-laux81x7-2158c9e00cb3283dae54c3e53afbcafd '   itemscope=\"itemscope\" itemtype=\"https:\/\/schema.org\/CreativeWork\" ><div class='avia_textblock'  itemprop=\"text\" ><blockquote>\n<h2><b>Mam\u00f2graf digital Canon Planmed Clarity<\/b><\/h2>\n<\/blockquote>\n<\/div><\/section><\/div><div  class='flex_column av-rmyyo-7361c69a8a9c89b20d7d6bf0bdd05d6d av_one_half  avia-builder-el-3  el_after_av_one_full  el_before_av_one_half  first flex_column_div  column-top-margin'     ><section  class='av_textblock_section av-lauxcdtb-c9b1832ce01e7b2b15a0bd2ef7b7e4bd '   itemscope=\"itemscope\" itemtype=\"https:\/\/schema.org\/CreativeWork\" ><div class='avia_textblock'  itemprop=\"text\" ><div class=\"column mcb-column one column_column\">\n<div class=\"column_attr clearfix align_left\">\n<p>Descobreix el nou<b> sistema de mamografia digital Canon Planmed Clarity<\/b>, primera en el Maresme.<\/p>\n<p>Obtenci\u00f3 d&#8217;<b>imatges 3d<\/b> amb la t\u00e8cnica tomos\u00edntesi que aconsegueix detectar abans el c\u00e0ncer de mama i altres patologies.<\/p>\n<p>El resultat \u00e9s un diagn\u00f2stic m\u00e9s prec\u00eds, menys mol\u00e8sties i amb menys exposici\u00f3 a la radiaci\u00f3.<\/p>\n<p>Noves t\u00e8cniques de diagn\u00f2stic: estereot\u00e0xia<span class=\"hiddenGrammarError\">\u00a0,<\/span>\u00a0<span class=\"hiddenSpellError\">BAG<\/span>,\u00a0tomos\u00edntesi,\u00a0<span class=\"hiddenSpellError\">elastografia<\/span>, Eco\u00a0Doppler.<\/p>\n<\/div>\n<\/div>\n<div class=\"column mcb-column one column_column\">\n<div class=\"column_attr clearfix align_left\">\n<h5>\u00bfEN QU\u00c8 CONSISTEIX LA TOMOS\u00cdNTESI DIGITAL MAMARIA 3D?<\/h5>\n<p>La tomos\u00edntesi digital mam\u00e0ria (DBT) es tracta d&#8217;un m\u00e8tode avan\u00e7at que s&#8217;aplica normalment amb fins diagn\u00f2stics.<\/p>\n<p>Es realitza un escaneig de la mama sobre un arc de 30 graus, durant el qual es fan m\u00faltiples imatges de raig X per crear una imatge 3D que mostra estructures de teixit amb m\u00e9s detalls.<\/p>\n<\/div>\n<\/div>\n<div class=\"column mcb-column one column_column\">\n<div class=\"column_attr clearfix align_left\">\n<h5>AVANTATGES<\/h5>\n<p>La DBT genera una pila d&#8217;imatges transversals n\u00edtides de la mama.<\/p>\n<\/div>\n<\/div>\n<div class=\"column mcb-column one column_column\">\n<div class=\"column_attr clearfix align_left\"><\/div>\n<\/div>\n<div class=\"column mcb-column one column_column\">\n<div class=\"column_attr clearfix align_left\"><\/div>\n<\/div>\n<\/div><\/section><\/div><div  class='flex_column av-khjzk-c1a63c6388a038792d099f0a5930dba4 av_one_half  avia-builder-el-5  el_after_av_one_half  el_before_av_one_half  flex_column_div  column-top-margin'     ><section  class='av_textblock_section av-lauxabxk-c3b48aa931a92e49140b10b393c16226 '   itemscope=\"itemscope\" itemtype=\"https:\/\/schema.org\/CreativeWork\" ><div class='avia_textblock'  itemprop=\"text\" ><div class=\"column mcb-column one column_column\">\n<div class=\"column_attr clearfix align_left\"><\/div>\n<\/div>\n<div class=\"column mcb-column one column_column\">\n<div class=\"column_attr clearfix align_left\">\n<p>Amb el menor solapament de teixit d&#8217;imatges, les c\u00e8l\u00b7lules canceroses\u00a0tenen menys llocs on poder ocultar-se.<\/p>\n<p>Degut a l&#8217;adquisici\u00f3 per mitj\u00e0 d&#8217;un escaneig, el temps de compressi\u00f3 \u00e9s lleugerament superior al d&#8217;un examen 2D.<\/p>\n<h5><span style=\"font-weight: 600;\">EL M\u00c8TODE DE PLANMED PER OBTENIR IMATGES DE TOMOS\u00cdNTESI DIGITAL MAM\u00c0RIA<\/span><\/h5>\n<\/div>\n<\/div>\n<div class=\"column mcb-column one column_column\">\n<div class=\"column_attr clearfix align_left\">\n<p>El m\u00e8tode \u00fanic de processament d&#8217;imatges amb sincronitzaci\u00f3 i presa cont\u00ednua de Planmed permet aconseguir imatges de tomos\u00edntesi d&#8217;una claredat excepcional, amb una gran visibilitat de les microcalcificacions i altres estructures delicades.<\/p>\n<\/div>\n<\/div>\n<div class=\"column mcb-column one column_column\">\n<div class=\"column_attr clearfix align_left\">\n<h5>CONSULTI M\u00c9S &#8211; AMB CLARITY.<\/h5>\n<p>Planmed Clarity\u2122 3D permet el processament d&#8217;imatges 2D (digitals de camp complet) i 3D (tomos\u00edntesi digital mam\u00e0ria).<\/p>\n<p>El sistema\u00a0<span class=\"hiddenSpellError\">Planmed<\/span>\u00a0<span class=\"hiddenSpellError\">Clarity<\/span>\u00a0admet tant ex\u00e0mens de\u00a0<span class=\"hiddenSpellError\">cribatge<\/span>\u00a0i\u00a0proves\u00a0addicionals\u00a0com els procediments de\u00a0bi\u00f2psia.<\/p>\n<\/div>\n<\/div>\n<\/div><\/section><\/div><div  class='flex_column av-dpuu8-e9b5cccc19d8d817a173f50f7494a680 av_one_half  avia-builder-el-7  el_after_av_one_half  el_before_av_one_half  first flex_column_div  column-top-margin'     ><style type=\"text\/css\" data-created_by=\"avia_inline_auto\" id=\"style-css-av-lauxnjdv-086192850a7c0824f52f016840d4d352\">\n.avia-image-container.av-lauxnjdv-086192850a7c0824f52f016840d4d352 img.avia_image{\nbox-shadow:none;\n}\n.avia-image-container.av-lauxnjdv-086192850a7c0824f52f016840d4d352 .av-image-caption-overlay-center{\ncolor:#ffffff;\n}\n<\/style>\n<div  class='avia-image-container av-lauxnjdv-086192850a7c0824f52f016840d4d352 av-styling- avia-align-center  avia-builder-el-8  avia-builder-el-no-sibling '   itemprop=\"image\" itemscope=\"itemscope\" itemtype=\"https:\/\/schema.org\/ImageObject\" ><div class=\"avia-image-container-inner\"><div class=\"avia-image-overlay-wrap\"><img decoding=\"async\" fetchpriority=\"high\" class='wp-image-384 avia-img-lazy-loading-not-384 avia_image ' src=\"https:\/\/cgogrupcreugroga.com\/wp-content\/uploads\/2022\/11\/Mamograf-CGO.jpg\" alt='' title='Mamograf-CGO'  height=\"610\" width=\"750\"  itemprop=\"thumbnailUrl\" srcset=\"https:\/\/cgogrupcreugroga.com\/wp-content\/uploads\/2022\/11\/Mamograf-CGO.jpg 750w, https:\/\/cgogrupcreugroga.com\/wp-content\/uploads\/2022\/11\/Mamograf-CGO-300x244.jpg 300w, https:\/\/cgogrupcreugroga.com\/wp-content\/uploads\/2022\/11\/Mamograf-CGO-705x573.jpg 705w, https:\/\/cgogrupcreugroga.com\/wp-content\/uploads\/2022\/11\/Mamograf-CGO-221x180.jpg 221w\" sizes=\"(max-width: 750px) 100vw, 750px\" \/><\/div><\/div><\/div><\/div><div  class='flex_column av-8qbvk-b3da895dc6ed3b2140162acc5a13504f av_one_half  avia-builder-el-9  el_after_av_one_half  avia-builder-el-last  flex_column_div  column-top-margin'     ><style type=\"text\/css\" data-created_by=\"avia_inline_auto\" id=\"style-css-av-lauxnvko-ef9a32930be2aed43ccffb1214a477aa\">\n.avia-image-container.av-lauxnvko-ef9a32930be2aed43ccffb1214a477aa img.avia_image{\nbox-shadow:none;\n}\n.avia-image-container.av-lauxnvko-ef9a32930be2aed43ccffb1214a477aa .av-image-caption-overlay-center{\ncolor:#ffffff;\n}\n<\/style>\n<div  class='avia-image-container av-lauxnvko-ef9a32930be2aed43ccffb1214a477aa av-styling- avia-align-center  avia-builder-el-10  avia-builder-el-no-sibling '   itemprop=\"image\" itemscope=\"itemscope\" itemtype=\"https:\/\/schema.org\/ImageObject\" ><div class=\"avia-image-container-inner\"><div class=\"avia-image-overlay-wrap\"><img decoding=\"async\" fetchpriority=\"high\" class='wp-image-382 avia-img-lazy-loading-not-382 avia_image ' src=\"https:\/\/cgogrupcreugroga.com\/wp-content\/uploads\/2022\/11\/Mamograf-2-CGO.jpg\" alt='' title='Mamograf-2-CGO'  height=\"1219\" width=\"1500\"  itemprop=\"thumbnailUrl\" srcset=\"https:\/\/cgogrupcreugroga.com\/wp-content\/uploads\/2022\/11\/Mamograf-2-CGO.jpg 1500w, https:\/\/cgogrupcreugroga.com\/wp-content\/uploads\/2022\/11\/Mamograf-2-CGO-300x244.jpg 300w, https:\/\/cgogrupcreugroga.com\/wp-content\/uploads\/2022\/11\/Mamograf-2-CGO-1030x837.jpg 1030w, https:\/\/cgogrupcreugroga.com\/wp-content\/uploads\/2022\/11\/Mamograf-2-CGO-768x624.jpg 768w, https:\/\/cgogrupcreugroga.com\/wp-content\/uploads\/2022\/11\/Mamograf-2-CGO-705x573.jpg 705w, https:\/\/cgogrupcreugroga.com\/wp-content\/uploads\/2022\/11\/Mamograf-2-CGO-221x180.jpg 221w\" sizes=\"(max-width: 1500px) 100vw, 1500px\" \/><\/div><\/div><\/div><\/div>\n","protected":false},"excerpt":{"rendered":"","protected":false},"author":2,"featured_media":0,"parent":1050,"menu_order":0,"comment_status":"closed","ping_status":"closed","template":"","meta":{"footnotes":""},"class_list":["post-1049","page","type-page","status-publish","hentry"],"yoast_head":"<!-- This site is optimized with the Yoast SEO plugin v27.5 - https:\/\/yoast.com\/product\/yoast-seo-wordpress\/ -->\n<title>Mam\u00f2graf digital Canon Planmed Clarity - CGO Grup Creu Groga<\/title>\n<meta name=\"robots\" content=\"index, follow, max-snippet:-1, max-image-preview:large, max-video-preview:-1\" \/>\n<link rel=\"canonical\" href=\"https:\/\/cgogrupcreugroga.com\/es\/especialitats\/ginecologia-i-obstetricia\/senologia-patologia-de-la-mama\/mamograf-digital-canon-planmed-clarity\/\" \/>\n<meta property=\"og:locale\" content=\"es_ES\" \/>\n<meta property=\"og:type\" content=\"article\" \/>\n<meta property=\"og:title\" content=\"Mam\u00f2graf digital Canon Planmed Clarity - CGO Grup Creu Groga\" \/>\n<meta property=\"og:url\" content=\"https:\/\/cgogrupcreugroga.com\/es\/especialitats\/ginecologia-i-obstetricia\/senologia-patologia-de-la-mama\/mamograf-digital-canon-planmed-clarity\/\" \/>\n<meta property=\"og:site_name\" content=\"CGO Grup Creu Groga\" \/>\n<meta property=\"article:modified_time\" content=\"2023-08-08T10:03:21+00:00\" \/>\n<meta name=\"twitter:card\" content=\"summary_large_image\" \/>\n<meta name=\"twitter:label1\" content=\"Tiempo de lectura\" \/>\n\t<meta name=\"twitter:data1\" content=\"18 minutos\" \/>\n<script type=\"application\/ld+json\" class=\"yoast-schema-graph\">{\"@context\":\"https:\\\/\\\/schema.org\",\"@graph\":[{\"@type\":\"WebPage\",\"@id\":\"https:\\\/\\\/cgogrupcreugroga.com\\\/es\\\/especialitats\\\/ginecologia-i-obstetricia\\\/senologia-patologia-de-la-mama\\\/mamograf-digital-canon-planmed-clarity\\\/\",\"url\":\"https:\\\/\\\/cgogrupcreugroga.com\\\/es\\\/especialitats\\\/ginecologia-i-obstetricia\\\/senologia-patologia-de-la-mama\\\/mamograf-digital-canon-planmed-clarity\\\/\",\"name\":\"Mam\u00f2graf digital Canon Planmed Clarity - CGO Grup Creu Groga\",\"isPartOf\":{\"@id\":\"https:\\\/\\\/cgogrupcreugroga.com\\\/es\\\/#website\"},\"datePublished\":\"2022-11-24T10:30:26+00:00\",\"dateModified\":\"2023-08-08T10:03:21+00:00\",\"breadcrumb\":{\"@id\":\"https:\\\/\\\/cgogrupcreugroga.com\\\/es\\\/especialitats\\\/ginecologia-i-obstetricia\\\/senologia-patologia-de-la-mama\\\/mamograf-digital-canon-planmed-clarity\\\/#breadcrumb\"},\"inLanguage\":\"es\",\"potentialAction\":[{\"@type\":\"ReadAction\",\"target\":[\"https:\\\/\\\/cgogrupcreugroga.com\\\/es\\\/especialitats\\\/ginecologia-i-obstetricia\\\/senologia-patologia-de-la-mama\\\/mamograf-digital-canon-planmed-clarity\\\/\"]}]},{\"@type\":\"BreadcrumbList\",\"@id\":\"https:\\\/\\\/cgogrupcreugroga.com\\\/es\\\/especialitats\\\/ginecologia-i-obstetricia\\\/senologia-patologia-de-la-mama\\\/mamograf-digital-canon-planmed-clarity\\\/#breadcrumb\",\"itemListElement\":[{\"@type\":\"ListItem\",\"position\":1,\"name\":\"Portada\",\"item\":\"https:\\\/\\\/cgogrupcreugroga.com\\\/es\\\/inici\\\/\"},{\"@type\":\"ListItem\",\"position\":2,\"name\":\"Especialitats\",\"item\":\"https:\\\/\\\/cgogrupcreugroga.com\\\/es\\\/especialitats\\\/\"},{\"@type\":\"ListItem\",\"position\":3,\"name\":\"Ginecologia i obstetr\u00edcia\",\"item\":\"https:\\\/\\\/cgogrupcreugroga.com\\\/es\\\/especialitats\\\/ginecologia-i-obstetricia\\\/\"},{\"@type\":\"ListItem\",\"position\":4,\"name\":\"Senolog\u00eda Patolog\u00eda de la Mama\",\"item\":\"https:\\\/\\\/cgogrupcreugroga.com\\\/es\\\/especialitats\\\/ginecologia-i-obstetricia\\\/senologia-patologia-de-la-mama\\\/\"},{\"@type\":\"ListItem\",\"position\":5,\"name\":\"Mam\u00f2graf digital Canon Planmed Clarity\"}]},{\"@type\":\"WebSite\",\"@id\":\"https:\\\/\\\/cgogrupcreugroga.com\\\/es\\\/#website\",\"url\":\"https:\\\/\\\/cgogrupcreugroga.com\\\/es\\\/\",\"name\":\"CGO Grup Creu Groga\",\"description\":\"Just another WordPress site\",\"publisher\":{\"@id\":\"https:\\\/\\\/cgogrupcreugroga.com\\\/es\\\/#organization\"},\"potentialAction\":[{\"@type\":\"SearchAction\",\"target\":{\"@type\":\"EntryPoint\",\"urlTemplate\":\"https:\\\/\\\/cgogrupcreugroga.com\\\/es\\\/?s={search_term_string}\"},\"query-input\":{\"@type\":\"PropertyValueSpecification\",\"valueRequired\":true,\"valueName\":\"search_term_string\"}}],\"inLanguage\":\"es\"},{\"@type\":\"Organization\",\"@id\":\"https:\\\/\\\/cgogrupcreugroga.com\\\/es\\\/#organization\",\"name\":\"CGO Grup Creu Groga\",\"url\":\"https:\\\/\\\/cgogrupcreugroga.com\\\/es\\\/\",\"logo\":{\"@type\":\"ImageObject\",\"inLanguage\":\"es\",\"@id\":\"https:\\\/\\\/cgogrupcreugroga.com\\\/es\\\/#\\\/schema\\\/logo\\\/image\\\/\",\"url\":\"https:\\\/\\\/cgogrupcreugroga.com\\\/wp-content\\\/uploads\\\/2022\\\/10\\\/LogosWeb-CGO-Footer.png\",\"contentUrl\":\"https:\\\/\\\/cgogrupcreugroga.com\\\/wp-content\\\/uploads\\\/2022\\\/10\\\/LogosWeb-CGO-Footer.png\",\"width\":300,\"height\":300,\"caption\":\"CGO Grup Creu Groga\"},\"image\":{\"@id\":\"https:\\\/\\\/cgogrupcreugroga.com\\\/es\\\/#\\\/schema\\\/logo\\\/image\\\/\"}}]}<\/script>\n<!-- \/ Yoast SEO plugin. -->","yoast_head_json":{"title":"Mam\u00f2graf digital Canon Planmed Clarity - CGO Grup Creu Groga","robots":{"index":"index","follow":"follow","max-snippet":"max-snippet:-1","max-image-preview":"max-image-preview:large","max-video-preview":"max-video-preview:-1"},"canonical":"https:\/\/cgogrupcreugroga.com\/es\/especialitats\/ginecologia-i-obstetricia\/senologia-patologia-de-la-mama\/mamograf-digital-canon-planmed-clarity\/","og_locale":"es_ES","og_type":"article","og_title":"Mam\u00f2graf digital Canon Planmed Clarity - CGO Grup Creu Groga","og_url":"https:\/\/cgogrupcreugroga.com\/es\/especialitats\/ginecologia-i-obstetricia\/senologia-patologia-de-la-mama\/mamograf-digital-canon-planmed-clarity\/","og_site_name":"CGO Grup Creu Groga","article_modified_time":"2023-08-08T10:03:21+00:00","twitter_card":"summary_large_image","twitter_misc":{"Tiempo de lectura":"18 minutos"},"schema":{"@context":"https:\/\/schema.org","@graph":[{"@type":"WebPage","@id":"https:\/\/cgogrupcreugroga.com\/es\/especialitats\/ginecologia-i-obstetricia\/senologia-patologia-de-la-mama\/mamograf-digital-canon-planmed-clarity\/","url":"https:\/\/cgogrupcreugroga.com\/es\/especialitats\/ginecologia-i-obstetricia\/senologia-patologia-de-la-mama\/mamograf-digital-canon-planmed-clarity\/","name":"Mam\u00f2graf digital Canon Planmed Clarity - CGO Grup Creu Groga","isPartOf":{"@id":"https:\/\/cgogrupcreugroga.com\/es\/#website"},"datePublished":"2022-11-24T10:30:26+00:00","dateModified":"2023-08-08T10:03:21+00:00","breadcrumb":{"@id":"https:\/\/cgogrupcreugroga.com\/es\/especialitats\/ginecologia-i-obstetricia\/senologia-patologia-de-la-mama\/mamograf-digital-canon-planmed-clarity\/#breadcrumb"},"inLanguage":"es","potentialAction":[{"@type":"ReadAction","target":["https:\/\/cgogrupcreugroga.com\/es\/especialitats\/ginecologia-i-obstetricia\/senologia-patologia-de-la-mama\/mamograf-digital-canon-planmed-clarity\/"]}]},{"@type":"BreadcrumbList","@id":"https:\/\/cgogrupcreugroga.com\/es\/especialitats\/ginecologia-i-obstetricia\/senologia-patologia-de-la-mama\/mamograf-digital-canon-planmed-clarity\/#breadcrumb","itemListElement":[{"@type":"ListItem","position":1,"name":"Portada","item":"https:\/\/cgogrupcreugroga.com\/es\/inici\/"},{"@type":"ListItem","position":2,"name":"Especialitats","item":"https:\/\/cgogrupcreugroga.com\/es\/especialitats\/"},{"@type":"ListItem","position":3,"name":"Ginecologia i obstetr\u00edcia","item":"https:\/\/cgogrupcreugroga.com\/es\/especialitats\/ginecologia-i-obstetricia\/"},{"@type":"ListItem","position":4,"name":"Senolog\u00eda Patolog\u00eda de la Mama","item":"https:\/\/cgogrupcreugroga.com\/es\/especialitats\/ginecologia-i-obstetricia\/senologia-patologia-de-la-mama\/"},{"@type":"ListItem","position":5,"name":"Mam\u00f2graf digital Canon Planmed Clarity"}]},{"@type":"WebSite","@id":"https:\/\/cgogrupcreugroga.com\/es\/#website","url":"https:\/\/cgogrupcreugroga.com\/es\/","name":"CGO Grup Creu Groga","description":"Just another WordPress site","publisher":{"@id":"https:\/\/cgogrupcreugroga.com\/es\/#organization"},"potentialAction":[{"@type":"SearchAction","target":{"@type":"EntryPoint","urlTemplate":"https:\/\/cgogrupcreugroga.com\/es\/?s={search_term_string}"},"query-input":{"@type":"PropertyValueSpecification","valueRequired":true,"valueName":"search_term_string"}}],"inLanguage":"es"},{"@type":"Organization","@id":"https:\/\/cgogrupcreugroga.com\/es\/#organization","name":"CGO Grup Creu Groga","url":"https:\/\/cgogrupcreugroga.com\/es\/","logo":{"@type":"ImageObject","inLanguage":"es","@id":"https:\/\/cgogrupcreugroga.com\/es\/#\/schema\/logo\/image\/","url":"https:\/\/cgogrupcreugroga.com\/wp-content\/uploads\/2022\/10\/LogosWeb-CGO-Footer.png","contentUrl":"https:\/\/cgogrupcreugroga.com\/wp-content\/uploads\/2022\/10\/LogosWeb-CGO-Footer.png","width":300,"height":300,"caption":"CGO Grup Creu Groga"},"image":{"@id":"https:\/\/cgogrupcreugroga.com\/es\/#\/schema\/logo\/image\/"}}]}},"_links":{"self":[{"href":"https:\/\/cgogrupcreugroga.com\/es\/wp-json\/wp\/v2\/pages\/1049","targetHints":{"allow":["GET"]}}],"collection":[{"href":"https:\/\/cgogrupcreugroga.com\/es\/wp-json\/wp\/v2\/pages"}],"about":[{"href":"https:\/\/cgogrupcreugroga.com\/es\/wp-json\/wp\/v2\/types\/page"}],"author":[{"embeddable":true,"href":"https:\/\/cgogrupcreugroga.com\/es\/wp-json\/wp\/v2\/users\/2"}],"replies":[{"embeddable":true,"href":"https:\/\/cgogrupcreugroga.com\/es\/wp-json\/wp\/v2\/comments?post=1049"}],"version-history":[{"count":0,"href":"https:\/\/cgogrupcreugroga.com\/es\/wp-json\/wp\/v2\/pages\/1049\/revisions"}],"up":[{"embeddable":true,"href":"https:\/\/cgogrupcreugroga.com\/es\/wp-json\/wp\/v2\/pages\/1050"}],"wp:attachment":[{"href":"https:\/\/cgogrupcreugroga.com\/es\/wp-json\/wp\/v2\/media?parent=1049"}],"curies":[{"name":"wp","href":"https:\/\/api.w.org\/{rel}","templated":true}]}}