{"id":1057,"date":"2022-11-08T12:08:43","date_gmt":"2022-11-08T12:08:43","guid":{"rendered":"https:\/\/cgo.h2ocomunicacio.com\/escola-de-mares-i-unitat-de-sol-pelvia\/"},"modified":"2025-04-15T08:30:44","modified_gmt":"2025-04-15T08:30:44","slug":"servicio-de-fisioterapia","status":"publish","type":"page","link":"https:\/\/cgogrupcreugroga.com\/es\/servicio-de-fisioterapia\/","title":{"rendered":"Servicio de Fisioterapia"},"content":{"rendered":"<div id='av_section_1'  class='avia-section av-2cau2-a1d22f18b96e6b70baf1e5ebb77499b3 main_color avia-section-default avia-no-border-styling  avia-builder-el-0  avia-builder-el-no-sibling  avia-bg-style-scroll container_wrap fullsize'  ><div class='container av-section-cont-open' ><main  role=\"main\" itemprop=\"mainContentOfPage\"  class='template-page content  av-content-full alpha units'><div class='post-entry post-entry-type-page post-entry-1057'><div class='entry-content-wrapper clearfix'>\n<div  class='flex_column av-1r4hm-e02c3ba27240b15c7cefa5dc3224f1a2 av_one_full  avia-builder-el-1  el_before_av_one_fourth  avia-builder-el-first  first flex_column_div  '     ><section  class='av_textblock_section av-la857m69-c2bfa3b138751412ca468c17aec563fa '   itemscope=\"itemscope\" itemtype=\"https:\/\/schema.org\/CreativeWork\" ><div class='avia_textblock'  itemprop=\"text\" ><h1 style=\"text-align: center;\">SERVICIO DE FISIOTERAPIA<\/h1>\n<\/div><\/section><\/div><div class='flex_column_table av-av_one_fourth-81a59f730df39b72fe37593a1d1636e7 sc-av_one_fourth av-equal-height-column-flextable'>\n<style type=\"text\/css\" data-created_by=\"avia_inline_auto\" id=\"style-css-av-av_one_fourth-81a59f730df39b72fe37593a1d1636e7\">\n.flex_column.av-av_one_fourth-81a59f730df39b72fe37593a1d1636e7{\npadding:0 30px 0 0;\n}\n<\/style>\n<div  class='flex_column av-av_one_fourth-81a59f730df39b72fe37593a1d1636e7 av_one_fourth  avia-builder-el-3  el_after_av_one_full  el_before_av_one_fourth  first no_margin flex_column_table_cell av-equal-height-column av-align-top avia-link-column av-column-link  column-top-margin'    data-link-column-url=\"https:\/\/cgogrupcreugroga.com\/servei-de-fisioterapia\/classes-grupals\/\"   ><a class=\"av-screen-reader-only\" href=https:\/\/cgogrupcreugroga.com\/servei-de-fisioterapia\/classes-grupals\/ >Link to: Classes Grupals<\/a><style type=\"text\/css\" data-created_by=\"avia_inline_auto\" id=\"style-css-av-lfusnxp1-89bb231e83faffe8e2bb310764d28d2b\">\n.avia-image-container.av-lfusnxp1-89bb231e83faffe8e2bb310764d28d2b img.avia_image{\nbox-shadow:none;\n}\n.avia-image-container.av-lfusnxp1-89bb231e83faffe8e2bb310764d28d2b .av-caption-image-overlay-bg{\nopacity:0.6;\nbackground-color:#000000;\n}\n.avia-image-container.av-lfusnxp1-89bb231e83faffe8e2bb310764d28d2b .av-image-caption-overlay-center{\ncolor:#ffffff;\nfont-size:22px;\n}\n<\/style>\n<div  class='avia-image-container av-lfusnxp1-89bb231e83faffe8e2bb310764d28d2b av-styling- avia-align-center  avia-builder-el-4  avia-builder-el-no-sibling  noHover av-overlay-on-hover'   itemprop=\"image\" itemscope=\"itemscope\" itemtype=\"https:\/\/schema.org\/ImageObject\" ><div class=\"avia-image-container-inner\"><div class=\"avia-image-overlay-wrap\"><div class=\"av-image-caption-overlay\"><div class=\"av-caption-image-overlay-bg\"><\/div><div class=\"av-image-caption-overlay-position\"><div class=\"av-image-caption-overlay-center\"><p>CLASES GRUPALES<\/p>\n<\/div><\/div><\/div><img decoding=\"async\" fetchpriority=\"high\" class='wp-image-240 avia-img-lazy-loading-not-240 avia_image ' src=\"https:\/\/cgogrupcreugroga.com\/wp-content\/uploads\/2022\/11\/AccesEscolaMares-CGO.jpg\" alt='' title='AccesEscolaMares-CGO'  height=\"800\" width=\"800\"  itemprop=\"thumbnailUrl\" srcset=\"https:\/\/cgogrupcreugroga.com\/wp-content\/uploads\/2022\/11\/AccesEscolaMares-CGO.jpg 800w, https:\/\/cgogrupcreugroga.com\/wp-content\/uploads\/2022\/11\/AccesEscolaMares-CGO-300x300.jpg 300w, https:\/\/cgogrupcreugroga.com\/wp-content\/uploads\/2022\/11\/AccesEscolaMares-CGO-80x80.jpg 80w, https:\/\/cgogrupcreugroga.com\/wp-content\/uploads\/2022\/11\/AccesEscolaMares-CGO-768x768.jpg 768w, https:\/\/cgogrupcreugroga.com\/wp-content\/uploads\/2022\/11\/AccesEscolaMares-CGO-36x36.jpg 36w, https:\/\/cgogrupcreugroga.com\/wp-content\/uploads\/2022\/11\/AccesEscolaMares-CGO-180x180.jpg 180w, https:\/\/cgogrupcreugroga.com\/wp-content\/uploads\/2022\/11\/AccesEscolaMares-CGO-705x705.jpg 705w, https:\/\/cgogrupcreugroga.com\/wp-content\/uploads\/2022\/11\/AccesEscolaMares-CGO-32x32.jpg 32w, https:\/\/cgogrupcreugroga.com\/wp-content\/uploads\/2022\/11\/AccesEscolaMares-CGO-48x48.jpg 48w\" sizes=\"(max-width: 800px) 100vw, 800px\" \/><\/div><\/div><\/div><\/div>\n<style type=\"text\/css\" data-created_by=\"avia_inline_auto\" id=\"style-css-av-b1yi2-332f0eb141a4b191b838f2da35d40494\">\n.flex_column.av-b1yi2-332f0eb141a4b191b838f2da35d40494{\npadding:0 30px 0 0;\n}\n<\/style>\n<div  class='flex_column av-b1yi2-332f0eb141a4b191b838f2da35d40494 av_one_fourth  avia-builder-el-5  el_after_av_one_fourth  el_before_av_one_fourth  no_margin flex_column_table_cell av-equal-height-column av-align-top avia-link-column av-column-link  column-top-margin'    data-link-column-url=\"https:\/\/cgogrupcreugroga.com\/servei-de-fisioterapia\/fisioterapia-i-rehabilitacio-del-sol-pelvic\/\"   ><a class=\"av-screen-reader-only\" href=https:\/\/cgogrupcreugroga.com\/servei-de-fisioterapia\/fisioterapia-i-rehabilitacio-del-sol-pelvic\/ >Link to: FISIOTER\u00c0PIA I REHABILITACI\u00d3 DEL S\u00d2L P\u00c8LVIC<\/a><style type=\"text\/css\" data-created_by=\"avia_inline_auto\" id=\"style-css-av-la87dagi-393b872b57688e030bff8cc344bf42aa\">\n.avia-image-container.av-la87dagi-393b872b57688e030bff8cc344bf42aa img.avia_image{\nbox-shadow:none;\n}\n.avia-image-container.av-la87dagi-393b872b57688e030bff8cc344bf42aa .av-caption-image-overlay-bg{\nopacity:0.6;\nbackground-color:#000000;\n}\n.avia-image-container.av-la87dagi-393b872b57688e030bff8cc344bf42aa .av-image-caption-overlay-center{\ncolor:#ffffff;\nfont-size:22px;\n}\n<\/style>\n<div  class='avia-image-container av-la87dagi-393b872b57688e030bff8cc344bf42aa av-styling- avia-align-center  avia-builder-el-6  avia-builder-el-no-sibling  noHover av-overlay-on-hover'   itemprop=\"image\" itemscope=\"itemscope\" itemtype=\"https:\/\/schema.org\/ImageObject\" ><div class=\"avia-image-container-inner\"><div class=\"avia-image-overlay-wrap\"><div class=\"av-image-caption-overlay\"><div class=\"av-caption-image-overlay-bg\"><\/div><div class=\"av-image-caption-overlay-position\"><div class=\"av-image-caption-overlay-center\"><p>FISIOTERAPIA I REHABILITACI\u00d3N DEL SUELO P\u00c9LVICO<\/p>\n<\/div><\/div><\/div><img decoding=\"async\" fetchpriority=\"high\" class='wp-image-242 avia-img-lazy-loading-not-242 avia_image ' src=\"https:\/\/cgogrupcreugroga.com\/wp-content\/uploads\/2022\/11\/AccesSolPelvia-CGO.jpg\" alt='' title='AccesSolPelvia-CGO'  height=\"800\" width=\"800\"  itemprop=\"thumbnailUrl\" srcset=\"https:\/\/cgogrupcreugroga.com\/wp-content\/uploads\/2022\/11\/AccesSolPelvia-CGO.jpg 800w, https:\/\/cgogrupcreugroga.com\/wp-content\/uploads\/2022\/11\/AccesSolPelvia-CGO-300x300.jpg 300w, https:\/\/cgogrupcreugroga.com\/wp-content\/uploads\/2022\/11\/AccesSolPelvia-CGO-80x80.jpg 80w, https:\/\/cgogrupcreugroga.com\/wp-content\/uploads\/2022\/11\/AccesSolPelvia-CGO-768x768.jpg 768w, https:\/\/cgogrupcreugroga.com\/wp-content\/uploads\/2022\/11\/AccesSolPelvia-CGO-36x36.jpg 36w, https:\/\/cgogrupcreugroga.com\/wp-content\/uploads\/2022\/11\/AccesSolPelvia-CGO-180x180.jpg 180w, https:\/\/cgogrupcreugroga.com\/wp-content\/uploads\/2022\/11\/AccesSolPelvia-CGO-705x705.jpg 705w, https:\/\/cgogrupcreugroga.com\/wp-content\/uploads\/2022\/11\/AccesSolPelvia-CGO-32x32.jpg 32w, https:\/\/cgogrupcreugroga.com\/wp-content\/uploads\/2022\/11\/AccesSolPelvia-CGO-48x48.jpg 48w\" sizes=\"(max-width: 800px) 100vw, 800px\" \/><\/div><\/div><\/div><\/div>\n<style type=\"text\/css\" data-created_by=\"avia_inline_auto\" id=\"style-css-av-la87crd0-128141117e8519ad218eb21cb29c472a\">\n.flex_column.av-la87crd0-128141117e8519ad218eb21cb29c472a{\npadding:0 30px 0 0;\n}\n<\/style>\n<div  class='flex_column av-la87crd0-128141117e8519ad218eb21cb29c472a av_one_fourth  avia-builder-el-7  el_after_av_one_fourth  el_before_av_one_fourth  no_margin flex_column_table_cell av-equal-height-column av-align-top  column-top-margin'     ><style type=\"text\/css\" data-created_by=\"avia_inline_auto\" id=\"style-css-av-la87cdkg-e47434ca47478a0f00383657db92843d\">\n.avia-image-container.av-la87cdkg-e47434ca47478a0f00383657db92843d img.avia_image{\nbox-shadow:none;\n}\n.avia-image-container.av-la87cdkg-e47434ca47478a0f00383657db92843d .av-caption-image-overlay-bg{\nopacity:0.6;\nbackground-color:#000000;\n}\n.avia-image-container.av-la87cdkg-e47434ca47478a0f00383657db92843d .av-image-caption-overlay-center{\ncolor:#ffffff;\nfont-size:22px;\n}\n<\/style>\n<div  class='avia-image-container av-la87cdkg-e47434ca47478a0f00383657db92843d av-styling- avia-align-center  avia-builder-el-8  avia-builder-el-no-sibling  noHover av-overlay-on-hover'   itemprop=\"image\" itemscope=\"itemscope\" itemtype=\"https:\/\/schema.org\/ImageObject\" ><div class=\"avia-image-container-inner\"><div class=\"avia-image-overlay-wrap\"><div class=\"av-image-caption-overlay\"><div class=\"av-caption-image-overlay-bg\"><\/div><div class=\"av-image-caption-overlay-position\"><div class=\"av-image-caption-overlay-center\"><p>READAPTACI\u00d3N FUNCIONAL<\/p>\n<\/div><\/div><\/div><img decoding=\"async\" fetchpriority=\"high\" class='wp-image-1545 avia-img-lazy-loading-not-1545 avia_image ' src=\"https:\/\/cgogrupcreugroga.com\/wp-content\/uploads\/2023\/03\/Foto-FisioRehabilitacio.jpg\" alt='' title='Foto-Fisio+Rehabilitacio'  height=\"800\" width=\"800\"  itemprop=\"thumbnailUrl\" srcset=\"https:\/\/cgogrupcreugroga.com\/wp-content\/uploads\/2023\/03\/Foto-FisioRehabilitacio.jpg 800w, https:\/\/cgogrupcreugroga.com\/wp-content\/uploads\/2023\/03\/Foto-FisioRehabilitacio-300x300.jpg 300w, https:\/\/cgogrupcreugroga.com\/wp-content\/uploads\/2023\/03\/Foto-FisioRehabilitacio-80x80.jpg 80w, https:\/\/cgogrupcreugroga.com\/wp-content\/uploads\/2023\/03\/Foto-FisioRehabilitacio-768x768.jpg 768w, https:\/\/cgogrupcreugroga.com\/wp-content\/uploads\/2023\/03\/Foto-FisioRehabilitacio-36x36.jpg 36w, https:\/\/cgogrupcreugroga.com\/wp-content\/uploads\/2023\/03\/Foto-FisioRehabilitacio-180x180.jpg 180w, https:\/\/cgogrupcreugroga.com\/wp-content\/uploads\/2023\/03\/Foto-FisioRehabilitacio-705x705.jpg 705w, https:\/\/cgogrupcreugroga.com\/wp-content\/uploads\/2023\/03\/Foto-FisioRehabilitacio-32x32.jpg 32w, https:\/\/cgogrupcreugroga.com\/wp-content\/uploads\/2023\/03\/Foto-FisioRehabilitacio-48x48.jpg 48w\" sizes=\"(max-width: 800px) 100vw, 800px\" \/><\/div><\/div><\/div><\/div>\n<style type=\"text\/css\" data-created_by=\"avia_inline_auto\" id=\"style-css-av-av_one_fourth-f3e64fc7eb8e1da1d3c3df5708fb4fae\">\n.flex_column.av-av_one_fourth-f3e64fc7eb8e1da1d3c3df5708fb4fae{\npadding:0 30px 0 0;\n}\n<\/style>\n<div  class='flex_column av-av_one_fourth-f3e64fc7eb8e1da1d3c3df5708fb4fae av_one_fourth  avia-builder-el-9  el_after_av_one_fourth  avia-builder-el-last  no_margin flex_column_table_cell av-equal-height-column av-align-top  column-top-margin'     ><style type=\"text\/css\" data-created_by=\"avia_inline_auto\" id=\"style-css-av-m9i8gkit-9af8eea9a37d921d5175befcc0c2ed34\">\n.avia-image-container.av-m9i8gkit-9af8eea9a37d921d5175befcc0c2ed34 img.avia_image{\nbox-shadow:none;\n}\n.avia-image-container.av-m9i8gkit-9af8eea9a37d921d5175befcc0c2ed34 .av-caption-image-overlay-bg{\nopacity:0.6;\nbackground-color:#000000;\n}\n.avia-image-container.av-m9i8gkit-9af8eea9a37d921d5175befcc0c2ed34 .av-image-caption-overlay-center{\ncolor:#ffffff;\nfont-size:22px;\n}\n<\/style>\n<div  class='avia-image-container av-m9i8gkit-9af8eea9a37d921d5175befcc0c2ed34 av-styling- avia-align-center  avia-builder-el-10  avia-builder-el-no-sibling  noHover av-overlay-on-hover'   itemprop=\"image\" itemscope=\"itemscope\" itemtype=\"https:\/\/schema.org\/ImageObject\" ><div class=\"avia-image-container-inner\"><div class=\"avia-image-overlay-wrap\"><div class=\"av-image-caption-overlay\"><div class=\"av-caption-image-overlay-bg\"><\/div><div class=\"av-image-caption-overlay-position\"><div class=\"av-image-caption-overlay-center\"><p>MINDFULNESS<\/p>\n<\/div><\/div><\/div><img decoding=\"async\" fetchpriority=\"high\" class='wp-image-2443 avia-img-lazy-loading-not-2443 avia_image ' src=\"https:\/\/cgogrupcreugroga.com\/wp-content\/uploads\/2025\/04\/FotoAcces-Mindfulness-CGO.png\" alt='' title='FotoAcces-Mindfulness-CGO'  height=\"1000\" width=\"1000\"  itemprop=\"thumbnailUrl\" srcset=\"https:\/\/cgogrupcreugroga.com\/wp-content\/uploads\/2025\/04\/FotoAcces-Mindfulness-CGO.png 1000w, https:\/\/cgogrupcreugroga.com\/wp-content\/uploads\/2025\/04\/FotoAcces-Mindfulness-CGO-300x300.png 300w, https:\/\/cgogrupcreugroga.com\/wp-content\/uploads\/2025\/04\/FotoAcces-Mindfulness-CGO-80x80.png 80w, https:\/\/cgogrupcreugroga.com\/wp-content\/uploads\/2025\/04\/FotoAcces-Mindfulness-CGO-768x768.png 768w, https:\/\/cgogrupcreugroga.com\/wp-content\/uploads\/2025\/04\/FotoAcces-Mindfulness-CGO-36x36.png 36w, https:\/\/cgogrupcreugroga.com\/wp-content\/uploads\/2025\/04\/FotoAcces-Mindfulness-CGO-180x180.png 180w, https:\/\/cgogrupcreugroga.com\/wp-content\/uploads\/2025\/04\/FotoAcces-Mindfulness-CGO-705x705.png 705w, https:\/\/cgogrupcreugroga.com\/wp-content\/uploads\/2025\/04\/FotoAcces-Mindfulness-CGO-32x32.png 32w, https:\/\/cgogrupcreugroga.com\/wp-content\/uploads\/2025\/04\/FotoAcces-Mindfulness-CGO-48x48.png 48w\" sizes=\"(max-width: 1000px) 100vw, 1000px\" \/><\/div><\/div><\/div><\/div><\/div><!--close column table wrapper. Autoclose: 1 -->\n","protected":false},"excerpt":{"rendered":"","protected":false},"author":2,"featured_media":0,"parent":0,"menu_order":0,"comment_status":"closed","ping_status":"closed","template":"","meta":{"footnotes":""},"class_list":["post-1057","page","type-page","status-publish","hentry"],"yoast_head":"<!-- This site is optimized with the Yoast SEO plugin v27.5 - https:\/\/yoast.com\/product\/yoast-seo-wordpress\/ -->\n<title>Servicio de Fisioterapia - CGO Grup Creu Groga<\/title>\n<meta name=\"robots\" content=\"index, follow, max-snippet:-1, max-image-preview:large, max-video-preview:-1\" \/>\n<link rel=\"canonical\" href=\"https:\/\/cgogrupcreugroga.com\/es\/servicio-de-fisioterapia\/\" \/>\n<meta property=\"og:locale\" content=\"es_ES\" \/>\n<meta property=\"og:type\" content=\"article\" \/>\n<meta property=\"og:title\" content=\"Servicio de Fisioterapia - CGO Grup Creu Groga\" \/>\n<meta property=\"og:url\" content=\"https:\/\/cgogrupcreugroga.com\/es\/servicio-de-fisioterapia\/\" \/>\n<meta property=\"og:site_name\" content=\"CGO Grup Creu Groga\" \/>\n<meta property=\"article:modified_time\" content=\"2025-04-15T08:30:44+00:00\" \/>\n<meta name=\"twitter:card\" content=\"summary_large_image\" \/>\n<meta name=\"twitter:label1\" content=\"Tiempo de lectura\" \/>\n\t<meta name=\"twitter:data1\" content=\"1 minuto\" \/>\n<script type=\"application\/ld+json\" class=\"yoast-schema-graph\">{\"@context\":\"https:\\\/\\\/schema.org\",\"@graph\":[{\"@type\":\"WebPage\",\"@id\":\"https:\\\/\\\/cgogrupcreugroga.com\\\/es\\\/servicio-de-fisioterapia\\\/\",\"url\":\"https:\\\/\\\/cgogrupcreugroga.com\\\/es\\\/servicio-de-fisioterapia\\\/\",\"name\":\"Servicio de Fisioterapia - CGO Grup Creu Groga\",\"isPartOf\":{\"@id\":\"https:\\\/\\\/cgogrupcreugroga.com\\\/es\\\/#website\"},\"datePublished\":\"2022-11-08T12:08:43+00:00\",\"dateModified\":\"2025-04-15T08:30:44+00:00\",\"breadcrumb\":{\"@id\":\"https:\\\/\\\/cgogrupcreugroga.com\\\/es\\\/servicio-de-fisioterapia\\\/#breadcrumb\"},\"inLanguage\":\"es\",\"potentialAction\":[{\"@type\":\"ReadAction\",\"target\":[\"https:\\\/\\\/cgogrupcreugroga.com\\\/es\\\/servicio-de-fisioterapia\\\/\"]}]},{\"@type\":\"BreadcrumbList\",\"@id\":\"https:\\\/\\\/cgogrupcreugroga.com\\\/es\\\/servicio-de-fisioterapia\\\/#breadcrumb\",\"itemListElement\":[{\"@type\":\"ListItem\",\"position\":1,\"name\":\"Portada\",\"item\":\"https:\\\/\\\/cgogrupcreugroga.com\\\/es\\\/inici\\\/\"},{\"@type\":\"ListItem\",\"position\":2,\"name\":\"Servicio de Fisioterapia\"}]},{\"@type\":\"WebSite\",\"@id\":\"https:\\\/\\\/cgogrupcreugroga.com\\\/es\\\/#website\",\"url\":\"https:\\\/\\\/cgogrupcreugroga.com\\\/es\\\/\",\"name\":\"CGO Grup Creu Groga\",\"description\":\"Just another WordPress site\",\"publisher\":{\"@id\":\"https:\\\/\\\/cgogrupcreugroga.com\\\/es\\\/#organization\"},\"potentialAction\":[{\"@type\":\"SearchAction\",\"target\":{\"@type\":\"EntryPoint\",\"urlTemplate\":\"https:\\\/\\\/cgogrupcreugroga.com\\\/es\\\/?s={search_term_string}\"},\"query-input\":{\"@type\":\"PropertyValueSpecification\",\"valueRequired\":true,\"valueName\":\"search_term_string\"}}],\"inLanguage\":\"es\"},{\"@type\":\"Organization\",\"@id\":\"https:\\\/\\\/cgogrupcreugroga.com\\\/es\\\/#organization\",\"name\":\"CGO Grup Creu Groga\",\"url\":\"https:\\\/\\\/cgogrupcreugroga.com\\\/es\\\/\",\"logo\":{\"@type\":\"ImageObject\",\"inLanguage\":\"es\",\"@id\":\"https:\\\/\\\/cgogrupcreugroga.com\\\/es\\\/#\\\/schema\\\/logo\\\/image\\\/\",\"url\":\"https:\\\/\\\/cgogrupcreugroga.com\\\/wp-content\\\/uploads\\\/2022\\\/10\\\/LogosWeb-CGO-Footer.png\",\"contentUrl\":\"https:\\\/\\\/cgogrupcreugroga.com\\\/wp-content\\\/uploads\\\/2022\\\/10\\\/LogosWeb-CGO-Footer.png\",\"width\":300,\"height\":300,\"caption\":\"CGO Grup Creu Groga\"},\"image\":{\"@id\":\"https:\\\/\\\/cgogrupcreugroga.com\\\/es\\\/#\\\/schema\\\/logo\\\/image\\\/\"}}]}<\/script>\n<!-- \/ Yoast SEO plugin. -->","yoast_head_json":{"title":"Servicio de Fisioterapia - CGO Grup Creu Groga","robots":{"index":"index","follow":"follow","max-snippet":"max-snippet:-1","max-image-preview":"max-image-preview:large","max-video-preview":"max-video-preview:-1"},"canonical":"https:\/\/cgogrupcreugroga.com\/es\/servicio-de-fisioterapia\/","og_locale":"es_ES","og_type":"article","og_title":"Servicio de Fisioterapia - CGO Grup Creu Groga","og_url":"https:\/\/cgogrupcreugroga.com\/es\/servicio-de-fisioterapia\/","og_site_name":"CGO Grup Creu Groga","article_modified_time":"2025-04-15T08:30:44+00:00","twitter_card":"summary_large_image","twitter_misc":{"Tiempo de lectura":"1 minuto"},"schema":{"@context":"https:\/\/schema.org","@graph":[{"@type":"WebPage","@id":"https:\/\/cgogrupcreugroga.com\/es\/servicio-de-fisioterapia\/","url":"https:\/\/cgogrupcreugroga.com\/es\/servicio-de-fisioterapia\/","name":"Servicio de Fisioterapia - CGO Grup Creu Groga","isPartOf":{"@id":"https:\/\/cgogrupcreugroga.com\/es\/#website"},"datePublished":"2022-11-08T12:08:43+00:00","dateModified":"2025-04-15T08:30:44+00:00","breadcrumb":{"@id":"https:\/\/cgogrupcreugroga.com\/es\/servicio-de-fisioterapia\/#breadcrumb"},"inLanguage":"es","potentialAction":[{"@type":"ReadAction","target":["https:\/\/cgogrupcreugroga.com\/es\/servicio-de-fisioterapia\/"]}]},{"@type":"BreadcrumbList","@id":"https:\/\/cgogrupcreugroga.com\/es\/servicio-de-fisioterapia\/#breadcrumb","itemListElement":[{"@type":"ListItem","position":1,"name":"Portada","item":"https:\/\/cgogrupcreugroga.com\/es\/inici\/"},{"@type":"ListItem","position":2,"name":"Servicio de Fisioterapia"}]},{"@type":"WebSite","@id":"https:\/\/cgogrupcreugroga.com\/es\/#website","url":"https:\/\/cgogrupcreugroga.com\/es\/","name":"CGO Grup Creu Groga","description":"Just another WordPress site","publisher":{"@id":"https:\/\/cgogrupcreugroga.com\/es\/#organization"},"potentialAction":[{"@type":"SearchAction","target":{"@type":"EntryPoint","urlTemplate":"https:\/\/cgogrupcreugroga.com\/es\/?s={search_term_string}"},"query-input":{"@type":"PropertyValueSpecification","valueRequired":true,"valueName":"search_term_string"}}],"inLanguage":"es"},{"@type":"Organization","@id":"https:\/\/cgogrupcreugroga.com\/es\/#organization","name":"CGO Grup Creu Groga","url":"https:\/\/cgogrupcreugroga.com\/es\/","logo":{"@type":"ImageObject","inLanguage":"es","@id":"https:\/\/cgogrupcreugroga.com\/es\/#\/schema\/logo\/image\/","url":"https:\/\/cgogrupcreugroga.com\/wp-content\/uploads\/2022\/10\/LogosWeb-CGO-Footer.png","contentUrl":"https:\/\/cgogrupcreugroga.com\/wp-content\/uploads\/2022\/10\/LogosWeb-CGO-Footer.png","width":300,"height":300,"caption":"CGO Grup Creu Groga"},"image":{"@id":"https:\/\/cgogrupcreugroga.com\/es\/#\/schema\/logo\/image\/"}}]}},"_links":{"self":[{"href":"https:\/\/cgogrupcreugroga.com\/es\/wp-json\/wp\/v2\/pages\/1057","targetHints":{"allow":["GET"]}}],"collection":[{"href":"https:\/\/cgogrupcreugroga.com\/es\/wp-json\/wp\/v2\/pages"}],"about":[{"href":"https:\/\/cgogrupcreugroga.com\/es\/wp-json\/wp\/v2\/types\/page"}],"author":[{"embeddable":true,"href":"https:\/\/cgogrupcreugroga.com\/es\/wp-json\/wp\/v2\/users\/2"}],"replies":[{"embeddable":true,"href":"https:\/\/cgogrupcreugroga.com\/es\/wp-json\/wp\/v2\/comments?post=1057"}],"version-history":[{"count":2,"href":"https:\/\/cgogrupcreugroga.com\/es\/wp-json\/wp\/v2\/pages\/1057\/revisions"}],"predecessor-version":[{"id":2445,"href":"https:\/\/cgogrupcreugroga.com\/es\/wp-json\/wp\/v2\/pages\/1057\/revisions\/2445"}],"wp:attachment":[{"href":"https:\/\/cgogrupcreugroga.com\/es\/wp-json\/wp\/v2\/media?parent=1057"}],"curies":[{"name":"wp","href":"https:\/\/api.w.org\/{rel}","templated":true}]}}