{"id":1304,"date":"2023-02-01T09:42:49","date_gmt":"2023-02-01T09:42:49","guid":{"rendered":"https:\/\/cgogrupcreugroga.com\/unitat-de-salut-mental\/aula-montessori\/"},"modified":"2023-02-01T11:37:46","modified_gmt":"2023-02-01T11:37:46","slug":"aula-montessori","status":"publish","type":"page","link":"https:\/\/cgogrupcreugroga.com\/es\/unidad-de-salud-mental\/aula-montessori\/","title":{"rendered":"Aula Montessori"},"content":{"rendered":"<div id='full_slider_1'  class='avia-fullwidth-slider main_color avia-shadow   avia-builder-el-0  el_before_av_section  avia-builder-el-first   container_wrap fullsize'  ><div  class='avia-slideshow av-ldletsur-dbdbd10afa663a2d03c9bc244b36aab8 avia-slideshow-no scaling av_slideshow_full avia-slide-slider av-slideshow-ui av-control-default av-slideshow-manual av-loop-once av-loop-manual-endless av-default-height-applied   avia-slideshow-1' data-slideshow-options=\"{&quot;animation&quot;:&quot;slide&quot;,&quot;autoplay&quot;:false,&quot;loop_autoplay&quot;:&quot;once&quot;,&quot;interval&quot;:5,&quot;loop_manual&quot;:&quot;manual-endless&quot;,&quot;autoplay_stopper&quot;:false,&quot;noNavigation&quot;:false,&quot;bg_slider&quot;:false,&quot;keep_padding&quot;:false,&quot;hoverpause&quot;:false,&quot;show_slide_delay&quot;:0}\"  itemprop=\"image\" itemscope=\"itemscope\" itemtype=\"https:\/\/schema.org\/ImageObject\" ><ul class='avia-slideshow-inner ' style='padding-bottom: 16.6%;'><li  class='avia-slideshow-slide av-ldletsur-dbdbd10afa663a2d03c9bc244b36aab8__0  av-single-slide slide-1 slide-odd'><div data-rel='slideshow-1' class='avia-slide-wrap '   ><img decoding=\"async\" fetchpriority=\"high\" class=\"wp-image-1260 avia-img-lazy-loading-not-1260\"  src=\"https:\/\/cgogrupcreugroga.com\/wp-content\/uploads\/2023\/02\/Slider-AulaMontesori-2.png\" width=\"1500\" height=\"249\" title='Slider-AulaMontesori-2' alt=''  itemprop=\"thumbnailUrl\" srcset=\"https:\/\/cgogrupcreugroga.com\/wp-content\/uploads\/2023\/02\/Slider-AulaMontesori-2.png 1500w, https:\/\/cgogrupcreugroga.com\/wp-content\/uploads\/2023\/02\/Slider-AulaMontesori-2-300x50.png 300w, https:\/\/cgogrupcreugroga.com\/wp-content\/uploads\/2023\/02\/Slider-AulaMontesori-2-1030x171.png 1030w, https:\/\/cgogrupcreugroga.com\/wp-content\/uploads\/2023\/02\/Slider-AulaMontesori-2-768x127.png 768w, https:\/\/cgogrupcreugroga.com\/wp-content\/uploads\/2023\/02\/Slider-AulaMontesori-2-705x117.png 705w, https:\/\/cgogrupcreugroga.com\/wp-content\/uploads\/2023\/02\/Slider-AulaMontesori-2-240x40.png 240w\" sizes=\"(max-width: 1500px) 100vw, 1500px\" \/><\/div><\/li><\/ul><\/div><\/div>\n<div id='av_section_1'  class='avia-section av-av_section-f716ba51e7bf82947c918c6ed882cb73 main_color avia-section-default avia-no-border-styling  avia-builder-el-1  el_after_av_slideshow_full  el_before_av_one_full  avia-bg-style-scroll container_wrap fullsize'  ><div class='container av-section-cont-open' ><div class='template-page content  av-content-full alpha units'><div class='post-entry post-entry-type-page post-entry-1304'><div class='entry-content-wrapper clearfix'>\n<div  class='flex_column av-av_one_full-7714eba142aeda1f8b5272a3c372b279 av_one_full  avia-builder-el-2  el_before_av_one_fifth  avia-builder-el-first  first flex_column_div  '     ><section  class='av_textblock_section av-ldlfn94v-4d3bbd0a493216911a5c0a48a2e72895 '   itemscope=\"itemscope\" itemtype=\"https:\/\/schema.org\/CreativeWork\" ><div class='avia_textblock'  itemprop=\"text\" ><h1 style=\"text-align: center;\">AULA MONTESSORI<\/h1>\n<\/div><\/section><br \/>\n\n<style type=\"text\/css\" data-created_by=\"avia_inline_auto\" id=\"style-css-av-ldlfo6ja-740db909e720997822c2d01674a138d3\">\n#top .hr.av-ldlfo6ja-740db909e720997822c2d01674a138d3{\nmargin-top:0px;\nmargin-bottom:20px;\n}\n.hr.av-ldlfo6ja-740db909e720997822c2d01674a138d3 .hr-inner{\nwidth:50px;\nborder-color:#009faa;\n}\n<\/style>\n<div  class='hr av-ldlfo6ja-740db909e720997822c2d01674a138d3 hr-custom  avia-builder-el-4  el_after_av_textblock  avia-builder-el-last  hr-center hr-icon-no'><span class='hr-inner inner-border-av-border-fat'><span class=\"hr-inner-style\"><\/span><\/span><\/div><\/p><\/div><div  class='flex_column av-av_one_fifth-7714eba142aeda1f8b5272a3c372b279 av_one_fifth  avia-builder-el-5  el_after_av_one_full  el_before_av_three_fifth  first flex_column_div  column-top-margin'     ><\/div><div  class='flex_column av-av_three_fifth-f1c518e9ff58e869f80c8f093487abc9 av_three_fifth  avia-builder-el-6  el_after_av_one_fifth  el_before_av_one_fifth  flex_column_div  column-top-margin'     ><div  class='avia-video av-ldlfzzk0-076c7a8d5a60ccfc5c190d8189e34715 avia-video-16-9 av-no-preview-image avia-video-load-always av-lazyload-immediate av-lazyload-video-embed'  itemprop=\"video\" itemtype=\"https:\/\/schema.org\/VideoObject\"  data-original_url='https:\/\/www.youtube.com\/watch?v=E1cmYx3yHPY'><script type='text\/html' class='av-video-tmpl'><div class='avia-iframe-wrap'><iframe loading=\"lazy\" title=\"Aula Montessori\" width=\"1500\" height=\"844\" src=\"https:\/\/www.youtube.com\/embed\/E1cmYx3yHPY?feature=oembed&autoplay=1&loop=0&controls=1&mute=1\" frameborder=\"0\" allow=\"accelerometer; autoplay; clipboard-write; encrypted-media; gyroscope; picture-in-picture; web-share\" allowfullscreen><\/iframe><\/div><\/script><div class='av-click-to-play-overlay'><div class=\"avia_playpause_icon\"><\/div><\/div><\/div><\/div><div  class='flex_column av-av_one_fifth-f1c518e9ff58e869f80c8f093487abc9 av_one_fifth  avia-builder-el-8  el_after_av_three_fifth  el_before_av_one_half  flex_column_div  column-top-margin'     ><\/div><div  class='flex_column av-av_one_half-7714eba142aeda1f8b5272a3c372b279 av_one_half  avia-builder-el-9  el_after_av_one_fifth  el_before_av_one_half  first flex_column_div  column-top-margin'     ><section  class='av_textblock_section av-ldlgaliy-d289b6f736a37bad3573d0822e64ce7e '   itemscope=\"itemscope\" itemtype=\"https:\/\/schema.org\/CreativeWork\" ><div class='avia_textblock'  itemprop=\"text\" ><p>Moltes vegades ens trobem amb nens i nenes que no els hi agrada llegir i escriure, que no mostren inter\u00e8s a classe o que potser veiem que tenen dificultats especifiques per l\u2019aprenentatge de la lectoescriptura.<\/p>\n<p>A l\u2019aula <a href=\"https:\/\/www.griseldagarriga.com\/la-pedagogia-montessori\/\">Montessori<\/a> volem resoldre totes aquestes situacions i \u00a0ajudar a nens i nenes a millorar la\u00a0 seva relaci\u00f3 amb l\u2019aprenentatge a trav\u00e9s d\u2019un aprenentatge diferent, acord al seu ritme i relacionat amb les seves necessitats i interessos.<\/p>\n<p>Aix\u00ed doncs, l\u2019aula Montessori est\u00e0 dirigida a nens i nenes de 5 a 8 anys, que presenten dificultats relacionades directament amb l\u2019aprenentatge de la lectoescriptura com poden ser la disl\u00e8xia, la disgrafia, la disortografia o indirectament com pot ser el tdah o retard maduratiu.<\/p>\n<p>Es tracta d\u2019un espai on poder aprendre tocant, analitzant i avaluant cada contingut perqu\u00e8 l\u2019aprenentatge esdevingui m\u00e9s significatiu i continu.<\/p>\n<\/div><\/section><\/div><div  class='flex_column av-av_one_half-f1c518e9ff58e869f80c8f093487abc9 av_one_half  avia-builder-el-11  el_after_av_one_half  el_before_av_one_third  flex_column_div  column-top-margin'     ><section  class='av_textblock_section av-ldlgavjh-c61596641449bfa5a714dc3e0770085c '   itemscope=\"itemscope\" itemtype=\"https:\/\/schema.org\/CreativeWork\" ><div class='avia_textblock'  itemprop=\"text\" ><p>Tot aix\u00f2 ho fem a trav\u00e9s de grups redu\u00efts i barreja d\u2019edats, fomentant la cooperaci\u00f3 i el respecte, i sobretot a trav\u00e9s d\u2019una pe\u00e7a clau com s\u00f3n els <a href=\"https:\/\/www.griseldagarriga.com\/leer-escribir-metodo-montessori\/\">materials Montessori.<\/a><\/p>\n<p>Aquests materials son autocorrectius i permeten que l\u2019alumnat aprengui per si sol fomentant una bona relaci\u00f3 amb l\u2019error, \u00e9s a dir entenent-lo com a part de la vida.<\/p>\n<p>Aprendre al seu ritme i inter\u00e8s elimina de forma natural la competitivitat i ajuda al nen a connectar amb la seva guia interna\u00a0 millorant l\u2019autoconfian\u00e7a necess\u00e0ria per construir una autoestima adequada.<\/p>\n<p>Si t\u2019interessa que el teu fill o el teu alumne resolgui les seves dificultats d\u2019aprenentatge en la lectoescriptura fes clic a l\u2019enlla\u00e7 que trobar\u00e0s a continuaci\u00f3 i rebr\u00e0s una trucada telef\u00f3nica gratuita per poder resoldre tots els teus dubtes.<\/p>\n<\/div><\/section><\/div><div  class='flex_column av-av_one_third-7714eba142aeda1f8b5272a3c372b279 av_one_third  avia-builder-el-13  el_after_av_one_half  el_before_av_one_third  first flex_column_div  column-top-margin'     ><style type=\"text\/css\" data-created_by=\"avia_inline_auto\" id=\"style-css-av-ldlgbuly-58abfee86dc5b9e1c29e471d1edb8345\">\n.avia-image-container.av-ldlgbuly-58abfee86dc5b9e1c29e471d1edb8345 img.avia_image{\nbox-shadow:none;\n}\n.avia-image-container.av-ldlgbuly-58abfee86dc5b9e1c29e471d1edb8345 .av-image-caption-overlay-center{\ncolor:#ffffff;\n}\n<\/style>\n<div  class='avia-image-container av-ldlgbuly-58abfee86dc5b9e1c29e471d1edb8345 av-styling- avia-align-center  avia-builder-el-14  avia-builder-el-no-sibling '   itemprop=\"image\" itemscope=\"itemscope\" itemtype=\"https:\/\/schema.org\/ImageObject\" ><div class=\"avia-image-container-inner\"><div class=\"avia-image-overlay-wrap\"><img decoding=\"async\" fetchpriority=\"high\" class='wp-image-1264 avia-img-lazy-loading-not-1264 avia_image ' src=\"https:\/\/cgogrupcreugroga.com\/wp-content\/uploads\/2023\/02\/AulaMontesori.png\" alt='' title='AulaMontesori'  height=\"800\" width=\"800\"  itemprop=\"thumbnailUrl\" srcset=\"https:\/\/cgogrupcreugroga.com\/wp-content\/uploads\/2023\/02\/AulaMontesori.png 800w, https:\/\/cgogrupcreugroga.com\/wp-content\/uploads\/2023\/02\/AulaMontesori-300x300.png 300w, https:\/\/cgogrupcreugroga.com\/wp-content\/uploads\/2023\/02\/AulaMontesori-80x80.png 80w, https:\/\/cgogrupcreugroga.com\/wp-content\/uploads\/2023\/02\/AulaMontesori-768x768.png 768w, https:\/\/cgogrupcreugroga.com\/wp-content\/uploads\/2023\/02\/AulaMontesori-36x36.png 36w, https:\/\/cgogrupcreugroga.com\/wp-content\/uploads\/2023\/02\/AulaMontesori-180x180.png 180w, https:\/\/cgogrupcreugroga.com\/wp-content\/uploads\/2023\/02\/AulaMontesori-705x705.png 705w, https:\/\/cgogrupcreugroga.com\/wp-content\/uploads\/2023\/02\/AulaMontesori-32x32.png 32w, https:\/\/cgogrupcreugroga.com\/wp-content\/uploads\/2023\/02\/AulaMontesori-48x48.png 48w\" sizes=\"(max-width: 800px) 100vw, 800px\" \/><\/div><\/div><\/div><\/div><div  class='flex_column av-av_one_third-f1c518e9ff58e869f80c8f093487abc9 av_one_third  avia-builder-el-15  el_after_av_one_third  el_before_av_one_third  flex_column_div  column-top-margin'     ><style type=\"text\/css\" data-created_by=\"avia_inline_auto\" id=\"style-css-av-ldlgelz6-860ceac03904a98865b37161f4d57438\">\n.avia-image-container.av-ldlgelz6-860ceac03904a98865b37161f4d57438 img.avia_image{\nbox-shadow:none;\n}\n.avia-image-container.av-ldlgelz6-860ceac03904a98865b37161f4d57438 .av-image-caption-overlay-center{\ncolor:#ffffff;\n}\n<\/style>\n<div  class='avia-image-container av-ldlgelz6-860ceac03904a98865b37161f4d57438 av-styling- avia-align-center  avia-builder-el-16  avia-builder-el-no-sibling '   itemprop=\"image\" itemscope=\"itemscope\" itemtype=\"https:\/\/schema.org\/ImageObject\" ><div class=\"avia-image-container-inner\"><div class=\"avia-image-overlay-wrap\"><img decoding=\"async\" fetchpriority=\"high\" class='wp-image-1266 avia-img-lazy-loading-not-1266 avia_image ' src=\"https:\/\/cgogrupcreugroga.com\/wp-content\/uploads\/2023\/02\/AulaMontesori-2.png\" alt='' title='AulaMontesori-2'  height=\"800\" width=\"800\"  itemprop=\"thumbnailUrl\" srcset=\"https:\/\/cgogrupcreugroga.com\/wp-content\/uploads\/2023\/02\/AulaMontesori-2.png 800w, https:\/\/cgogrupcreugroga.com\/wp-content\/uploads\/2023\/02\/AulaMontesori-2-300x300.png 300w, https:\/\/cgogrupcreugroga.com\/wp-content\/uploads\/2023\/02\/AulaMontesori-2-80x80.png 80w, https:\/\/cgogrupcreugroga.com\/wp-content\/uploads\/2023\/02\/AulaMontesori-2-768x768.png 768w, https:\/\/cgogrupcreugroga.com\/wp-content\/uploads\/2023\/02\/AulaMontesori-2-36x36.png 36w, https:\/\/cgogrupcreugroga.com\/wp-content\/uploads\/2023\/02\/AulaMontesori-2-180x180.png 180w, https:\/\/cgogrupcreugroga.com\/wp-content\/uploads\/2023\/02\/AulaMontesori-2-705x705.png 705w, https:\/\/cgogrupcreugroga.com\/wp-content\/uploads\/2023\/02\/AulaMontesori-2-32x32.png 32w, https:\/\/cgogrupcreugroga.com\/wp-content\/uploads\/2023\/02\/AulaMontesori-2-48x48.png 48w\" sizes=\"(max-width: 800px) 100vw, 800px\" \/><\/div><\/div><\/div><\/div><div  class='flex_column av-av_one_third-f1c518e9ff58e869f80c8f093487abc9 av_one_third  avia-builder-el-17  el_after_av_one_third  avia-builder-el-last  flex_column_div  column-top-margin'     ><style type=\"text\/css\" data-created_by=\"avia_inline_auto\" id=\"style-css-av-ldlgfefx-06f6f89f7ae2dd6b0d3eb14a237d2ebf\">\n.avia-image-container.av-ldlgfefx-06f6f89f7ae2dd6b0d3eb14a237d2ebf img.avia_image{\nbox-shadow:none;\n}\n.avia-image-container.av-ldlgfefx-06f6f89f7ae2dd6b0d3eb14a237d2ebf .av-image-caption-overlay-center{\ncolor:#ffffff;\n}\n<\/style>\n<div  class='avia-image-container av-ldlgfefx-06f6f89f7ae2dd6b0d3eb14a237d2ebf av-styling- avia-align-center  avia-builder-el-18  avia-builder-el-no-sibling '   itemprop=\"image\" itemscope=\"itemscope\" itemtype=\"https:\/\/schema.org\/ImageObject\" ><div class=\"avia-image-container-inner\"><div class=\"avia-image-overlay-wrap\"><img decoding=\"async\" fetchpriority=\"high\" class='wp-image-1268 avia-img-lazy-loading-not-1268 avia_image ' src=\"https:\/\/cgogrupcreugroga.com\/wp-content\/uploads\/2023\/02\/AulaMontesori-3.png\" alt='' title='AulaMontesori-3'  height=\"800\" width=\"800\"  itemprop=\"thumbnailUrl\" srcset=\"https:\/\/cgogrupcreugroga.com\/wp-content\/uploads\/2023\/02\/AulaMontesori-3.png 800w, https:\/\/cgogrupcreugroga.com\/wp-content\/uploads\/2023\/02\/AulaMontesori-3-300x300.png 300w, https:\/\/cgogrupcreugroga.com\/wp-content\/uploads\/2023\/02\/AulaMontesori-3-80x80.png 80w, https:\/\/cgogrupcreugroga.com\/wp-content\/uploads\/2023\/02\/AulaMontesori-3-768x768.png 768w, https:\/\/cgogrupcreugroga.com\/wp-content\/uploads\/2023\/02\/AulaMontesori-3-36x36.png 36w, https:\/\/cgogrupcreugroga.com\/wp-content\/uploads\/2023\/02\/AulaMontesori-3-180x180.png 180w, https:\/\/cgogrupcreugroga.com\/wp-content\/uploads\/2023\/02\/AulaMontesori-3-705x705.png 705w, https:\/\/cgogrupcreugroga.com\/wp-content\/uploads\/2023\/02\/AulaMontesori-3-32x32.png 32w, https:\/\/cgogrupcreugroga.com\/wp-content\/uploads\/2023\/02\/AulaMontesori-3-48x48.png 48w\" sizes=\"(max-width: 800px) 100vw, 800px\" \/><\/div><\/div><\/div><\/div><\/div><\/div><\/div><!-- close content main div --><\/div><\/div><div id='after_section_1'  class='main_color av_default_container_wrap container_wrap fullsize'  ><div class='container av-section-cont-open' ><div class='template-page content  av-content-full alpha units'><div class='post-entry post-entry-type-page post-entry-1304'><div class='entry-content-wrapper clearfix'><div  class='flex_column av-av_one_full-7714eba142aeda1f8b5272a3c372b279 av_one_full  avia-builder-el-19  el_after_av_section  avia-builder-el-no-sibling  first flex_column_div  '     ><section  class='av_textblock_section av-ldlgr5je-71d836a3ec30cf3403acdee4c5b5d89c '   itemscope=\"itemscope\" itemtype=\"https:\/\/schema.org\/CreativeWork\" ><div class='avia_textblock'  itemprop=\"text\" ><h3>ENVIA&#8217;NS EL TEU TEL\u00c8FON A TRAV\u00c9S DEL FORMULARI DE CONTACTE I ET TRUQUEM<\/h3>\n<\/div><\/section><br \/>\n<form action=\"https:\/\/cgogrupcreugroga.com\/es\/unidad-de-salud-mental\/aula-montessori\/\" method=\"post\" data-fields-with-error=\"Found errors in the following field(s):\" class=\"avia_ajax_form av-form-labels-visible   avia-builder-el-21  el_after_av_textblock  avia-builder-el-last   \" data-avia-form-id=\"1\" data-avia-redirect='' ><fieldset><p class='  first_form  form_element form_fullwidth' id='element_avia_1_1'><label for=\"avia_1_1\">Nom <abbr class=\"required\" title=\"requerido\">*<\/abbr><\/label> <input name=\"avia_1_1\" class=\"text_input is_empty\" type=\"text\" id=\"avia_1_1\" value=\"\" \/><\/p><p class='  first_form  form_element form_fullwidth' id='element_avia_2_1'><label for=\"avia_2_1\">Tel\u00e8fon <abbr class=\"required\" title=\"requerido\">*<\/abbr><\/label> <input name=\"avia_2_1\" class=\"text_input is_phone\" type=\"text\" id=\"avia_2_1\" value=\"\" \/><\/p><p class='  first_form  form_element form_fullwidth' id='element_avia_3_1'><label for=\"avia_3_1\">Correu electr\u00f2nic <abbr class=\"required\" title=\"requerido\">*<\/abbr><\/label> <input name=\"avia_3_1\" class=\"text_input is_email\" type=\"text\" id=\"avia_3_1\" value=\"\" \/><\/p><p class='  first_form  form_element form_fullwidth' id='element_avia_4_1'><label for=\"avia_4_1\" class=\"textare_label hidden textare_label_avia_4_1\">Missatge<\/label><textarea  name=\"avia_4_1\" class=\"text_area \" cols=\"40\" rows=\"7\" id=\"avia_4_1\" ><\/textarea><\/p><p class=\"hidden\"><input type=\"text\" name=\"avia_5_1\" class=\"hidden \" id=\"avia_5_1\" value=\"\" \/><\/p><p class='   form_element form_fullwidth av-last-visible-form-element' id='element_avia_6_1'><span class='value_verifier_label'>6 + 2 = ?<\/span><input name=\"avia_6_1_verifier\" type=\"hidden\" id=\"avia_6_1_verifier\" value=\"176438485\"\/><label for=\"avia_6_1\">Para mayor seguridad, responde la siguiente pregunta <abbr class=\"required\" title=\"requerido\">*<\/abbr><\/label><input name=\"avia_6_1\" class=\"text_input captcha\" type=\"text\" id=\"avia_6_1\" value=\"\"\/><\/p><p class=' av_form_privacy_check av_contact_privacy_check first_form  form_element form_fullwidth' id='element_avia_7_1'><input  name=\"avia_7_1\" class=\"input_checkbox is_empty\" type=\"checkbox\" id=\"avia_7_1\" value=\"true\"\/><label class=\"input_checkbox_label\" for=\"avia_7_1\">Consiento el uso de mis datos para los fines indicados en la <a href='https:\/\/cgogrupcreugroga.com\/politica-de-privacitat\/' target='_blank'>Pol\u00edtica de privacidad <\/a> \u201cSUS DATOS SEGUROS\u201d. <abbr class=\"required\" title=\"requerido\">*<\/abbr><\/label><\/p><p class=\"form_element \"><input type=\"hidden\" value=\"1\" name=\"avia_generated_form1\" \/><input type=\"submit\" value=\"Enviar\" class=\"button\"  data-sending-label=\"Enviando\"\/><\/p><\/fieldset><\/form><div id=\"ajaxresponse_1\" class=\"ajaxresponse ajaxresponse_1 hidden\"><\/div><\/p><\/div><\/p>\n","protected":false},"excerpt":{"rendered":"","protected":false},"author":2,"featured_media":0,"parent":1301,"menu_order":0,"comment_status":"closed","ping_status":"closed","template":"","meta":{"footnotes":""},"class_list":["post-1304","page","type-page","status-publish","hentry"],"yoast_head":"<!-- This site is optimized with the Yoast SEO plugin v27.4 - https:\/\/yoast.com\/product\/yoast-seo-wordpress\/ -->\n<title>Aula Montessori - CGO Grup Creu Groga<\/title>\n<meta name=\"robots\" content=\"index, follow, max-snippet:-1, max-image-preview:large, max-video-preview:-1\" \/>\n<link rel=\"canonical\" href=\"https:\/\/cgogrupcreugroga.com\/es\/unidad-de-salud-mental\/aula-montessori\/\" \/>\n<meta property=\"og:locale\" content=\"es_ES\" \/>\n<meta property=\"og:type\" content=\"article\" \/>\n<meta property=\"og:title\" content=\"Aula Montessori - CGO Grup Creu Groga\" \/>\n<meta property=\"og:url\" content=\"https:\/\/cgogrupcreugroga.com\/es\/unidad-de-salud-mental\/aula-montessori\/\" \/>\n<meta property=\"og:site_name\" content=\"CGO Grup Creu Groga\" \/>\n<meta property=\"article:modified_time\" content=\"2023-02-01T11:37:46+00:00\" \/>\n<meta name=\"twitter:card\" content=\"summary_large_image\" \/>\n<meta name=\"twitter:label1\" content=\"Tiempo de lectura\" \/>\n\t<meta name=\"twitter:data1\" content=\"9 minutos\" \/>\n<script type=\"application\/ld+json\" class=\"yoast-schema-graph\">{\"@context\":\"https:\\\/\\\/schema.org\",\"@graph\":[{\"@type\":\"WebPage\",\"@id\":\"https:\\\/\\\/cgogrupcreugroga.com\\\/es\\\/unidad-de-salud-mental\\\/aula-montessori\\\/\",\"url\":\"https:\\\/\\\/cgogrupcreugroga.com\\\/es\\\/unidad-de-salud-mental\\\/aula-montessori\\\/\",\"name\":\"Aula Montessori - CGO Grup Creu Groga\",\"isPartOf\":{\"@id\":\"https:\\\/\\\/cgogrupcreugroga.com\\\/es\\\/#website\"},\"datePublished\":\"2023-02-01T09:42:49+00:00\",\"dateModified\":\"2023-02-01T11:37:46+00:00\",\"breadcrumb\":{\"@id\":\"https:\\\/\\\/cgogrupcreugroga.com\\\/es\\\/unidad-de-salud-mental\\\/aula-montessori\\\/#breadcrumb\"},\"inLanguage\":\"es\",\"potentialAction\":[{\"@type\":\"ReadAction\",\"target\":[\"https:\\\/\\\/cgogrupcreugroga.com\\\/es\\\/unidad-de-salud-mental\\\/aula-montessori\\\/\"]}]},{\"@type\":\"BreadcrumbList\",\"@id\":\"https:\\\/\\\/cgogrupcreugroga.com\\\/es\\\/unidad-de-salud-mental\\\/aula-montessori\\\/#breadcrumb\",\"itemListElement\":[{\"@type\":\"ListItem\",\"position\":1,\"name\":\"Portada\",\"item\":\"https:\\\/\\\/cgogrupcreugroga.com\\\/es\\\/inici\\\/\"},{\"@type\":\"ListItem\",\"position\":2,\"name\":\"UNIDAD DE SALUD MENTAL\",\"item\":\"https:\\\/\\\/cgogrupcreugroga.com\\\/es\\\/unidad-de-salud-mental\\\/\"},{\"@type\":\"ListItem\",\"position\":3,\"name\":\"Aula Montessori\"}]},{\"@type\":\"WebSite\",\"@id\":\"https:\\\/\\\/cgogrupcreugroga.com\\\/es\\\/#website\",\"url\":\"https:\\\/\\\/cgogrupcreugroga.com\\\/es\\\/\",\"name\":\"CGO Grup Creu Groga\",\"description\":\"Just another WordPress site\",\"publisher\":{\"@id\":\"https:\\\/\\\/cgogrupcreugroga.com\\\/es\\\/#organization\"},\"potentialAction\":[{\"@type\":\"SearchAction\",\"target\":{\"@type\":\"EntryPoint\",\"urlTemplate\":\"https:\\\/\\\/cgogrupcreugroga.com\\\/es\\\/?s={search_term_string}\"},\"query-input\":{\"@type\":\"PropertyValueSpecification\",\"valueRequired\":true,\"valueName\":\"search_term_string\"}}],\"inLanguage\":\"es\"},{\"@type\":\"Organization\",\"@id\":\"https:\\\/\\\/cgogrupcreugroga.com\\\/es\\\/#organization\",\"name\":\"CGO Grup Creu Groga\",\"url\":\"https:\\\/\\\/cgogrupcreugroga.com\\\/es\\\/\",\"logo\":{\"@type\":\"ImageObject\",\"inLanguage\":\"es\",\"@id\":\"https:\\\/\\\/cgogrupcreugroga.com\\\/es\\\/#\\\/schema\\\/logo\\\/image\\\/\",\"url\":\"https:\\\/\\\/cgogrupcreugroga.com\\\/wp-content\\\/uploads\\\/2022\\\/10\\\/LogosWeb-CGO-Footer.png\",\"contentUrl\":\"https:\\\/\\\/cgogrupcreugroga.com\\\/wp-content\\\/uploads\\\/2022\\\/10\\\/LogosWeb-CGO-Footer.png\",\"width\":300,\"height\":300,\"caption\":\"CGO Grup Creu Groga\"},\"image\":{\"@id\":\"https:\\\/\\\/cgogrupcreugroga.com\\\/es\\\/#\\\/schema\\\/logo\\\/image\\\/\"}}]}<\/script>\n<!-- \/ Yoast SEO plugin. -->","yoast_head_json":{"title":"Aula Montessori - CGO Grup Creu Groga","robots":{"index":"index","follow":"follow","max-snippet":"max-snippet:-1","max-image-preview":"max-image-preview:large","max-video-preview":"max-video-preview:-1"},"canonical":"https:\/\/cgogrupcreugroga.com\/es\/unidad-de-salud-mental\/aula-montessori\/","og_locale":"es_ES","og_type":"article","og_title":"Aula Montessori - CGO Grup Creu Groga","og_url":"https:\/\/cgogrupcreugroga.com\/es\/unidad-de-salud-mental\/aula-montessori\/","og_site_name":"CGO Grup Creu Groga","article_modified_time":"2023-02-01T11:37:46+00:00","twitter_card":"summary_large_image","twitter_misc":{"Tiempo de lectura":"9 minutos"},"schema":{"@context":"https:\/\/schema.org","@graph":[{"@type":"WebPage","@id":"https:\/\/cgogrupcreugroga.com\/es\/unidad-de-salud-mental\/aula-montessori\/","url":"https:\/\/cgogrupcreugroga.com\/es\/unidad-de-salud-mental\/aula-montessori\/","name":"Aula Montessori - CGO Grup Creu Groga","isPartOf":{"@id":"https:\/\/cgogrupcreugroga.com\/es\/#website"},"datePublished":"2023-02-01T09:42:49+00:00","dateModified":"2023-02-01T11:37:46+00:00","breadcrumb":{"@id":"https:\/\/cgogrupcreugroga.com\/es\/unidad-de-salud-mental\/aula-montessori\/#breadcrumb"},"inLanguage":"es","potentialAction":[{"@type":"ReadAction","target":["https:\/\/cgogrupcreugroga.com\/es\/unidad-de-salud-mental\/aula-montessori\/"]}]},{"@type":"BreadcrumbList","@id":"https:\/\/cgogrupcreugroga.com\/es\/unidad-de-salud-mental\/aula-montessori\/#breadcrumb","itemListElement":[{"@type":"ListItem","position":1,"name":"Portada","item":"https:\/\/cgogrupcreugroga.com\/es\/inici\/"},{"@type":"ListItem","position":2,"name":"UNIDAD DE SALUD MENTAL","item":"https:\/\/cgogrupcreugroga.com\/es\/unidad-de-salud-mental\/"},{"@type":"ListItem","position":3,"name":"Aula Montessori"}]},{"@type":"WebSite","@id":"https:\/\/cgogrupcreugroga.com\/es\/#website","url":"https:\/\/cgogrupcreugroga.com\/es\/","name":"CGO Grup Creu Groga","description":"Just another WordPress site","publisher":{"@id":"https:\/\/cgogrupcreugroga.com\/es\/#organization"},"potentialAction":[{"@type":"SearchAction","target":{"@type":"EntryPoint","urlTemplate":"https:\/\/cgogrupcreugroga.com\/es\/?s={search_term_string}"},"query-input":{"@type":"PropertyValueSpecification","valueRequired":true,"valueName":"search_term_string"}}],"inLanguage":"es"},{"@type":"Organization","@id":"https:\/\/cgogrupcreugroga.com\/es\/#organization","name":"CGO Grup Creu Groga","url":"https:\/\/cgogrupcreugroga.com\/es\/","logo":{"@type":"ImageObject","inLanguage":"es","@id":"https:\/\/cgogrupcreugroga.com\/es\/#\/schema\/logo\/image\/","url":"https:\/\/cgogrupcreugroga.com\/wp-content\/uploads\/2022\/10\/LogosWeb-CGO-Footer.png","contentUrl":"https:\/\/cgogrupcreugroga.com\/wp-content\/uploads\/2022\/10\/LogosWeb-CGO-Footer.png","width":300,"height":300,"caption":"CGO Grup Creu Groga"},"image":{"@id":"https:\/\/cgogrupcreugroga.com\/es\/#\/schema\/logo\/image\/"}}]}},"_links":{"self":[{"href":"https:\/\/cgogrupcreugroga.com\/es\/wp-json\/wp\/v2\/pages\/1304","targetHints":{"allow":["GET"]}}],"collection":[{"href":"https:\/\/cgogrupcreugroga.com\/es\/wp-json\/wp\/v2\/pages"}],"about":[{"href":"https:\/\/cgogrupcreugroga.com\/es\/wp-json\/wp\/v2\/types\/page"}],"author":[{"embeddable":true,"href":"https:\/\/cgogrupcreugroga.com\/es\/wp-json\/wp\/v2\/users\/2"}],"replies":[{"embeddable":true,"href":"https:\/\/cgogrupcreugroga.com\/es\/wp-json\/wp\/v2\/comments?post=1304"}],"version-history":[{"count":0,"href":"https:\/\/cgogrupcreugroga.com\/es\/wp-json\/wp\/v2\/pages\/1304\/revisions"}],"up":[{"embeddable":true,"href":"https:\/\/cgogrupcreugroga.com\/es\/wp-json\/wp\/v2\/pages\/1301"}],"wp:attachment":[{"href":"https:\/\/cgogrupcreugroga.com\/es\/wp-json\/wp\/v2\/media?parent=1304"}],"curies":[{"name":"wp","href":"https:\/\/api.w.org\/{rel}","templated":true}]}}