{"id":1652,"date":"2023-05-03T11:29:29","date_gmt":"2023-05-03T11:29:29","guid":{"rendered":"https:\/\/cgogrupcreugroga.com\/?page_id=1652"},"modified":"2024-05-22T10:25:40","modified_gmt":"2024-05-22T10:25:40","slug":"politica-de-privacidad","status":"publish","type":"page","link":"https:\/\/cgogrupcreugroga.com\/es\/politica-de-privacidad\/","title":{"rendered":"Pol\u00edtica de Privacidad"},"content":{"rendered":"<div  class='flex_column av-2s72o4-c97804bc408cd6cbecca63886c5b33e3 av_one_full  avia-builder-el-0  avia-builder-el-no-sibling  first flex_column_div  '     ><section  class='av_textblock_section av-lkvbz843-e30ba796d1c3bdf68bae3a5674e2b3d7 '   itemscope=\"itemscope\" itemtype=\"https:\/\/schema.org\/CreativeWork\" ><div class='avia_textblock'  itemprop=\"text\" ><p><strong>POL\u00cdTICA DE PRIVACIDAD<\/strong><\/p>\n<p>En Centre Ginecologic i Obstetric SL trabajamos para garantizar la privacidad en el tratamiento de sus datos personales. Es por ello, que en cumplimiento de la legislaci\u00f3n vigente en materia de protecci\u00f3n de datos de car\u00e1cter personal RGPD, (UE) 2016\/679, Ley Org\u00e1nica 3\/2018, de 5 de diciembre, de Protecci\u00f3n de Datos Personales y garant\u00eda de los Derechos digitales (LOPDGDD) y de la Ley de Servicios de la Sociedad de la Informaci\u00f3n y Comercio Electr\u00f3nico (LLSI), les informamos sobre nuestra pol\u00edtica de privacidad y de protecci\u00f3n de datos de car\u00e1cter personal. Con el fin de garantizar que est\u00e9n informados de forma transparente sobre la utilizaci\u00f3n por parte de CGOM\u00e8dic perteneciente al grupo CREU GROGA. de sus datos personales (incluyendo los de salud) se informa de los tratamientos en los que podemos incorporar los datos de nuestros grupos de inter\u00e9s que utilicen esta web.<\/p>\n<p><strong>\u00bfQui\u00e9n es el responsable del tratamiento de sus datos personales?<\/strong><\/p>\n<p>Ser\u00e1 responsable de sus datos: CGO Centre Ginecologic i Obstetric SL con domicilio social en C\/ Iluro, 14-18 08301 MATAR\u00d3 (Barcelona)CIF \/ NIF B60082526 (en adelante <strong>CGOM\u00c8DIC)<\/strong><\/p>\n<p>En su caso, los datos que se le pidan a usted como \u00abPaciente\u00bb, \u00abTutor\u00bb o \u00abPadres\u00bb a trav\u00e9s de cualquier medio son confidenciales y son protegidos de manera adecuada. El Paciente y \/ o Tutor o Padres se compromete a que toda la informaci\u00f3n que facilite a <strong>CGOM\u00c8DIC<\/strong> es veraz y no se ha omitido ning\u00fan dato sobre su estado de salud. No est\u00e1 obligado a proporcionar todos los datos que le pide <strong>CGOM\u00c8DIC <\/strong>pero, si no se facilitan todos los datos personales considerados necesarios para, entre otros, procurar la m\u00e1xima asistencia sanitaria que pueda necesitar, esto puede ocasionar un retraso o impedir su diagn\u00f3stico o tratamiento. Se deber\u00e1n proporcionar Datos Personales verdaderos, exactos, completos y actualizados. El Paciente y \/ o Tutor o Padres, seg\u00fan aplique en el caso concreto, ser\u00e1 el \u00fanico responsable de cualquier da\u00f1o o perjuicio, directo o indirecto, que pudiera ocasionar a <strong>CGOM\u00c8DIC<\/strong> o a cualquier tercero por haber proporcionado datos falsos, inexactos, incompletos o no actualizados.<\/p>\n<p>Adem\u00e1s <strong>CGOM\u00c8DIC<\/strong>, puede recibir sus datos como persona de contacto de otros grupos de inter\u00e9s de<strong> CGOM\u00c8DIC<\/strong> o como candidata a puestos de trabajo de la organizaci\u00f3n.<\/p>\n<p><strong>\u00bfPara qu\u00e9 utilizamos sus datos personales?<\/strong><\/p>\n<p>En <strong>CGOM\u00c8DIC<\/strong> tratamos los datos personales como Paciente y \/ o Tutor o Padres para poder ejecutar el contrato y prestarle el mejor servicio asistencial, con el m\u00e1ximo respeto a la confidencialidad y seguridad de su informaci\u00f3n, y para los mismos fines para las que haya consentido o que est\u00e9n justificados en base a otra legitimaci\u00f3n prevista en el Reglamento. Concretamente los fines actuales para los que recogemos sus datos como \u00abPaciente\u00bb, \u00abTutor\u00bb o \u00abPadres\u00bb son:<\/p>\n<ol>\n<li>Formalizaci\u00f3n, desarrollo y ejecuci\u00f3n del contrato. <strong>CGOM\u00c8DIC<\/strong> podr\u00e1 tratar sus datos personales para realizar estudios estad\u00edsticos, de calidad o an\u00e1lisis t\u00e9cnicos, incluso realizar encuestas de satisfacci\u00f3n. En el mismo marco tambi\u00e9n se podr\u00e1n enviar recordatorios de visita por cualquier medio telem\u00e1tico (tel\u00e9fono, SMS, o email del Paciente y \/ o Tutor o Padres, \u2026) o bien gestionar peticiones de los interesados \u200b\u200b( \u00abLl\u00e1manos\u00bb o \u00abanulaci\u00f3n de visita por medios telem\u00e1ticos\u00bb).<\/li>\n<li>Prestaci\u00f3n del servicio asistencial integral objeto del Contrato.<\/li>\n<\/ol>\n<p>Dado que la asistencia puede estar concertada con entidades aseguradoras, le advertimos que estas nos ceder\u00e1n y solicitar\u00e1n sus Datos Personales y especialmente, sobre su asistencia. En todo caso la finalidad de tal solicitud queda encuadrada en el desarrollo del contrato de seguro, la determinaci\u00f3n de la asistencia sanitaria, para el adecuado abono a los prestadores sanitarios o el reintegro al asegurado o sus beneficiarios de los gastos de asistencia sanitaria, a prevenir el fraude u otros.<\/p>\n<ol>\n<li>Investigaci\u00f3n cient\u00edfica y an\u00e1lisis que permita dise\u00f1ar modelos asistenciales a efectos de prevenci\u00f3n y mejora de salud del Paciente.<\/li>\n<li>Cumplimiento de obligaciones que le correspondan a CGOM\u00c8DIC por mandato legal.<\/li>\n<li>Elaborar perfiles vinculados al dise\u00f1o y mejora de campa\u00f1as de salud o para el ofrecimiento de nuevos productos y servicios. CGOM\u00c8DIC podr\u00e1 tratar los Datos Personales del Paciente con el objetivo de que su experiencia est\u00e9 lo m\u00e1s orientada posible hacia el Paciente. CGOM\u00c8DIC dise\u00f1ar\u00e1 modelos asistenciales o campa\u00f1as que podr\u00e1 ofrecer al Paciente y \/ o Padres o Tutor en su caso, teniendo en cuenta las caracter\u00edsticas y necesidades espec\u00edficas del propio Paciente. Por lo tanto, CGOM\u00c8DIC necesitar\u00e1 tratar los Datos Personales del Paciente, para poder ofrecer y gestionar estos modelos asistenciales o campa\u00f1as. Asimismo, CGOM\u00c8DIC como consecuencia del tratamiento de los Datos Personales del Paciente, podr\u00e1 elaborar planes de salud personalizados y programas de seguimiento proactivos.<\/li>\n<\/ol>\n<p>Para llevar a cabo la selecci\u00f3n de Pacientes, se podr\u00e1n tomar decisiones basadas \u00fanicamente en tratamientos automatizados en algunos casos, incluida la elaboraci\u00f3n de perfiles. En este caso se podr\u00e1n utilizar procedimientos automatizados de an\u00e1lisis para reconocer los intereses y necesidades del Paciente bas\u00e1ndose en el tipo de interacci\u00f3n de \u00e9ste con CGOM\u00c8DIC y as\u00ed hacerle llegar, entre otros, informaci\u00f3n personalizada con indicaciones y consejos.<\/p>\n<ol>\n<li>Env\u00edo de comunicaciones comerciales por cualquier canal, incluido por v\u00eda electr\u00f3nica. Tal como se ha descrito m\u00e1s arriba, CGOM\u00c8DIC tratar\u00e1 los Datos Personales del Paciente y \/ o Tutor o Padres para informarle y asesorarle de forma personalizada, teniendo en cuenta sus intereses y necesidades particulares. As\u00ed, CGOM\u00c8DIC tratar\u00e1 los Datos Personales del Paciente y \/ o Tutor o Padres para realizar el env\u00edo de comunicaciones comerciales, incluyendo el env\u00edo de encuestas de satisfacci\u00f3n, servicios o campa\u00f1as relacionados con la salud o bienestar por cualquier v\u00eda, incluyendo las telem\u00e1ticas sobre ofertas personalizadas que respondan a sus intereses.<\/li>\n<li>Procedimientos de anonimizaci\u00f3n y seudoanonimizaci\u00f3n. A veces, CGOM\u00c8DIC podr\u00e1 aplicar ciertos procedimientos sobre los Datos Personales del Paciente de manera que o bien no sea posible encontrar una relaci\u00f3n entre una persona f\u00edsica identificada o identificable y los Datos Personales tratados o bien, estos Datos Personales no puedan atribuirse a una persona determinada sin utilizar informaci\u00f3n adicional que figure por separado. Estos procedimientos se aplicar\u00e1n para poder tratar los datos anonimizados o seudoanonimizados con fines de investigaci\u00f3n cient\u00edfica o estad\u00edstica.<\/li>\n<\/ol>\n<p>Adem\u00e1s, como persona de contacto de otros grupos de inter\u00e9s de CGOM\u00c8DIC o como candidata a puestos de trabajo de la organizaci\u00f3n la finalidad del tratamiento de sus datos personales son:<\/p>\n<ol>\n<li>Gestionar datos facilitados directamente por el propio interesado, como persona que contacta con CGOM\u00c8DIC para gestionar relaciones entre CGOM\u00c8DIC y ella misma o su grupo de inter\u00e9s, lo que incluye informarle, dar respuesta a sus solicitudes, peticiones (por ejemplo para ser llamado) o consultas y hacer un seguimiento posterior.<\/li>\n<li>En cuanto a los candidatos a puestos de trabajo de CGOM\u00c8DIC para gestionar la relaci\u00f3n con estos, incluyendo mantenerlos informados de las diferentes vacantes que se produzcan en nuestra organizaci\u00f3n.<\/li>\n<\/ol>\n<p><strong>\u00bfPor qu\u00e9 raz\u00f3n utilizamos sus datos personales?<\/strong><\/p>\n<p>Tratamos sus datos como \u00abPaciente\u00bb, \u00abTutor\u00bb o \u00abPadres\u00bb:<\/p>\n<p>Para la ejecuci\u00f3n de su contrato con CGOM\u00c8DIC o la prestaci\u00f3n de servicio m\u00e9dico o asistencial que requiere, incluyendo el env\u00edo de recordatorio de visita, revisi\u00f3n peri\u00f3dica, etc. por medios telem\u00e1ticos. Finalidades (A); (B) y (C)<\/p>\n<p>Cuando CGOM\u00c8DIC tiene un inter\u00e9s leg\u00edtimo para este tratamiento de datos como puede ser los del \u00e1rea de administraci\u00f3n y calidad de CGOM\u00c8DIC o que podamos atender mejor sus expectativas y mejorar su grado de satisfacci\u00f3n como Paciente. En CGOM\u00c8DIC consideramos que tiene una expectativa razonable de que se utilicen los datos para que podamos mejorar los productos y servicios y pueda disfrutar de una mejor experiencia como Paciente. Finalidad (B).<\/p>\n<p>Para permitir a CGOM\u00c8DIC cumplir con sus obligaciones legales y entre ellas, las leyes relativas a la actividad sanitaria, las leyes tributarias o la normativa en materia de protecci\u00f3n de datos de car\u00e1cter personal vigente. Finalidad (D)<\/p>\n<p>Con fines de investigaci\u00f3n cient\u00edfica o estad\u00edstica para mejorar la calidad, salud y bienestar de nuestros Pacientes. Finalidad (G)<\/p>\n<p>Cuando nos da este consentimiento para, por ejemplo, ofrecerle \u2013 por cualquier v\u00eda telem\u00e1tica o telef\u00f3nica- productos y servicios de CGOM\u00c8DIC, incluso realizando un an\u00e1lisis de sus intereses y necesidades; para la investigaci\u00f3n cient\u00edfica y estad\u00edstica o para la realizaci\u00f3n de perfiles e inclusi\u00f3n en campa\u00f1as de salud. Finalidades (E) y (F). En ning\u00fan caso la retirada de este consentimiento condiciona la ejecuci\u00f3n del contrato de prestaci\u00f3n de servicios.<\/p>\n<p>Adem\u00e1s:<\/p>\n<p>La base legal para el tratamiento de sus datos como persona de contacto es la satisfacci\u00f3n del inter\u00e9s leg\u00edtimo de responder a las comunicaciones de las personas de los grupos de inter\u00e9s de CGOM\u00c8DIC.<\/p>\n<p>La base del env\u00edo de comunicaciones a candidatos a puestos de trabajo es que este tratamiento es necesario para las medidas precontractuales (proceso de selecci\u00f3n) en que el interesado es parte.<\/p>\n<p><strong>\u00bfDurante cu\u00e1nto tiempo conservar\u00e1 CGOM\u00c8DIC sus datos?<\/strong><\/p>\n<p>Conservaremos sus datos personales como \u00abPaciente\u00bb, \u00abTutor\u00bb o \u00abPadres\u00bb durante la vigencia de la relaci\u00f3n contractual. Los datos que formen parte de su historia cl\u00ednica se conservar\u00e1n durante al menos 5 a\u00f1os, contados desde la fecha del alta de cada proceso asistencial.<\/p>\n<p>En cuanto al resto de sus datos personales, CGOM\u00c8DIC conservar\u00e1 los Datos Personales por el tiempo que dure la relaci\u00f3n contractual y en todo caso, durante el per\u00edodo que resulte necesario para la formulaci\u00f3n, el ejercicio o la defensa de potenciales reclamaciones, para cumplir con obligaciones de conservaci\u00f3n de documentaci\u00f3n cl\u00ednica y \/ o siempre que lo permita la legislaci\u00f3n aplicable. Una vez finalizado dicho plazo, CGOM\u00c8DIC se compromete a cesar el tratamiento de todos los datos personales, as\u00ed como bloquearlos debidamente. Sin embargo, los datos personales podr\u00e1n conservarse cuando resulte necesario durante per\u00edodos m\u00e1s largos siempre que se traten exclusivamente con fines de asistencia sanitaria, fines m\u00e9dicos, de investigaci\u00f3n cient\u00edfica y \/ o estad\u00edstica. Transcurridos los plazos de prescripci\u00f3n legal, destruiremos o anonimizar sus datos en el momento en que ejerza sus derechos de supresi\u00f3n.<\/p>\n<p>Para el tratamiento de sus datos como persona de contacto los datos asociados a solicitud, petici\u00f3n o consulta se conservar\u00e1n mientras la misma no est\u00e9 totalmente completa. Una vez totalmente resuelta la solicitud, se conservar\u00e1n los datos por un m\u00e1ximo de dos a\u00f1os.<\/p>\n<p>Para los datos relativos a los candidatos a puestos de trabajo de CGOM\u00c8DIC, estas se conservar\u00e1n hasta la adjudicaci\u00f3n de un puesto de trabajo o hasta que se ejerza el derecho de cancelaci\u00f3n.<\/p>\n<p><strong>\u00bfA qui\u00e9n comunicaremos sus datos?<\/strong><\/p>\n<p>No cederemos sus datos personales a terceros, salvo que sea necesario para prestarle el servicio dentro de las empresas del grupo, que estemos cubiertos por una ley o que usted haya sido informado previamente por CGOM\u00c8DIC. Adem\u00e1s, el Paciente y \/ o Tutor o Padres entiende que CGOM\u00c8DIC podr\u00e1 realizar cesiones o comunicaciones de datos personales para atender sus obligaciones con las Administraciones P\u00fablicas en los casos que as\u00ed se requiera de acuerdo con la legislaci\u00f3n vigente en cada momento y en su caso, igualmente a otros \u00f3rganos como Fuerzas y Cuerpos de Seguridad del Estado y los \u00f3rganos judiciales o en otros centros sanitarios en caso de inter\u00e9s vital.<\/p>\n<p>Para poder prestarle un servicio adecuado y gestionar la relaci\u00f3n que mantenemos con usted como Paciente, le informamos de la relaci\u00f3n por categor\u00edas de empresas que tratan sus datos por cuenta del grupo CREU GROGA.<\/p>\n<ul>\n<li>Servicios m\u00e9dicos.<\/li>\n<li>Servicios prot\u00e9sicos.<\/li>\n<li>Centros especializados de informaci\u00f3n de pruebas y laboratorios m\u00e9dicos externos al centro.<\/li>\n<li>Servicios de auditor\u00eda y consultor\u00eda.<\/li>\n<li>Servicios de retirada y destrucci\u00f3n de documentaci\u00f3n.<\/li>\n<li>Otras actividades de apoyo a las empresas.<\/li>\n<li>Servicios de actividades jur\u00eddicas y reclamaciones.<\/li>\n<li>Servicios inform\u00e1ticos.<\/li>\n<li>Servicios de plataformas tecnol\u00f3gicas.<\/li>\n<li>Servicios de hosting.<\/li>\n<li>Otros servicios relacionados con las tecnolog\u00edas de la informaci\u00f3n y la inform\u00e1tica.<\/li>\n<\/ul>\n<p><strong>\u00bfTransferencias de datos a terceros pa\u00edses?<\/strong><\/p>\n<p>No se realizan transferencias de datos a terceros pa\u00edses.<\/p>\n<p><strong>\u00bfCu\u00e1les son sus derechos cuando nos facilita sus datos?<\/strong><\/p>\n<ul>\n<li>Cualquier persona tiene derecho a obtener confirmaci\u00f3n sobre si en CGOM\u00c8DIC estamos tratando datos personales que les conciernan, o no.<\/li>\n<li>Los interesados \u200b\u200btienen derecho a acceder a sus datos personales, as\u00ed como solicitar la rectificaci\u00f3n de los datos inexactos o, en su caso, solicitar su supresi\u00f3n cuando, entre otros motivos, los datos ya no sean necesarios para las finalidades para las que fueron recogidos.<\/li>\n<li>En determinadas circunstancias, los interesados \u200b\u200bpodr\u00e1n solicitar la limitaci\u00f3n del tratamiento de sus datos o su portabilidad, en este caso \u00fanicamente los conservaremos para el ejercicio o la defensa de reclamaciones.<\/li>\n<li>En determinadas circunstancias y por motivos relacionados con su situaci\u00f3n particular, los interesados \u200b\u200bpodr\u00e1n oponerse al tratamiento de sus datos. En este caso, CGOM\u00c8DIC dejar\u00e1 de tratar los datos, excepto por motivos leg\u00edtimos imperiosos, o el ejercicio o la defensa de posibles reclamaciones.<\/li>\n<\/ul>\n<p>Puede ejercer los derechos que le otorga el Reglamento por correo a Att. LOPD, CGOM\u00c8DICC \/ C\/ Iluro, 14-18, 08301 MATAR\u00d3 (Barcelona) o mediante el correo dpd.grupcg@setemcat.com. Recuerde acompa\u00f1ar a su solicitud una copia de su DNI o documento equivalente acreditativo de su identidad o representaci\u00f3n.<\/p>\n<p>Adem\u00e1s de los anteriores derechos, tendr\u00e1 derecho a retirar el consentimiento otorgado en cualquier momento mediante el procedimiento descrito m\u00e1s arriba. Si ha otorgado su consentimiento para alguna finalidad concreta, tiene derecho a retirar el consentimiento otorgado en cualquier momento, sin que ello afecte a la licitud del tratamiento basado en su consentimiento previo a su retirada.<\/p>\n<p>En caso de que considere vulnerados sus derechos en cuanto a la protecci\u00f3n de sus datos personales, especialmente cuando no haya obtenido satisfacci\u00f3n en el ejercicio de sus derechos, puede presentar una reclamaci\u00f3n ante la Autoridad de Control en materia de protecci\u00f3n de datos competente a trav\u00e9s de su sitio web: www.agpd.es.<\/p>\n<p><strong>\u00bfComo hemos obtenido sus datos?<\/strong><\/p>\n<p>Los datos personales que tratamos en CGOM\u00c8DIC proceden de los propios interesados o su representante legal.<\/p>\n<p>Le recordamos que no se deben facilitar datos de terceros a menos que se tenga autorizaci\u00f3n de estos y les haya informado previamente.<\/p>\n<p><strong>\u00bfQui\u00e9n velar\u00e1 por los datos en grupo CREU GROGA?<\/strong><\/p>\n<p>El Delegado de Protecci\u00f3n de Datos de CGOM\u00c8DIC ser\u00e1 el responsable dentro de CGOM\u00c8DIC del cumplimiento de la normativa de protecci\u00f3n de datos. El DPO contar\u00e1 con un equipo para darle apoyo y atender a los clientes dentro de la Compa\u00f1\u00eda (Equipo de Privacidad).<\/p>\n<p>El Paciente y \/ o Tutor o Padres podr\u00e1 contactar con el delegado de Protecci\u00f3n de Datos de CGOM\u00c8DIC y su Equipo de Privacidad en la siguiente direcci\u00f3n: dpd.grupcg@setemcat.com o la direcci\u00f3n postal de CGOM\u00c8DIC (att. DPO). C\/ Iluro, 14-18 08301 MATAR\u00d3 (Barcelona)<\/p>\n<\/div><\/section><\/div>\n","protected":false},"excerpt":{"rendered":"","protected":false},"author":2,"featured_media":0,"parent":0,"menu_order":0,"comment_status":"closed","ping_status":"closed","template":"","meta":{"footnotes":""},"class_list":["post-1652","page","type-page","status-publish","hentry"],"yoast_head":"<!-- This site is optimized with the Yoast SEO plugin v27.4 - https:\/\/yoast.com\/product\/yoast-seo-wordpress\/ -->\n<title>Pol\u00edtica de Privacidad - CGO Grup Creu Groga<\/title>\n<meta name=\"robots\" content=\"index, follow, max-snippet:-1, max-image-preview:large, max-video-preview:-1\" \/>\n<link rel=\"canonical\" href=\"https:\/\/cgogrupcreugroga.com\/es\/politica-de-privacidad\/\" \/>\n<meta property=\"og:locale\" content=\"es_ES\" \/>\n<meta property=\"og:type\" content=\"article\" \/>\n<meta property=\"og:title\" content=\"Pol\u00edtica de Privacidad - CGO Grup Creu Groga\" \/>\n<meta property=\"og:url\" content=\"https:\/\/cgogrupcreugroga.com\/es\/politica-de-privacidad\/\" \/>\n<meta property=\"og:site_name\" content=\"CGO Grup Creu Groga\" \/>\n<meta property=\"article:modified_time\" content=\"2024-05-22T10:25:40+00:00\" \/>\n<meta name=\"twitter:card\" content=\"summary_large_image\" \/>\n<meta name=\"twitter:label1\" content=\"Tiempo de lectura\" \/>\n\t<meta name=\"twitter:data1\" content=\"6 minutos\" \/>\n<script type=\"application\/ld+json\" class=\"yoast-schema-graph\">{\"@context\":\"https:\\\/\\\/schema.org\",\"@graph\":[{\"@type\":\"WebPage\",\"@id\":\"https:\\\/\\\/cgogrupcreugroga.com\\\/es\\\/politica-de-privacidad\\\/\",\"url\":\"https:\\\/\\\/cgogrupcreugroga.com\\\/es\\\/politica-de-privacidad\\\/\",\"name\":\"Pol\u00edtica de Privacidad - CGO Grup Creu Groga\",\"isPartOf\":{\"@id\":\"https:\\\/\\\/cgogrupcreugroga.com\\\/es\\\/#website\"},\"datePublished\":\"2023-05-03T11:29:29+00:00\",\"dateModified\":\"2024-05-22T10:25:40+00:00\",\"breadcrumb\":{\"@id\":\"https:\\\/\\\/cgogrupcreugroga.com\\\/es\\\/politica-de-privacidad\\\/#breadcrumb\"},\"inLanguage\":\"es\",\"potentialAction\":[{\"@type\":\"ReadAction\",\"target\":[\"https:\\\/\\\/cgogrupcreugroga.com\\\/es\\\/politica-de-privacidad\\\/\"]}]},{\"@type\":\"BreadcrumbList\",\"@id\":\"https:\\\/\\\/cgogrupcreugroga.com\\\/es\\\/politica-de-privacidad\\\/#breadcrumb\",\"itemListElement\":[{\"@type\":\"ListItem\",\"position\":1,\"name\":\"Portada\",\"item\":\"https:\\\/\\\/cgogrupcreugroga.com\\\/es\\\/inici\\\/\"},{\"@type\":\"ListItem\",\"position\":2,\"name\":\"Pol\u00edtica de Privacidad\"}]},{\"@type\":\"WebSite\",\"@id\":\"https:\\\/\\\/cgogrupcreugroga.com\\\/es\\\/#website\",\"url\":\"https:\\\/\\\/cgogrupcreugroga.com\\\/es\\\/\",\"name\":\"CGO Grup Creu Groga\",\"description\":\"Just another WordPress site\",\"publisher\":{\"@id\":\"https:\\\/\\\/cgogrupcreugroga.com\\\/es\\\/#organization\"},\"potentialAction\":[{\"@type\":\"SearchAction\",\"target\":{\"@type\":\"EntryPoint\",\"urlTemplate\":\"https:\\\/\\\/cgogrupcreugroga.com\\\/es\\\/?s={search_term_string}\"},\"query-input\":{\"@type\":\"PropertyValueSpecification\",\"valueRequired\":true,\"valueName\":\"search_term_string\"}}],\"inLanguage\":\"es\"},{\"@type\":\"Organization\",\"@id\":\"https:\\\/\\\/cgogrupcreugroga.com\\\/es\\\/#organization\",\"name\":\"CGO Grup Creu Groga\",\"url\":\"https:\\\/\\\/cgogrupcreugroga.com\\\/es\\\/\",\"logo\":{\"@type\":\"ImageObject\",\"inLanguage\":\"es\",\"@id\":\"https:\\\/\\\/cgogrupcreugroga.com\\\/es\\\/#\\\/schema\\\/logo\\\/image\\\/\",\"url\":\"https:\\\/\\\/cgogrupcreugroga.com\\\/wp-content\\\/uploads\\\/2022\\\/10\\\/LogosWeb-CGO-Footer.png\",\"contentUrl\":\"https:\\\/\\\/cgogrupcreugroga.com\\\/wp-content\\\/uploads\\\/2022\\\/10\\\/LogosWeb-CGO-Footer.png\",\"width\":300,\"height\":300,\"caption\":\"CGO Grup Creu Groga\"},\"image\":{\"@id\":\"https:\\\/\\\/cgogrupcreugroga.com\\\/es\\\/#\\\/schema\\\/logo\\\/image\\\/\"}}]}<\/script>\n<!-- \/ Yoast SEO plugin. -->","yoast_head_json":{"title":"Pol\u00edtica de Privacidad - CGO Grup Creu Groga","robots":{"index":"index","follow":"follow","max-snippet":"max-snippet:-1","max-image-preview":"max-image-preview:large","max-video-preview":"max-video-preview:-1"},"canonical":"https:\/\/cgogrupcreugroga.com\/es\/politica-de-privacidad\/","og_locale":"es_ES","og_type":"article","og_title":"Pol\u00edtica de Privacidad - CGO Grup Creu Groga","og_url":"https:\/\/cgogrupcreugroga.com\/es\/politica-de-privacidad\/","og_site_name":"CGO Grup Creu Groga","article_modified_time":"2024-05-22T10:25:40+00:00","twitter_card":"summary_large_image","twitter_misc":{"Tiempo de lectura":"6 minutos"},"schema":{"@context":"https:\/\/schema.org","@graph":[{"@type":"WebPage","@id":"https:\/\/cgogrupcreugroga.com\/es\/politica-de-privacidad\/","url":"https:\/\/cgogrupcreugroga.com\/es\/politica-de-privacidad\/","name":"Pol\u00edtica de Privacidad - CGO Grup Creu Groga","isPartOf":{"@id":"https:\/\/cgogrupcreugroga.com\/es\/#website"},"datePublished":"2023-05-03T11:29:29+00:00","dateModified":"2024-05-22T10:25:40+00:00","breadcrumb":{"@id":"https:\/\/cgogrupcreugroga.com\/es\/politica-de-privacidad\/#breadcrumb"},"inLanguage":"es","potentialAction":[{"@type":"ReadAction","target":["https:\/\/cgogrupcreugroga.com\/es\/politica-de-privacidad\/"]}]},{"@type":"BreadcrumbList","@id":"https:\/\/cgogrupcreugroga.com\/es\/politica-de-privacidad\/#breadcrumb","itemListElement":[{"@type":"ListItem","position":1,"name":"Portada","item":"https:\/\/cgogrupcreugroga.com\/es\/inici\/"},{"@type":"ListItem","position":2,"name":"Pol\u00edtica de Privacidad"}]},{"@type":"WebSite","@id":"https:\/\/cgogrupcreugroga.com\/es\/#website","url":"https:\/\/cgogrupcreugroga.com\/es\/","name":"CGO Grup Creu Groga","description":"Just another WordPress site","publisher":{"@id":"https:\/\/cgogrupcreugroga.com\/es\/#organization"},"potentialAction":[{"@type":"SearchAction","target":{"@type":"EntryPoint","urlTemplate":"https:\/\/cgogrupcreugroga.com\/es\/?s={search_term_string}"},"query-input":{"@type":"PropertyValueSpecification","valueRequired":true,"valueName":"search_term_string"}}],"inLanguage":"es"},{"@type":"Organization","@id":"https:\/\/cgogrupcreugroga.com\/es\/#organization","name":"CGO Grup Creu Groga","url":"https:\/\/cgogrupcreugroga.com\/es\/","logo":{"@type":"ImageObject","inLanguage":"es","@id":"https:\/\/cgogrupcreugroga.com\/es\/#\/schema\/logo\/image\/","url":"https:\/\/cgogrupcreugroga.com\/wp-content\/uploads\/2022\/10\/LogosWeb-CGO-Footer.png","contentUrl":"https:\/\/cgogrupcreugroga.com\/wp-content\/uploads\/2022\/10\/LogosWeb-CGO-Footer.png","width":300,"height":300,"caption":"CGO Grup Creu Groga"},"image":{"@id":"https:\/\/cgogrupcreugroga.com\/es\/#\/schema\/logo\/image\/"}}]}},"_links":{"self":[{"href":"https:\/\/cgogrupcreugroga.com\/es\/wp-json\/wp\/v2\/pages\/1652","targetHints":{"allow":["GET"]}}],"collection":[{"href":"https:\/\/cgogrupcreugroga.com\/es\/wp-json\/wp\/v2\/pages"}],"about":[{"href":"https:\/\/cgogrupcreugroga.com\/es\/wp-json\/wp\/v2\/types\/page"}],"author":[{"embeddable":true,"href":"https:\/\/cgogrupcreugroga.com\/es\/wp-json\/wp\/v2\/users\/2"}],"replies":[{"embeddable":true,"href":"https:\/\/cgogrupcreugroga.com\/es\/wp-json\/wp\/v2\/comments?post=1652"}],"version-history":[{"count":1,"href":"https:\/\/cgogrupcreugroga.com\/es\/wp-json\/wp\/v2\/pages\/1652\/revisions"}],"predecessor-version":[{"id":2159,"href":"https:\/\/cgogrupcreugroga.com\/es\/wp-json\/wp\/v2\/pages\/1652\/revisions\/2159"}],"wp:attachment":[{"href":"https:\/\/cgogrupcreugroga.com\/es\/wp-json\/wp\/v2\/media?parent=1652"}],"curies":[{"name":"wp","href":"https:\/\/api.w.org\/{rel}","templated":true}]}}