{"id":2014,"date":"2023-11-29T15:47:53","date_gmt":"2023-11-29T15:47:53","guid":{"rendered":"https:\/\/cgogrupcreugroga.com\/?page_id=2014"},"modified":"2023-11-30T11:59:44","modified_gmt":"2023-11-30T11:59:44","slug":"canal-etico","status":"publish","type":"page","link":"https:\/\/cgogrupcreugroga.com\/es\/canal-etico\/","title":{"rendered":"Canal \u00e9tico"},"content":{"rendered":"<div id='av_section_1'  class='avia-section av-3mgz26-71eec989e1d95cf30a42ebf3f9121876 main_color avia-section-default avia-no-border-styling  avia-builder-el-0  el_before_av_section  avia-builder-el-first  avia-bg-style-scroll container_wrap fullsize'  ><div class='container av-section-cont-open' ><main  role=\"main\" itemprop=\"mainContentOfPage\"  class='template-page content  av-content-full alpha units'><div class='post-entry post-entry-type-page post-entry-2014'><div class='entry-content-wrapper clearfix'>\n<div  class='flex_column av-2u38ni-3851018d571343806d1e935307f6a1fd av_one_full  avia-builder-el-1  avia-builder-el-no-sibling  first flex_column_div  '     ><section  class='av_textblock_section av-lpjxu34y-c61fcdb9de931c7ad2f3cc92801d0861 '   itemscope=\"itemscope\" itemtype=\"https:\/\/schema.org\/CreativeWork\" ><div class='avia_textblock'  itemprop=\"text\" ><h1 style=\"text-align: center;\">CANAL \u00c9TICO<\/h1>\n<\/div><\/section><br \/>\n\n<style type=\"text\/css\" data-created_by=\"avia_inline_auto\" id=\"style-css-av-lpjxvcin-5918c69f3f8c2e0f6da6ce3f08925e44\">\n#top .hr.av-lpjxvcin-5918c69f3f8c2e0f6da6ce3f08925e44{\nmargin-top:0px;\nmargin-bottom:20px;\n}\n.hr.av-lpjxvcin-5918c69f3f8c2e0f6da6ce3f08925e44 .hr-inner{\nwidth:50px;\nborder-color:#017c95;\n}\n<\/style>\n<div  class='hr av-lpjxvcin-5918c69f3f8c2e0f6da6ce3f08925e44 hr-custom  avia-builder-el-3  el_after_av_textblock  el_before_av_textblock  hr-center hr-icon-no'><span class='hr-inner inner-border-av-border-fat'><span class=\"hr-inner-style\"><\/span><\/span><\/div><br \/>\n<section  class='av_textblock_section av-lpjxuevy-25ab8abdbc90ffcaed7c2ecdb4fc0747 '   itemscope=\"itemscope\" itemtype=\"https:\/\/schema.org\/CreativeWork\" ><div class='avia_textblock'  itemprop=\"text\" ><p style=\"text-align: center;\">El <strong>Grupo Creu Groga<\/strong> se basa en el fomento de un entorno seguro, responsable, \u00e9tico, transparente, de igualdad y de confianza para todos nuestros empleados, usuarios y proveedores. Adem\u00e1s, uno de nuestros fundamentos es cuidar el medio ambiente y el entorno social.<\/p>\n<p style=\"text-align: center;\">Sin embargo, el grupo se basa en un C\u00f3digo \u00c9tico que define la hoja de ruta y el marco normativo que contempla, adem\u00e1s, los valores, la misi\u00f3n y la visi\u00f3n del Grupo Creu Groga.<\/p>\n<\/div><\/section><br \/>\n\n<style type=\"text\/css\" data-created_by=\"avia_inline_auto\" id=\"style-css-av-lpjxvp32-6575fbf346aa670128965ced278f70d1\">\n#top .hr.hr-invisible.av-lpjxvp32-6575fbf346aa670128965ced278f70d1{\nheight:20px;\n}\n<\/style>\n<div  class='hr av-lpjxvp32-6575fbf346aa670128965ced278f70d1 hr-invisible  avia-builder-el-5  el_after_av_textblock  avia-builder-el-last '><span class='hr-inner '><span class=\"hr-inner-style\"><\/span><\/span><\/div><\/p><\/div>\n\n<\/div><\/div><\/main><!-- close content main element --><\/div><\/div>\n<style type=\"text\/css\" data-created_by=\"avia_inline_auto\" id=\"style-css-av-lpjxwove-33f3c033661946c05a2eb42a8b183746\">\n.avia-section.av-lpjxwove-33f3c033661946c05a2eb42a8b183746{\nbackground-color:#017c95;\nbackground-image:unset;\n}\n<\/style>\n<div id='av_section_2'  class='avia-section av-lpjxwove-33f3c033661946c05a2eb42a8b183746 main_color avia-section-default avia-no-border-styling  avia-builder-el-6  el_after_av_section  el_before_av_section  avia-bg-style-scroll container_wrap fullsize'  ><div class='container av-section-cont-open' ><div class='template-page content  av-content-full alpha units'><div class='post-entry post-entry-type-page post-entry-2014'><div class='entry-content-wrapper clearfix'>\n<div  class='avia-button-wrap av-lpjxxuv0-a8b1e8e31106f1f2faa5aacce263e2dd-wrap avia-button-center  avia-builder-el-7  avia-builder-el-no-sibling '><a href='https:\/\/cgogrupcreugroga.com\/wp-content\/uploads\/2023\/11\/CODIGO-ETICO-Y-CONDUCTA-GRUPO-CREU-GROGA-1.pdf'  class='avia-button av-lpjxxuv0-a8b1e8e31106f1f2faa5aacce263e2dd av-link-btn avia-icon_select-no avia-size-x-large avia-position-center avia-color-light'   aria-label=\"C\u00d3DIGO \u00c9TICO\"><span class='avia_iconbox_title' >C\u00d3DIGO \u00c9TICO<\/span><\/a><\/div>\n\n<\/div><\/div><\/div><!-- close content main div --><\/div><\/div><div id='av_section_3'  class='avia-section av-67t3ke-0705fc7c0d374185ee525f7977e1a822 main_color avia-section-default avia-no-border-styling  avia-builder-el-8  el_after_av_section  el_before_av_layout_row  avia-bg-style-scroll container_wrap fullsize'  ><div class='container av-section-cont-open' ><div class='template-page content  av-content-full alpha units'><div class='post-entry post-entry-type-page post-entry-2014'><div class='entry-content-wrapper clearfix'>\n<div  class='flex_column av-4skqym-0cd96ad4973ac05462e4ad5db7b9711c av_one_half  avia-builder-el-9  el_before_av_one_half  avia-builder-el-first  first flex_column_div  '     ><section  class='av_textblock_section av-lpjy2f9j-40f1d6917800e9fda6e18a966906e781 '   itemscope=\"itemscope\" itemtype=\"https:\/\/schema.org\/CreativeWork\" ><div class='avia_textblock'  itemprop=\"text\" ><h3 class=\"elementor-heading-title elementor-size-default\">Cumplimiento de la normativa vigente<\/h3>\n<\/div><\/section><br \/>\n<section  class='av_textblock_section av-lpjy5szx-00c363bfa9ca029cbc7f082742e02ab8 '   itemscope=\"itemscope\" itemtype=\"https:\/\/schema.org\/CreativeWork\" ><div class='avia_textblock'  itemprop=\"text\" ><p>Estamos comprometidos en el cumplimiento de la normativa vigente y del C\u00f3digo \u00c9tico, as\u00ed como en la detecci\u00f3n y prevenci\u00f3n de comportamientos irregulares en el centro.<\/p>\n<p>Por todos estos motivos, hemos implementado un Canal \u00c9tico que permite a cualquier persona reportar posibles conductas indebidas o violaciones \u00e9ticas detectadas en nuestra instituci\u00f3n.<\/p>\n<\/div><\/section><br \/>\n<section  class='av_textblock_section av-lpjy62ph-0f032a950dab65ec2d860e0792c292f7 '   itemscope=\"itemscope\" itemtype=\"https:\/\/schema.org\/CreativeWork\" ><div class='avia_textblock'  itemprop=\"text\" ><h3 class=\"elementor-heading-title elementor-size-default\">\u00a1Importante!<\/h3>\n<\/div><\/section><br \/>\n<section  class='av_textblock_section av-lpjy7h5o-701e1e84ed9fce21d8190c95282fea21 '   itemscope=\"itemscope\" itemtype=\"https:\/\/schema.org\/CreativeWork\" ><div class='avia_textblock'  itemprop=\"text\" ><p>Este Canal \u00c9tico no es un servicio de emergencias. No debe utilizarse para informar sobre situaciones que comporten una amenaza inmediata. Si necesita asistencia en una situaci\u00f3n de este tipo, por favor contacte con sus autoridades locales y utilice los canales definidos al efecto.<\/p>\n<\/div><\/section><\/p><\/div><div  class='flex_column av-33dtem-98b5298554a1a9ec03ebcd471ca57d1d av_one_half  avia-builder-el-14  el_after_av_one_half  el_before_av_one_full  flex_column_div  '     ><section  class='av_textblock_section av-lpjy7pqo-cdd4df754fb92a3d78dbc1830ecbbb6e '   itemscope=\"itemscope\" itemtype=\"https:\/\/schema.org\/CreativeWork\" ><div class='avia_textblock'  itemprop=\"text\" ><h3 class=\"elementor-heading-title elementor-size-default\">\u00bfQu\u00e9 hechos se pueden notificar?<\/h3>\n<\/div><\/section><br \/>\n<section  class='av_textblock_section av-lpjy81co-1774c9f960b18007e79524b1b63b765a '   itemscope=\"itemscope\" itemtype=\"https:\/\/schema.org\/CreativeWork\" ><div class='avia_textblock'  itemprop=\"text\" ><p>Puedes informar a trav\u00e9s del Canal \u00c9tico de los hechos que consideres puedan suponer un incumplimiento de la normativa legal, del C\u00f3digo \u00c9tico o de cualquier normativa interna vigente, como:<\/p>\n<ul class=\"elementor-icon-list-items\">\n<li class=\"elementor-icon-list-item\"><span class=\"elementor-icon-list-text\">Conductas relativas al fraude y corrupci\u00f3n.<\/span><\/li>\n<li class=\"elementor-icon-list-item\"><i class=\"fas fa-chevron-circle-right\" aria-hidden=\"true\"><\/i><span class=\"elementor-icon-list-text\">Conductas relativas a la Seguridad, salud e higiene en el trabajo.<\/span><\/li>\n<li class=\"elementor-icon-list-item\"><i class=\"fas fa-chevron-circle-right\" aria-hidden=\"true\"><\/i><span class=\"elementor-icon-list-text\">Discriminaci\u00f3n y acoso en el puesto de trabajo.<\/span><\/li>\n<li class=\"elementor-icon-list-item\"><i class=\"fas fa-chevron-circle-right\" aria-hidden=\"true\"><\/i><span class=\"elementor-icon-list-text\">Conductas relativas a la seguridad de la informaci\u00f3n, protecci\u00f3n de datos y mercados de valores.<\/span><\/li>\n<li class=\"elementor-icon-list-item\"><i class=\"fas fa-chevron-circle-right\" aria-hidden=\"true\"><\/i><span class=\"elementor-icon-list-text\">Pr\u00e1cticas anticonceptivas<\/span><\/li>\n<li class=\"elementor-icon-list-item\"><i class=\"fas fa-chevron-circle-right\" aria-hidden=\"true\"><\/i><span class=\"elementor-icon-list-text\">Conductas contrarias a los derechos humanos o da\u00f1os en el medio ambiente.<\/span><\/li>\n<li class=\"elementor-icon-list-item\"><i class=\"fas fa-chevron-circle-right\" aria-hidden=\"true\"><\/i><span class=\"elementor-icon-list-text\">Otras posibles infracciones penales o administrativas.<\/span><\/li>\n<\/ul>\n<\/div><\/section><\/p><\/div><div  class='flex_column av-hot2ha-7ee6387425639f1dcb383989b2027624 av_one_full  avia-builder-el-17  el_after_av_one_half  avia-builder-el-last  first flex_column_div  column-top-margin'     ><section  class='av_textblock_section av-lpkx91cu-b62d2f0c1d6d89701739981bcea6802b '   itemscope=\"itemscope\" itemtype=\"https:\/\/schema.org\/CreativeWork\" ><div class='avia_textblock'  itemprop=\"text\" ><h3 class=\"elementor-heading-title elementor-size-default\" style=\"text-align: center;\">Caracter\u00edsticas principales<\/h3>\n<\/div><\/section><\/div>\n\n<\/div><\/div><\/div><!-- close content main div --><\/div><\/div><div id='av-layout-grid-1'  class='av-layout-grid-container av-fmw3q6-7d24a27a603c658a14afab85529d93f0 entry-content-wrapper main_color av-flex-cells  avia-builder-el-19  el_after_av_section  el_before_av_section  grid-row-not-first  container_wrap fullsize'  >\n<div class='flex_cell av-dwiaym-5764dbd50b95333d68af3cce3a6d2407 av-gridrow-cell av_one_fourth no_margin  avia-builder-el-20  el_before_av_cell_one_fourth  avia-builder-el-first '  ><div class='flex_cell_inner'><div  class='avia-button-wrap av-lpkxvc81-0c58240ff9cdca00c75222c4b104d954-wrap avia-button-center  avia-builder-el-21  avia-builder-el-no-sibling '>\n<style type=\"text\/css\" data-created_by=\"avia_inline_auto\" id=\"style-css-av-lpkxvc81-0c58240ff9cdca00c75222c4b104d954\">\n#top #wrap_all .avia-button.av-lpkxvc81-0c58240ff9cdca00c75222c4b104d954{\nbackground-color:#017c95;\nborder-color:#017c95;\ncolor:#ffffff;\ntransition:all 0.4s ease-in-out;\n}\n#top #wrap_all .avia-button.av-lpkxvc81-0c58240ff9cdca00c75222c4b104d954 .avia-svg-icon svg:first-child{\nfill:#ffffff;\nstroke:#ffffff;\n}\n<\/style>\n<a href=''  class='avia-button av-lpkxvc81-0c58240ff9cdca00c75222c4b104d954 av-link-btn avia-icon_select-no avia-size-x-large avia-position-center'   aria-label=\"CONFIDENCIALIDAD\"><span class='avia_iconbox_title' >CONFIDENCIALIDAD<\/span><\/a><\/div>\n<\/div><\/div><div class='flex_cell av-1a6my6-f115ef7e52512d61635593c8d15f3391 av-gridrow-cell av_one_fourth no_margin  avia-builder-el-22  el_after_av_cell_one_fourth  el_before_av_cell_one_fourth '  ><div class='flex_cell_inner'><div  class='avia-button-wrap av-lpkxaww9-874099ccbb8c16c9bca9e72861545f6e-wrap avia-button-center  avia-builder-el-23  avia-builder-el-no-sibling '>\n<style type=\"text\/css\" data-created_by=\"avia_inline_auto\" id=\"style-css-av-lpkxaww9-874099ccbb8c16c9bca9e72861545f6e\">\n#top #wrap_all .avia-button.av-lpkxaww9-874099ccbb8c16c9bca9e72861545f6e{\nbackground-color:#017c95;\nborder-color:#017c95;\ncolor:#ffffff;\ntransition:all 0.4s ease-in-out;\n}\n#top #wrap_all .avia-button.av-lpkxaww9-874099ccbb8c16c9bca9e72861545f6e .avia-svg-icon svg:first-child{\nfill:#ffffff;\nstroke:#ffffff;\n}\n<\/style>\n<a href=''  class='avia-button av-lpkxaww9-874099ccbb8c16c9bca9e72861545f6e av-link-btn avia-icon_select-no avia-size-x-large avia-position-center'   aria-label=\"PROCESO DE INVESTIGACI\u00d3N IMPARCIAL\"><span class='avia_iconbox_title' >PROCESO DE INVESTIGACI\u00d3N IMPARCIAL<\/span><\/a><\/div>\n<\/div><\/div>\n<style type=\"text\/css\" data-created_by=\"avia_inline_auto\" id=\"style-css-av-awwf32-2ab5dd7b152c7471083ccdc3ac80b262\">\n.flex_cell.av-awwf32-2ab5dd7b152c7471083ccdc3ac80b262{\nvertical-align:top;\n}\n<\/style>\n<div class='flex_cell av-awwf32-2ab5dd7b152c7471083ccdc3ac80b262 av-gridrow-cell av_one_fourth no_margin  avia-builder-el-24  el_after_av_cell_one_fourth  el_before_av_cell_one_fourth  content-align-top'  ><div class='flex_cell_inner'><div  class='avia-button-wrap av-lpkxb4xh-3496fe05fc8ceccd1672821c08e48e22-wrap avia-button-center  avia-builder-el-25  avia-builder-el-no-sibling '>\n<style type=\"text\/css\" data-created_by=\"avia_inline_auto\" id=\"style-css-av-lpkxb4xh-3496fe05fc8ceccd1672821c08e48e22\">\n#top #wrap_all .avia-button.av-lpkxb4xh-3496fe05fc8ceccd1672821c08e48e22{\nbackground-color:#017c95;\nborder-color:#017c95;\ncolor:#ffffff;\ntransition:all 0.4s ease-in-out;\n}\n#top #wrap_all .avia-button.av-lpkxb4xh-3496fe05fc8ceccd1672821c08e48e22 .avia-svg-icon svg:first-child{\nfill:#ffffff;\nstroke:#ffffff;\n}\n<\/style>\n<a href=''  class='avia-button av-lpkxb4xh-3496fe05fc8ceccd1672821c08e48e22 av-link-btn avia-icon_select-no avia-size-x-large avia-position-center'   aria-label=\" RESOLUCI\u00d3N Y SEGUIMIENTO\"><span class='avia_iconbox_title' > RESOLUCI\u00d3N Y SEGUIMIENTO<\/span><\/a><\/div>\n<\/div><\/div>\n<style type=\"text\/css\" data-created_by=\"avia_inline_auto\" id=\"style-css-av-9cdyce-810e6a51e4bb0d34f0b208ce506cbe83\">\n.flex_cell.av-9cdyce-810e6a51e4bb0d34f0b208ce506cbe83{\nvertical-align:top;\n}\n<\/style>\n<div class='flex_cell av-9cdyce-810e6a51e4bb0d34f0b208ce506cbe83 av-gridrow-cell av_one_fourth no_margin  avia-builder-el-26  el_after_av_cell_one_fourth  avia-builder-el-last  content-align-top'  ><div class='flex_cell_inner'><div  class='avia-button-wrap av-lpkxadqs-8ecca470bade00818516e19b5de09df5-wrap avia-button-center  avia-builder-el-27  avia-builder-el-no-sibling '>\n<style type=\"text\/css\" data-created_by=\"avia_inline_auto\" id=\"style-css-av-lpkxadqs-8ecca470bade00818516e19b5de09df5\">\n#top #wrap_all .avia-button.av-lpkxadqs-8ecca470bade00818516e19b5de09df5{\nbackground-color:#017c95;\nborder-color:#017c95;\ncolor:#ffffff;\ntransition:all 0.4s ease-in-out;\n}\n#top #wrap_all .avia-button.av-lpkxadqs-8ecca470bade00818516e19b5de09df5 .avia-svg-icon svg:first-child{\nfill:#ffffff;\nstroke:#ffffff;\n}\n<\/style>\n<a href=''  class='avia-button av-lpkxadqs-8ecca470bade00818516e19b5de09df5 av-link-btn avia-icon_select-no avia-size-x-large avia-position-center'   aria-label=\"PROTECCI\u00d3N CONTRA REPRESALIA\"><span class='avia_iconbox_title' >PROTECCI\u00d3N CONTRA REPRESALIA<\/span><\/a><\/div>\n<\/div><\/div>\n<\/div>\n<div id='av_section_4'  class='avia-section av-87oz5a-57bb565aedd98d8030408869b801a09a main_color avia-section-default avia-no-border-styling  avia-builder-el-28  el_after_av_layout_row  el_before_av_section  avia-bg-style-scroll container_wrap fullsize'  ><div class='container av-section-cont-open' ><div class='template-page content  av-content-full alpha units'><div class='post-entry post-entry-type-page post-entry-2014'><div class='entry-content-wrapper clearfix'>\n<div  class='flex_column av-6g73ha-eee256e4e009f80fef691ca76d39fc2d av_one_full  avia-builder-el-29  avia-builder-el-no-sibling  first flex_column_div  '     ><section  class='av_textblock_section av-lpkxl9e9-305fa13f1e69dcfa04fca643e7ce4b39 '   itemscope=\"itemscope\" itemtype=\"https:\/\/schema.org\/CreativeWork\" ><div class='avia_textblock'  itemprop=\"text\" ><h2 class=\"elementor-heading-title elementor-size-default\" style=\"text-align: center;\">\u00bfC\u00d3MO SE PUEDE ENVIAR UNA COMUNICACI\u00d3N?<\/h2>\n<\/div><\/section><br \/>\n<section  class='av_textblock_section av-lpkxly5e-7bedb128944c1f656c136fc32f9d052b '   itemscope=\"itemscope\" itemtype=\"https:\/\/schema.org\/CreativeWork\" ><div class='avia_textblock'  itemprop=\"text\" ><p style=\"text-align: center;\">Puedes enviar la comunicaci\u00f3n a trav\u00e9s del siguiente enlace. Tambi\u00e9n adjuntamos un manual del procedimiento a seguir para realizar un comunicado.<\/p>\n<\/div><\/section><\/p><\/div><\/div><\/div><\/div><!-- close content main div --><\/div><\/div>\n<style type=\"text\/css\" data-created_by=\"avia_inline_auto\" id=\"style-css-av-lpkxway0-072d9ea2788312a80fd4bc69e7b9c91a\">\n.avia-section.av-lpkxway0-072d9ea2788312a80fd4bc69e7b9c91a{\nbackground-color:#017c95;\nbackground-image:unset;\n}\n<\/style>\n<div id='av_section_5'  class='avia-section av-lpkxway0-072d9ea2788312a80fd4bc69e7b9c91a main_color avia-section-default avia-no-border-styling  avia-builder-el-32  el_after_av_section  avia-builder-el-last  avia-bg-style-scroll container_wrap fullsize'  ><div class='container av-section-cont-open' ><div class='template-page content  av-content-full alpha units'><div class='post-entry post-entry-type-page post-entry-2014'><div class='entry-content-wrapper clearfix'>\n<div  class='flex_column av-1grpa-1e1940a2739653527dbee8da864d27cc av_one_half  avia-builder-el-33  el_before_av_one_half  avia-builder-el-first  first flex_column_div  '     ><div  class='avia-button-wrap av-lpkxxjlx-f48253dea54a463782ae3dd07f8abbcf-wrap avia-button-center  avia-builder-el-34  avia-builder-el-no-sibling '><a href='https:\/\/www.ovetauki.com\/index.php?route=login\/complaint&c_key=yUnKDUhSrbdYscLQfmtYFfRrNAjgcCXkEnGT'  class='avia-button av-lpkxxjlx-f48253dea54a463782ae3dd07f8abbcf av-link-btn avia-icon_select-no avia-size-x-large avia-position-center avia-color-light'   aria-label=\"CANAL \u00c9TICO\"><span class='avia_iconbox_title' >CANAL \u00c9TICO<\/span><\/a><\/div><\/div><div  class='flex_column av-215sda-f72431ca68b5d40630676fcc2cff9f93 av_one_half  avia-builder-el-35  el_after_av_one_half  avia-builder-el-last  flex_column_div  '     ><div  class='avia-button-wrap av-lpkxy2je-17ebe0285e21764a8ade44c2889da16c-wrap avia-button-center  avia-builder-el-36  avia-builder-el-no-sibling '><a href='#'  class='avia-button av-lpkxy2je-17ebe0285e21764a8ade44c2889da16c av-link-btn avia-icon_select-no avia-size-x-large avia-position-center avia-color-light'   aria-label=\"MANUAL DE PROCEDIMIENTO\"><span class='avia_iconbox_title' >MANUAL DE PROCEDIMIENTO<\/span><\/a><\/div><\/div><\/p>\n","protected":false},"excerpt":{"rendered":"","protected":false},"author":2,"featured_media":0,"parent":0,"menu_order":0,"comment_status":"closed","ping_status":"closed","template":"","meta":{"footnotes":""},"class_list":["post-2014","page","type-page","status-publish","hentry"],"yoast_head":"<!-- This site is optimized with the Yoast SEO plugin v27.5 - https:\/\/yoast.com\/product\/yoast-seo-wordpress\/ -->\n<title>Canal \u00e9tico - CGO Grup Creu Groga<\/title>\n<meta name=\"robots\" content=\"index, follow, max-snippet:-1, max-image-preview:large, max-video-preview:-1\" \/>\n<link rel=\"canonical\" href=\"https:\/\/cgogrupcreugroga.com\/es\/canal-etico\/\" \/>\n<meta property=\"og:locale\" content=\"es_ES\" \/>\n<meta property=\"og:type\" content=\"article\" \/>\n<meta property=\"og:title\" content=\"Canal \u00e9tico - CGO Grup Creu Groga\" \/>\n<meta property=\"og:url\" content=\"https:\/\/cgogrupcreugroga.com\/es\/canal-etico\/\" \/>\n<meta property=\"og:site_name\" content=\"CGO Grup Creu Groga\" \/>\n<meta property=\"article:modified_time\" content=\"2023-11-30T11:59:44+00:00\" \/>\n<meta name=\"twitter:card\" content=\"summary_large_image\" \/>\n<meta name=\"twitter:label1\" content=\"Tiempo de lectura\" \/>\n\t<meta name=\"twitter:data1\" content=\"14 minutos\" \/>\n<script type=\"application\/ld+json\" class=\"yoast-schema-graph\">{\"@context\":\"https:\\\/\\\/schema.org\",\"@graph\":[{\"@type\":\"WebPage\",\"@id\":\"https:\\\/\\\/cgogrupcreugroga.com\\\/es\\\/canal-etico\\\/\",\"url\":\"https:\\\/\\\/cgogrupcreugroga.com\\\/es\\\/canal-etico\\\/\",\"name\":\"Canal \u00e9tico - CGO Grup Creu Groga\",\"isPartOf\":{\"@id\":\"https:\\\/\\\/cgogrupcreugroga.com\\\/es\\\/#website\"},\"datePublished\":\"2023-11-29T15:47:53+00:00\",\"dateModified\":\"2023-11-30T11:59:44+00:00\",\"breadcrumb\":{\"@id\":\"https:\\\/\\\/cgogrupcreugroga.com\\\/es\\\/canal-etico\\\/#breadcrumb\"},\"inLanguage\":\"es\",\"potentialAction\":[{\"@type\":\"ReadAction\",\"target\":[\"https:\\\/\\\/cgogrupcreugroga.com\\\/es\\\/canal-etico\\\/\"]}]},{\"@type\":\"BreadcrumbList\",\"@id\":\"https:\\\/\\\/cgogrupcreugroga.com\\\/es\\\/canal-etico\\\/#breadcrumb\",\"itemListElement\":[{\"@type\":\"ListItem\",\"position\":1,\"name\":\"Portada\",\"item\":\"https:\\\/\\\/cgogrupcreugroga.com\\\/es\\\/inici\\\/\"},{\"@type\":\"ListItem\",\"position\":2,\"name\":\"Canal \u00e9tico\"}]},{\"@type\":\"WebSite\",\"@id\":\"https:\\\/\\\/cgogrupcreugroga.com\\\/es\\\/#website\",\"url\":\"https:\\\/\\\/cgogrupcreugroga.com\\\/es\\\/\",\"name\":\"CGO Grup Creu Groga\",\"description\":\"Just another WordPress site\",\"publisher\":{\"@id\":\"https:\\\/\\\/cgogrupcreugroga.com\\\/es\\\/#organization\"},\"potentialAction\":[{\"@type\":\"SearchAction\",\"target\":{\"@type\":\"EntryPoint\",\"urlTemplate\":\"https:\\\/\\\/cgogrupcreugroga.com\\\/es\\\/?s={search_term_string}\"},\"query-input\":{\"@type\":\"PropertyValueSpecification\",\"valueRequired\":true,\"valueName\":\"search_term_string\"}}],\"inLanguage\":\"es\"},{\"@type\":\"Organization\",\"@id\":\"https:\\\/\\\/cgogrupcreugroga.com\\\/es\\\/#organization\",\"name\":\"CGO Grup Creu Groga\",\"url\":\"https:\\\/\\\/cgogrupcreugroga.com\\\/es\\\/\",\"logo\":{\"@type\":\"ImageObject\",\"inLanguage\":\"es\",\"@id\":\"https:\\\/\\\/cgogrupcreugroga.com\\\/es\\\/#\\\/schema\\\/logo\\\/image\\\/\",\"url\":\"https:\\\/\\\/cgogrupcreugroga.com\\\/wp-content\\\/uploads\\\/2022\\\/10\\\/LogosWeb-CGO-Footer.png\",\"contentUrl\":\"https:\\\/\\\/cgogrupcreugroga.com\\\/wp-content\\\/uploads\\\/2022\\\/10\\\/LogosWeb-CGO-Footer.png\",\"width\":300,\"height\":300,\"caption\":\"CGO Grup Creu Groga\"},\"image\":{\"@id\":\"https:\\\/\\\/cgogrupcreugroga.com\\\/es\\\/#\\\/schema\\\/logo\\\/image\\\/\"}}]}<\/script>\n<!-- \/ Yoast SEO plugin. -->","yoast_head_json":{"title":"Canal \u00e9tico - CGO Grup Creu Groga","robots":{"index":"index","follow":"follow","max-snippet":"max-snippet:-1","max-image-preview":"max-image-preview:large","max-video-preview":"max-video-preview:-1"},"canonical":"https:\/\/cgogrupcreugroga.com\/es\/canal-etico\/","og_locale":"es_ES","og_type":"article","og_title":"Canal \u00e9tico - CGO Grup Creu Groga","og_url":"https:\/\/cgogrupcreugroga.com\/es\/canal-etico\/","og_site_name":"CGO Grup Creu Groga","article_modified_time":"2023-11-30T11:59:44+00:00","twitter_card":"summary_large_image","twitter_misc":{"Tiempo de lectura":"14 minutos"},"schema":{"@context":"https:\/\/schema.org","@graph":[{"@type":"WebPage","@id":"https:\/\/cgogrupcreugroga.com\/es\/canal-etico\/","url":"https:\/\/cgogrupcreugroga.com\/es\/canal-etico\/","name":"Canal \u00e9tico - CGO Grup Creu Groga","isPartOf":{"@id":"https:\/\/cgogrupcreugroga.com\/es\/#website"},"datePublished":"2023-11-29T15:47:53+00:00","dateModified":"2023-11-30T11:59:44+00:00","breadcrumb":{"@id":"https:\/\/cgogrupcreugroga.com\/es\/canal-etico\/#breadcrumb"},"inLanguage":"es","potentialAction":[{"@type":"ReadAction","target":["https:\/\/cgogrupcreugroga.com\/es\/canal-etico\/"]}]},{"@type":"BreadcrumbList","@id":"https:\/\/cgogrupcreugroga.com\/es\/canal-etico\/#breadcrumb","itemListElement":[{"@type":"ListItem","position":1,"name":"Portada","item":"https:\/\/cgogrupcreugroga.com\/es\/inici\/"},{"@type":"ListItem","position":2,"name":"Canal \u00e9tico"}]},{"@type":"WebSite","@id":"https:\/\/cgogrupcreugroga.com\/es\/#website","url":"https:\/\/cgogrupcreugroga.com\/es\/","name":"CGO Grup Creu Groga","description":"Just another WordPress site","publisher":{"@id":"https:\/\/cgogrupcreugroga.com\/es\/#organization"},"potentialAction":[{"@type":"SearchAction","target":{"@type":"EntryPoint","urlTemplate":"https:\/\/cgogrupcreugroga.com\/es\/?s={search_term_string}"},"query-input":{"@type":"PropertyValueSpecification","valueRequired":true,"valueName":"search_term_string"}}],"inLanguage":"es"},{"@type":"Organization","@id":"https:\/\/cgogrupcreugroga.com\/es\/#organization","name":"CGO Grup Creu Groga","url":"https:\/\/cgogrupcreugroga.com\/es\/","logo":{"@type":"ImageObject","inLanguage":"es","@id":"https:\/\/cgogrupcreugroga.com\/es\/#\/schema\/logo\/image\/","url":"https:\/\/cgogrupcreugroga.com\/wp-content\/uploads\/2022\/10\/LogosWeb-CGO-Footer.png","contentUrl":"https:\/\/cgogrupcreugroga.com\/wp-content\/uploads\/2022\/10\/LogosWeb-CGO-Footer.png","width":300,"height":300,"caption":"CGO Grup Creu Groga"},"image":{"@id":"https:\/\/cgogrupcreugroga.com\/es\/#\/schema\/logo\/image\/"}}]}},"_links":{"self":[{"href":"https:\/\/cgogrupcreugroga.com\/es\/wp-json\/wp\/v2\/pages\/2014","targetHints":{"allow":["GET"]}}],"collection":[{"href":"https:\/\/cgogrupcreugroga.com\/es\/wp-json\/wp\/v2\/pages"}],"about":[{"href":"https:\/\/cgogrupcreugroga.com\/es\/wp-json\/wp\/v2\/types\/page"}],"author":[{"embeddable":true,"href":"https:\/\/cgogrupcreugroga.com\/es\/wp-json\/wp\/v2\/users\/2"}],"replies":[{"embeddable":true,"href":"https:\/\/cgogrupcreugroga.com\/es\/wp-json\/wp\/v2\/comments?post=2014"}],"version-history":[{"count":0,"href":"https:\/\/cgogrupcreugroga.com\/es\/wp-json\/wp\/v2\/pages\/2014\/revisions"}],"wp:attachment":[{"href":"https:\/\/cgogrupcreugroga.com\/es\/wp-json\/wp\/v2\/media?parent=2014"}],"curies":[{"name":"wp","href":"https:\/\/api.w.org\/{rel}","templated":true}]}}