{"id":2246,"date":"2024-10-15T08:17:18","date_gmt":"2024-10-15T08:17:18","guid":{"rendered":"https:\/\/cgogrupcreugroga.com\/unitat-de-salut-mental\/psicologia-salut-mental\/"},"modified":"2025-01-20T12:34:19","modified_gmt":"2025-01-20T12:34:19","slug":"psicologia-salut-mental","status":"publish","type":"page","link":"https:\/\/cgogrupcreugroga.com\/es\/unidad-de-salud-mental\/psicologia-salut-mental\/","title":{"rendered":"Psicologia &#8211; Salut Mental"},"content":{"rendered":"<div id='full_slider_1'  class='avia-fullwidth-slider main_color avia-shadow   avia-builder-el-0  el_before_av_section  avia-builder-el-first   container_wrap fullsize'  ><div  class='avia-slideshow av-m2a66mnl-fc89e878690a7bd6e1aae59bb599733a avia-slideshow-featured av_slideshow_full avia-slide-slider av-slideshow-ui av-control-default av-slideshow-manual av-loop-once av-loop-manual-endless av-default-height-applied   avia-slideshow-1' data-slideshow-options=\"{&quot;animation&quot;:&quot;slide&quot;,&quot;autoplay&quot;:false,&quot;loop_autoplay&quot;:&quot;once&quot;,&quot;interval&quot;:5,&quot;loop_manual&quot;:&quot;manual-endless&quot;,&quot;autoplay_stopper&quot;:false,&quot;noNavigation&quot;:false,&quot;bg_slider&quot;:false,&quot;keep_padding&quot;:false,&quot;hoverpause&quot;:false,&quot;show_slide_delay&quot;:0}\"  itemprop=\"image\" itemscope=\"itemscope\" itemtype=\"https:\/\/schema.org\/ImageObject\" ><ul class='avia-slideshow-inner ' style='padding-bottom: 28.666666666667%;'><li  class='avia-slideshow-slide av-m2a66mnl-fc89e878690a7bd6e1aae59bb599733a__0  av-single-slide slide-1 slide-odd'><div data-rel='slideshow-1' class='avia-slide-wrap '   ><img decoding=\"async\" fetchpriority=\"high\" class=\"wp-image-2314 avia-img-lazy-loading-not-2314\"  src=\"https:\/\/cgogrupcreugroga.com\/wp-content\/uploads\/2025\/01\/SliderPsico-SalutMentl-CGO.png\" width=\"1500\" height=\"430\" title='SliderPsico-SalutMentl-CGO' alt=''  itemprop=\"thumbnailUrl\" srcset=\"https:\/\/cgogrupcreugroga.com\/wp-content\/uploads\/2025\/01\/SliderPsico-SalutMentl-CGO.png 1500w, https:\/\/cgogrupcreugroga.com\/wp-content\/uploads\/2025\/01\/SliderPsico-SalutMentl-CGO-300x86.png 300w, https:\/\/cgogrupcreugroga.com\/wp-content\/uploads\/2025\/01\/SliderPsico-SalutMentl-CGO-1030x295.png 1030w, https:\/\/cgogrupcreugroga.com\/wp-content\/uploads\/2025\/01\/SliderPsico-SalutMentl-CGO-768x220.png 768w, https:\/\/cgogrupcreugroga.com\/wp-content\/uploads\/2025\/01\/SliderPsico-SalutMentl-CGO-705x202.png 705w, https:\/\/cgogrupcreugroga.com\/wp-content\/uploads\/2025\/01\/SliderPsico-SalutMentl-CGO-240x69.png 240w\" sizes=\"(max-width: 1500px) 100vw, 1500px\" \/><\/div><\/li><\/ul><\/div><\/div>\n<div id='av_section_1'  class='avia-section av-91y8a2-2452a95a857d457daca087a86d40af70 main_color avia-section-default avia-no-border-styling  avia-builder-el-1  el_after_av_slideshow_full  avia-builder-el-last  avia-bg-style-scroll container_wrap fullsize'  ><div class='container av-section-cont-open' ><div class='template-page content  av-content-full alpha units'><div class='post-entry post-entry-type-page post-entry-2246'><div class='entry-content-wrapper clearfix'>\n<div  class='flex_column av-79wmqi-e7fdce558f300568c9d184926336ae7e av_one_full  avia-builder-el-2  el_before_av_one_half  avia-builder-el-first  first flex_column_div  '     ><section  class='av_textblock_section av-m2a651hs-eb21ccf80e15fcca0492e078c0b67385 '   itemscope=\"itemscope\" itemtype=\"https:\/\/schema.org\/CreativeWork\" ><div class='avia_textblock'  itemprop=\"text\" ><h1 style=\"text-align: center;\"><strong>PSICOLOG\u00cdA<\/strong><\/h1>\n<h4 style=\"color: black; text-align: center;\">Desde la Unidad de Psicolog\u00eda de los Centros M\u00e9dicos Creu Groga abordamos todo tipo de posibles patolog\u00edas desde un enfoque multidisciplinar, con el apoyo de las evidencias cient\u00edficas y un trato tanto personal como cercano por parte de nuestro equipo profesional.<\/h4>\n<\/div><\/section><\/div><div  class='flex_column av-5saz56-74c5aaf6dca34bae074e95bbdbb2c892 av_one_half  avia-builder-el-4  el_after_av_one_full  el_before_av_one_half  first flex_column_div  column-top-margin'     ><section  class='av_textblock_section av-m2a6577y-cd6ec8b88b777be2ca4521604bcba232 '   itemscope=\"itemscope\" itemtype=\"https:\/\/schema.org\/CreativeWork\" ><div class='avia_textblock'  itemprop=\"text\" ><blockquote>\n<h4><strong>Psicolog\u00eda Infantojuvenil<\/strong><\/h4>\n<\/blockquote>\n<p><em>Detecci\u00f3n, evaluaci\u00f3n y tratamiento de todo tipo de trastornos mentales infantojuveniles de 0-18 a\u00f1os<\/em><\/p>\n<ul>\n<li>Trastorno por d\u00e9ficit de atenci\u00f3n (TDAH).<\/li>\n<li>Trastornos del aprendizaje (lectura-escritura y discalculia).<\/li>\n<li>Trastornos de la conducta.<\/li>\n<li>Trastorno obsesivo-compulsivo.<\/li>\n<li>Trastorno del sue\u00f1o.<\/li>\n<li>Altas capacidades.<\/li>\n<li>Depresi\u00f3n.<\/li>\n<li>Ansiedad.<\/li>\n<li>Trastornos de la alimentaci\u00f3n y de la imagen corporal.<\/li>\n<li>Adicciones a las nuevas tecnolog\u00edas.<\/li>\n<\/ul>\n<\/div><\/section><\/div><div  class='flex_column av-4vphru-81fc070f9ba7d46a974ea9e7fd0941b4 av_one_half  avia-builder-el-6  el_after_av_one_half  el_before_av_one_full  flex_column_div  column-top-margin'     ><section  class='av_textblock_section av-m2a65c10-ff119ddd43ac696e7f7cc1e9d07b2ae5 '   itemscope=\"itemscope\" itemtype=\"https:\/\/schema.org\/CreativeWork\" ><div class='avia_textblock'  itemprop=\"text\" ><blockquote>\n<h4><strong>Psicolog\u00eda para Adultos<\/strong><\/h4>\n<\/blockquote>\n<p><em>Detecci\u00f3n y tratamiento de todo tipo de trastornos mentales en adultos<\/em><\/p>\n<ul>\n<li>Trastornos de ansiedad.<\/li>\n<li>Depresiones y man\u00edas.<\/li>\n<li>Trastornos psic\u00f3ticos.<\/li>\n<li>Trastornos de personalidad.<\/li>\n<li>Trastornos de la alimentaci\u00f3n y de la imagen corporal.<\/li>\n<li>Terapia familiar.<\/li>\n<li>Tratamiento en los conflictos y dificultades en las relaciones de par.<\/li>\n<li>Dificultades e inquietudes en la crianza de los hijos\/as.<\/li>\n<li>Drogodependencias y otras adicciones.<\/li>\n<\/ul>\n<\/div><\/section><\/div><div  class='flex_column av-2iyft6-4a7cc606b1fe31b6db0189a6cb260b9b av_one_full  avia-builder-el-8  el_after_av_one_half  avia-builder-el-last  first flex_column_div  column-top-margin'     ><section  class='av_textblock_section av-m2a65lb6-3ec4f295cd8b6748aaf6f20b0d9ea9c2 '   itemscope=\"itemscope\" itemtype=\"https:\/\/schema.org\/CreativeWork\" ><div class='avia_textblock'  itemprop=\"text\" ><p><strong>Normativa de anulaci\u00f3n de visitas<\/strong><\/p>\n<ul>\n<li>Las <u>anulaciones deben ser notificadas con 24 horas de antelaci\u00f3n al<\/u> siguiente correo electr\u00f3nico: recepcio@cgomedic.com<\/li>\n<li><u>La no anulaci\u00f3n con 24 horas de antelaci\u00f3n<\/u> conlleva que el centro no puede reprogramar las visitas con otros pacientes que se mantienen en lista de espera y el profesional no puede aprovechar los huecos dejados . De este modo la notificaci\u00f3n de la anulaci\u00f3n de la visita en el per\u00edodo de tiempo marcado en esta normativa <u>comportar\u00e1 el cobro de la visita al paciente<\/u>.<\/li>\n<\/ul>\n<\/div><\/section><\/div>\n","protected":false},"excerpt":{"rendered":"","protected":false},"author":2,"featured_media":0,"parent":1301,"menu_order":0,"comment_status":"closed","ping_status":"closed","template":"","meta":{"footnotes":""},"class_list":["post-2246","page","type-page","status-publish","hentry"],"yoast_head":"<!-- This site is optimized with the Yoast SEO plugin v27.4 - https:\/\/yoast.com\/product\/yoast-seo-wordpress\/ -->\n<title>Psicologia - Salut Mental - CGO Grup Creu Groga<\/title>\n<meta name=\"robots\" content=\"index, follow, max-snippet:-1, max-image-preview:large, max-video-preview:-1\" \/>\n<link rel=\"canonical\" href=\"https:\/\/cgogrupcreugroga.com\/es\/unidad-de-salud-mental\/psicologia-salut-mental\/\" \/>\n<meta property=\"og:locale\" content=\"es_ES\" \/>\n<meta property=\"og:type\" content=\"article\" \/>\n<meta property=\"og:title\" content=\"Psicologia - Salut Mental - CGO Grup Creu Groga\" \/>\n<meta property=\"og:url\" content=\"https:\/\/cgogrupcreugroga.com\/es\/unidad-de-salud-mental\/psicologia-salut-mental\/\" \/>\n<meta property=\"og:site_name\" content=\"CGO Grup Creu Groga\" \/>\n<meta property=\"article:modified_time\" content=\"2025-01-20T12:34:19+00:00\" \/>\n<meta name=\"twitter:card\" content=\"summary_large_image\" \/>\n<meta name=\"twitter:label1\" content=\"Tiempo de lectura\" \/>\n\t<meta name=\"twitter:data1\" content=\"2 minutos\" \/>\n<script type=\"application\/ld+json\" class=\"yoast-schema-graph\">{\"@context\":\"https:\\\/\\\/schema.org\",\"@graph\":[{\"@type\":\"WebPage\",\"@id\":\"https:\\\/\\\/cgogrupcreugroga.com\\\/es\\\/unidad-de-salud-mental\\\/psicologia-salut-mental\\\/\",\"url\":\"https:\\\/\\\/cgogrupcreugroga.com\\\/es\\\/unidad-de-salud-mental\\\/psicologia-salut-mental\\\/\",\"name\":\"Psicologia - Salut Mental - CGO Grup Creu Groga\",\"isPartOf\":{\"@id\":\"https:\\\/\\\/cgogrupcreugroga.com\\\/es\\\/#website\"},\"datePublished\":\"2024-10-15T08:17:18+00:00\",\"dateModified\":\"2025-01-20T12:34:19+00:00\",\"breadcrumb\":{\"@id\":\"https:\\\/\\\/cgogrupcreugroga.com\\\/es\\\/unidad-de-salud-mental\\\/psicologia-salut-mental\\\/#breadcrumb\"},\"inLanguage\":\"es\",\"potentialAction\":[{\"@type\":\"ReadAction\",\"target\":[\"https:\\\/\\\/cgogrupcreugroga.com\\\/es\\\/unidad-de-salud-mental\\\/psicologia-salut-mental\\\/\"]}]},{\"@type\":\"BreadcrumbList\",\"@id\":\"https:\\\/\\\/cgogrupcreugroga.com\\\/es\\\/unidad-de-salud-mental\\\/psicologia-salut-mental\\\/#breadcrumb\",\"itemListElement\":[{\"@type\":\"ListItem\",\"position\":1,\"name\":\"Portada\",\"item\":\"https:\\\/\\\/cgogrupcreugroga.com\\\/es\\\/inici\\\/\"},{\"@type\":\"ListItem\",\"position\":2,\"name\":\"UNIDAD DE SALUD MENTAL\",\"item\":\"https:\\\/\\\/cgogrupcreugroga.com\\\/es\\\/unidad-de-salud-mental\\\/\"},{\"@type\":\"ListItem\",\"position\":3,\"name\":\"Psicologia &#8211; Salut Mental\"}]},{\"@type\":\"WebSite\",\"@id\":\"https:\\\/\\\/cgogrupcreugroga.com\\\/es\\\/#website\",\"url\":\"https:\\\/\\\/cgogrupcreugroga.com\\\/es\\\/\",\"name\":\"CGO Grup Creu Groga\",\"description\":\"Just another WordPress site\",\"publisher\":{\"@id\":\"https:\\\/\\\/cgogrupcreugroga.com\\\/es\\\/#organization\"},\"potentialAction\":[{\"@type\":\"SearchAction\",\"target\":{\"@type\":\"EntryPoint\",\"urlTemplate\":\"https:\\\/\\\/cgogrupcreugroga.com\\\/es\\\/?s={search_term_string}\"},\"query-input\":{\"@type\":\"PropertyValueSpecification\",\"valueRequired\":true,\"valueName\":\"search_term_string\"}}],\"inLanguage\":\"es\"},{\"@type\":\"Organization\",\"@id\":\"https:\\\/\\\/cgogrupcreugroga.com\\\/es\\\/#organization\",\"name\":\"CGO Grup Creu Groga\",\"url\":\"https:\\\/\\\/cgogrupcreugroga.com\\\/es\\\/\",\"logo\":{\"@type\":\"ImageObject\",\"inLanguage\":\"es\",\"@id\":\"https:\\\/\\\/cgogrupcreugroga.com\\\/es\\\/#\\\/schema\\\/logo\\\/image\\\/\",\"url\":\"https:\\\/\\\/cgogrupcreugroga.com\\\/wp-content\\\/uploads\\\/2022\\\/10\\\/LogosWeb-CGO-Footer.png\",\"contentUrl\":\"https:\\\/\\\/cgogrupcreugroga.com\\\/wp-content\\\/uploads\\\/2022\\\/10\\\/LogosWeb-CGO-Footer.png\",\"width\":300,\"height\":300,\"caption\":\"CGO Grup Creu Groga\"},\"image\":{\"@id\":\"https:\\\/\\\/cgogrupcreugroga.com\\\/es\\\/#\\\/schema\\\/logo\\\/image\\\/\"}}]}<\/script>\n<!-- \/ Yoast SEO plugin. -->","yoast_head_json":{"title":"Psicologia - Salut Mental - CGO Grup Creu Groga","robots":{"index":"index","follow":"follow","max-snippet":"max-snippet:-1","max-image-preview":"max-image-preview:large","max-video-preview":"max-video-preview:-1"},"canonical":"https:\/\/cgogrupcreugroga.com\/es\/unidad-de-salud-mental\/psicologia-salut-mental\/","og_locale":"es_ES","og_type":"article","og_title":"Psicologia - Salut Mental - CGO Grup Creu Groga","og_url":"https:\/\/cgogrupcreugroga.com\/es\/unidad-de-salud-mental\/psicologia-salut-mental\/","og_site_name":"CGO Grup Creu Groga","article_modified_time":"2025-01-20T12:34:19+00:00","twitter_card":"summary_large_image","twitter_misc":{"Tiempo de lectura":"2 minutos"},"schema":{"@context":"https:\/\/schema.org","@graph":[{"@type":"WebPage","@id":"https:\/\/cgogrupcreugroga.com\/es\/unidad-de-salud-mental\/psicologia-salut-mental\/","url":"https:\/\/cgogrupcreugroga.com\/es\/unidad-de-salud-mental\/psicologia-salut-mental\/","name":"Psicologia - Salut Mental - CGO Grup Creu Groga","isPartOf":{"@id":"https:\/\/cgogrupcreugroga.com\/es\/#website"},"datePublished":"2024-10-15T08:17:18+00:00","dateModified":"2025-01-20T12:34:19+00:00","breadcrumb":{"@id":"https:\/\/cgogrupcreugroga.com\/es\/unidad-de-salud-mental\/psicologia-salut-mental\/#breadcrumb"},"inLanguage":"es","potentialAction":[{"@type":"ReadAction","target":["https:\/\/cgogrupcreugroga.com\/es\/unidad-de-salud-mental\/psicologia-salut-mental\/"]}]},{"@type":"BreadcrumbList","@id":"https:\/\/cgogrupcreugroga.com\/es\/unidad-de-salud-mental\/psicologia-salut-mental\/#breadcrumb","itemListElement":[{"@type":"ListItem","position":1,"name":"Portada","item":"https:\/\/cgogrupcreugroga.com\/es\/inici\/"},{"@type":"ListItem","position":2,"name":"UNIDAD DE SALUD MENTAL","item":"https:\/\/cgogrupcreugroga.com\/es\/unidad-de-salud-mental\/"},{"@type":"ListItem","position":3,"name":"Psicologia &#8211; Salut Mental"}]},{"@type":"WebSite","@id":"https:\/\/cgogrupcreugroga.com\/es\/#website","url":"https:\/\/cgogrupcreugroga.com\/es\/","name":"CGO Grup Creu Groga","description":"Just another WordPress site","publisher":{"@id":"https:\/\/cgogrupcreugroga.com\/es\/#organization"},"potentialAction":[{"@type":"SearchAction","target":{"@type":"EntryPoint","urlTemplate":"https:\/\/cgogrupcreugroga.com\/es\/?s={search_term_string}"},"query-input":{"@type":"PropertyValueSpecification","valueRequired":true,"valueName":"search_term_string"}}],"inLanguage":"es"},{"@type":"Organization","@id":"https:\/\/cgogrupcreugroga.com\/es\/#organization","name":"CGO Grup Creu Groga","url":"https:\/\/cgogrupcreugroga.com\/es\/","logo":{"@type":"ImageObject","inLanguage":"es","@id":"https:\/\/cgogrupcreugroga.com\/es\/#\/schema\/logo\/image\/","url":"https:\/\/cgogrupcreugroga.com\/wp-content\/uploads\/2022\/10\/LogosWeb-CGO-Footer.png","contentUrl":"https:\/\/cgogrupcreugroga.com\/wp-content\/uploads\/2022\/10\/LogosWeb-CGO-Footer.png","width":300,"height":300,"caption":"CGO Grup Creu Groga"},"image":{"@id":"https:\/\/cgogrupcreugroga.com\/es\/#\/schema\/logo\/image\/"}}]}},"_links":{"self":[{"href":"https:\/\/cgogrupcreugroga.com\/es\/wp-json\/wp\/v2\/pages\/2246","targetHints":{"allow":["GET"]}}],"collection":[{"href":"https:\/\/cgogrupcreugroga.com\/es\/wp-json\/wp\/v2\/pages"}],"about":[{"href":"https:\/\/cgogrupcreugroga.com\/es\/wp-json\/wp\/v2\/types\/page"}],"author":[{"embeddable":true,"href":"https:\/\/cgogrupcreugroga.com\/es\/wp-json\/wp\/v2\/users\/2"}],"replies":[{"embeddable":true,"href":"https:\/\/cgogrupcreugroga.com\/es\/wp-json\/wp\/v2\/comments?post=2246"}],"version-history":[{"count":4,"href":"https:\/\/cgogrupcreugroga.com\/es\/wp-json\/wp\/v2\/pages\/2246\/revisions"}],"predecessor-version":[{"id":2331,"href":"https:\/\/cgogrupcreugroga.com\/es\/wp-json\/wp\/v2\/pages\/2246\/revisions\/2331"}],"up":[{"embeddable":true,"href":"https:\/\/cgogrupcreugroga.com\/es\/wp-json\/wp\/v2\/pages\/1301"}],"wp:attachment":[{"href":"https:\/\/cgogrupcreugroga.com\/es\/wp-json\/wp\/v2\/media?parent=2246"}],"curies":[{"name":"wp","href":"https:\/\/api.w.org\/{rel}","templated":true}]}}