{"id":2252,"date":"2024-10-15T09:13:59","date_gmt":"2024-10-15T09:13:59","guid":{"rendered":"https:\/\/cgogrupcreugroga.com\/unitat-de-salut-mental\/logopedia-salut-mental\/"},"modified":"2025-01-20T13:05:32","modified_gmt":"2025-01-20T13:05:32","slug":"logopedia-salud-mental","status":"publish","type":"page","link":"https:\/\/cgogrupcreugroga.com\/es\/unidad-de-salud-mental\/logopedia-salud-mental\/","title":{"rendered":"Logopedia &#8211; Salud Mental"},"content":{"rendered":"<div id='full_slider_1'  class='avia-fullwidth-slider main_color avia-shadow   avia-builder-el-0  el_before_av_section  avia-builder-el-first   container_wrap fullsize'  ><div  class='avia-slideshow av-m2a84e7u-c3cfbc824292c4ac2272f4c8529cf813 avia-slideshow-featured av_slideshow_full avia-slide-slider av-slideshow-ui av-control-default av-slideshow-manual av-loop-once av-loop-manual-endless av-default-height-applied   avia-slideshow-1' data-slideshow-options=\"{&quot;animation&quot;:&quot;slide&quot;,&quot;autoplay&quot;:false,&quot;loop_autoplay&quot;:&quot;once&quot;,&quot;interval&quot;:5,&quot;loop_manual&quot;:&quot;manual-endless&quot;,&quot;autoplay_stopper&quot;:false,&quot;noNavigation&quot;:false,&quot;bg_slider&quot;:false,&quot;keep_padding&quot;:false,&quot;hoverpause&quot;:false,&quot;show_slide_delay&quot;:0}\"  itemprop=\"image\" itemscope=\"itemscope\" itemtype=\"https:\/\/schema.org\/ImageObject\" ><ul class='avia-slideshow-inner ' style='padding-bottom: 28.666666666667%;'><li  class='avia-slideshow-slide av-m2a84e7u-c3cfbc824292c4ac2272f4c8529cf813__0  av-single-slide slide-1 slide-odd'><div data-rel='slideshow-1' class='avia-slide-wrap '   ><img decoding=\"async\" fetchpriority=\"high\" class=\"wp-image-459 avia-img-lazy-loading-not-459\"  src=\"https:\/\/cgogrupcreugroga.com\/wp-content\/uploads\/2022\/11\/SliderPsicologia-Logopedia-CGO-1500x430.jpg\" width=\"1500\" height=\"430\" title='SliderPsicologia-Logope\u0300dia-CGO' alt=''  itemprop=\"thumbnailUrl\" srcset=\"https:\/\/cgogrupcreugroga.com\/wp-content\/uploads\/2022\/11\/SliderPsicologia-Logopedia-CGO.jpg 1500w, https:\/\/cgogrupcreugroga.com\/wp-content\/uploads\/2022\/11\/SliderPsicologia-Logopedia-CGO-300x86.jpg 300w, https:\/\/cgogrupcreugroga.com\/wp-content\/uploads\/2022\/11\/SliderPsicologia-Logopedia-CGO-1030x295.jpg 1030w, https:\/\/cgogrupcreugroga.com\/wp-content\/uploads\/2022\/11\/SliderPsicologia-Logopedia-CGO-768x220.jpg 768w, https:\/\/cgogrupcreugroga.com\/wp-content\/uploads\/2022\/11\/SliderPsicologia-Logopedia-CGO-705x202.jpg 705w, https:\/\/cgogrupcreugroga.com\/wp-content\/uploads\/2022\/11\/SliderPsicologia-Logopedia-CGO-240x69.jpg 240w\" sizes=\"(max-width: 1500px) 100vw, 1500px\" \/><\/div><\/li><\/ul><\/div><\/div>\n<div id='av_section_1'  class='avia-section av-vg5wi-b4bddcefef03fd5f99891955d62e042f main_color avia-section-default avia-no-border-styling  avia-builder-el-1  el_after_av_slideshow_full  avia-builder-el-last  avia-bg-style-scroll container_wrap fullsize'  ><div class='container av-section-cont-open' ><div class='template-page content  av-content-full alpha units'><div class='post-entry post-entry-type-page post-entry-2252'><div class='entry-content-wrapper clearfix'>\n<div  class='flex_column av-7xm41u-7d1becd630abfc11a98c202cb0e5c111 av_one_full  avia-builder-el-2  el_before_av_one_half  avia-builder-el-first  first flex_column_div  '     ><section  class='av_textblock_section av-m2a853t1-55e623232f57c0d54e189330bb183617 '   itemscope=\"itemscope\" itemtype=\"https:\/\/schema.org\/CreativeWork\" ><div class='avia_textblock'  itemprop=\"text\" ><h1 style=\"text-align: center;\"><strong>LOGOPEDIA<\/strong><\/h1>\n<h4 style=\"color: black; text-align: center;\">El logopeda es el profesional de la salud que se encarga de la detecci\u00f3n, diagn\u00f3stico, tratamiento, asesoramiento, docencia e investigaci\u00f3n de las \u00e1reas de la comunicaci\u00f3n humana y sus alteraciones.<br \/>\nSi tienes sospechas de que existe un problema en el lenguaje, en el habla, en la degluci\u00f3n, la audici\u00f3n o la comunicaci\u00f3n, pide la valoraci\u00f3n del logopeda. La detecci\u00f3n precoz es fundamental. Est\u00e1 comprobado que \u201cesperar a que\u2026\u201d, \u201cya \u200b\u200bva a hablar\u2026\u201d, puede agravar el problema.<br \/>\nA cualquier edad se puede ir al logopeda: ni\u00f1o, adolescente y adulto.<\/h4>\n<\/div><\/section><\/div><div  class='flex_column av-23a2a-d55ea605a6113a477d7247eae1701cf8 av_one_half  avia-builder-el-4  el_after_av_one_full  el_before_av_one_half  first flex_column_div  column-top-margin'     ><section  class='av_textblock_section av-m2a85z25-2a85cfbd514f802ea48895972d02e354 '   itemscope=\"itemscope\" itemtype=\"https:\/\/schema.org\/CreativeWork\" ><div class='avia_textblock'  itemprop=\"text\" ><p><strong>Nuestras \u00e1reas de trabajo:<\/strong><\/p>\n<ul>\n<li>La mejora de la pronunciaci\u00f3n de los fonemas (R, S, K\u2026)<\/li>\n<li>Las dificultades en el acceso del l\u00e9xico<\/li>\n<li>Alteraciones en la habla (dislalias, disfemias, \u2026)<\/li>\n<li>Trabajar en las dificultades de la lectura y de la escritura (dislexia y disgraf\u00eda)<\/li>\n<li>La mejora de la comprensi\u00f3n del entorno<\/li>\n<li>Afasias<\/li>\n<\/ul>\n<\/div><\/section><\/div><div  class='flex_column av-3i4xya-4c1e88e0a925856398f3094c938208f4 av_one_half  avia-builder-el-6  el_after_av_one_half  el_before_av_one_full  flex_column_div  column-top-margin'     ><section  class='av_textblock_section av-m2a87kab-3c2e989cb22f567a46d141f0f585bd2d '   itemscope=\"itemscope\" itemtype=\"https:\/\/schema.org\/CreativeWork\" ><div class='avia_textblock'  itemprop=\"text\" ><p><strong style=\"color: white;\">Nuestras \u00e1reas de trabajo:<\/strong><\/p>\n<ul>\n<li>La mejora en el tono, timbre y melod\u00eda de su voz<\/li>\n<li>Las dificultades de la fluencia del habla (tartamudez o disfemia)<\/li>\n<li>Potenciar y\/o aumentar el lenguaje y el habla<\/li>\n<li>Problemas o dificultades con la alimentaci\u00f3n (degluciones at\u00edpicas, disfagias\u2026)<\/li>\n<li>Enfermedades neurodegenerativas (Parkinson, Alzheimer&#8230;)<\/li>\n<li>Trastornos en la comunicaci\u00f3n por Ictus, traumatismo craneoencef\u00e1lico (TCE)<\/li>\n<\/ul>\n<\/div><\/section><\/div><div  class='flex_column av-2a75ia-0df17131ccc95237bbe155040a128eb4 av_one_full  avia-builder-el-8  el_after_av_one_half  avia-builder-el-last  first flex_column_div  column-top-margin'     ><section  class='av_textblock_section av-m2a87rwz-789564587f7bdf5b367631798ec6f896 '   itemscope=\"itemscope\" itemtype=\"https:\/\/schema.org\/CreativeWork\" ><div class='avia_textblock'  itemprop=\"text\" ><p><strong>Normativa de anulaci\u00f3n de visitas<\/strong><\/p>\n<ul>\n<li>Las anulaciones tienen que ser notificadas con 24 horas de antelaci\u00f3n al siguiente correo electr\u00f3nico: recepcio@cgomedic.com<\/li>\n<li>La no anulaci\u00f3n con 24 horas de antelaci\u00f3n comporta que el centro no puede reprogramar las visitas con otros pacientes que se mantienen en lista de espera y el profesional no puede aprovechar los vac\u00edos dejados. De este modo la notificaci\u00f3n de la anulaci\u00f3n de la visita en el periodo de tiempo marcado en esta normativa comportar\u00e1 el cobro de la visita al paciente.<\/li>\n<\/ul>\n<\/div><\/section><\/div>\n","protected":false},"excerpt":{"rendered":"","protected":false},"author":2,"featured_media":0,"parent":1301,"menu_order":0,"comment_status":"closed","ping_status":"closed","template":"","meta":{"footnotes":""},"class_list":["post-2252","page","type-page","status-publish","hentry"],"yoast_head":"<!-- This site is optimized with the Yoast SEO plugin v27.5 - https:\/\/yoast.com\/product\/yoast-seo-wordpress\/ -->\n<title>Logopedia - Salud Mental - CGO Grup Creu Groga<\/title>\n<meta name=\"robots\" content=\"index, follow, max-snippet:-1, max-image-preview:large, max-video-preview:-1\" \/>\n<link rel=\"canonical\" href=\"https:\/\/cgogrupcreugroga.com\/es\/unidad-de-salud-mental\/logopedia-salud-mental\/\" \/>\n<meta property=\"og:locale\" content=\"es_ES\" \/>\n<meta property=\"og:type\" content=\"article\" \/>\n<meta property=\"og:title\" content=\"Logopedia - Salud Mental - CGO Grup Creu Groga\" \/>\n<meta property=\"og:url\" content=\"https:\/\/cgogrupcreugroga.com\/es\/unidad-de-salud-mental\/logopedia-salud-mental\/\" \/>\n<meta property=\"og:site_name\" content=\"CGO Grup Creu Groga\" \/>\n<meta property=\"article:modified_time\" content=\"2025-01-20T13:05:32+00:00\" \/>\n<meta name=\"twitter:card\" content=\"summary_large_image\" \/>\n<meta name=\"twitter:label1\" content=\"Tiempo de lectura\" \/>\n\t<meta name=\"twitter:data1\" content=\"2 minutos\" \/>\n<script type=\"application\/ld+json\" class=\"yoast-schema-graph\">{\"@context\":\"https:\\\/\\\/schema.org\",\"@graph\":[{\"@type\":\"WebPage\",\"@id\":\"https:\\\/\\\/cgogrupcreugroga.com\\\/es\\\/unidad-de-salud-mental\\\/logopedia-salud-mental\\\/\",\"url\":\"https:\\\/\\\/cgogrupcreugroga.com\\\/es\\\/unidad-de-salud-mental\\\/logopedia-salud-mental\\\/\",\"name\":\"Logopedia - Salud Mental - CGO Grup Creu Groga\",\"isPartOf\":{\"@id\":\"https:\\\/\\\/cgogrupcreugroga.com\\\/es\\\/#website\"},\"datePublished\":\"2024-10-15T09:13:59+00:00\",\"dateModified\":\"2025-01-20T13:05:32+00:00\",\"breadcrumb\":{\"@id\":\"https:\\\/\\\/cgogrupcreugroga.com\\\/es\\\/unidad-de-salud-mental\\\/logopedia-salud-mental\\\/#breadcrumb\"},\"inLanguage\":\"es\",\"potentialAction\":[{\"@type\":\"ReadAction\",\"target\":[\"https:\\\/\\\/cgogrupcreugroga.com\\\/es\\\/unidad-de-salud-mental\\\/logopedia-salud-mental\\\/\"]}]},{\"@type\":\"BreadcrumbList\",\"@id\":\"https:\\\/\\\/cgogrupcreugroga.com\\\/es\\\/unidad-de-salud-mental\\\/logopedia-salud-mental\\\/#breadcrumb\",\"itemListElement\":[{\"@type\":\"ListItem\",\"position\":1,\"name\":\"Portada\",\"item\":\"https:\\\/\\\/cgogrupcreugroga.com\\\/es\\\/inici\\\/\"},{\"@type\":\"ListItem\",\"position\":2,\"name\":\"UNIDAD DE SALUD MENTAL\",\"item\":\"https:\\\/\\\/cgogrupcreugroga.com\\\/es\\\/unidad-de-salud-mental\\\/\"},{\"@type\":\"ListItem\",\"position\":3,\"name\":\"Logopedia &#8211; Salud Mental\"}]},{\"@type\":\"WebSite\",\"@id\":\"https:\\\/\\\/cgogrupcreugroga.com\\\/es\\\/#website\",\"url\":\"https:\\\/\\\/cgogrupcreugroga.com\\\/es\\\/\",\"name\":\"CGO Grup Creu Groga\",\"description\":\"Just another WordPress site\",\"publisher\":{\"@id\":\"https:\\\/\\\/cgogrupcreugroga.com\\\/es\\\/#organization\"},\"potentialAction\":[{\"@type\":\"SearchAction\",\"target\":{\"@type\":\"EntryPoint\",\"urlTemplate\":\"https:\\\/\\\/cgogrupcreugroga.com\\\/es\\\/?s={search_term_string}\"},\"query-input\":{\"@type\":\"PropertyValueSpecification\",\"valueRequired\":true,\"valueName\":\"search_term_string\"}}],\"inLanguage\":\"es\"},{\"@type\":\"Organization\",\"@id\":\"https:\\\/\\\/cgogrupcreugroga.com\\\/es\\\/#organization\",\"name\":\"CGO Grup Creu Groga\",\"url\":\"https:\\\/\\\/cgogrupcreugroga.com\\\/es\\\/\",\"logo\":{\"@type\":\"ImageObject\",\"inLanguage\":\"es\",\"@id\":\"https:\\\/\\\/cgogrupcreugroga.com\\\/es\\\/#\\\/schema\\\/logo\\\/image\\\/\",\"url\":\"https:\\\/\\\/cgogrupcreugroga.com\\\/wp-content\\\/uploads\\\/2022\\\/10\\\/LogosWeb-CGO-Footer.png\",\"contentUrl\":\"https:\\\/\\\/cgogrupcreugroga.com\\\/wp-content\\\/uploads\\\/2022\\\/10\\\/LogosWeb-CGO-Footer.png\",\"width\":300,\"height\":300,\"caption\":\"CGO Grup Creu Groga\"},\"image\":{\"@id\":\"https:\\\/\\\/cgogrupcreugroga.com\\\/es\\\/#\\\/schema\\\/logo\\\/image\\\/\"}}]}<\/script>\n<!-- \/ Yoast SEO plugin. -->","yoast_head_json":{"title":"Logopedia - Salud Mental - CGO Grup Creu Groga","robots":{"index":"index","follow":"follow","max-snippet":"max-snippet:-1","max-image-preview":"max-image-preview:large","max-video-preview":"max-video-preview:-1"},"canonical":"https:\/\/cgogrupcreugroga.com\/es\/unidad-de-salud-mental\/logopedia-salud-mental\/","og_locale":"es_ES","og_type":"article","og_title":"Logopedia - Salud Mental - CGO Grup Creu Groga","og_url":"https:\/\/cgogrupcreugroga.com\/es\/unidad-de-salud-mental\/logopedia-salud-mental\/","og_site_name":"CGO Grup Creu Groga","article_modified_time":"2025-01-20T13:05:32+00:00","twitter_card":"summary_large_image","twitter_misc":{"Tiempo de lectura":"2 minutos"},"schema":{"@context":"https:\/\/schema.org","@graph":[{"@type":"WebPage","@id":"https:\/\/cgogrupcreugroga.com\/es\/unidad-de-salud-mental\/logopedia-salud-mental\/","url":"https:\/\/cgogrupcreugroga.com\/es\/unidad-de-salud-mental\/logopedia-salud-mental\/","name":"Logopedia - Salud Mental - CGO Grup Creu Groga","isPartOf":{"@id":"https:\/\/cgogrupcreugroga.com\/es\/#website"},"datePublished":"2024-10-15T09:13:59+00:00","dateModified":"2025-01-20T13:05:32+00:00","breadcrumb":{"@id":"https:\/\/cgogrupcreugroga.com\/es\/unidad-de-salud-mental\/logopedia-salud-mental\/#breadcrumb"},"inLanguage":"es","potentialAction":[{"@type":"ReadAction","target":["https:\/\/cgogrupcreugroga.com\/es\/unidad-de-salud-mental\/logopedia-salud-mental\/"]}]},{"@type":"BreadcrumbList","@id":"https:\/\/cgogrupcreugroga.com\/es\/unidad-de-salud-mental\/logopedia-salud-mental\/#breadcrumb","itemListElement":[{"@type":"ListItem","position":1,"name":"Portada","item":"https:\/\/cgogrupcreugroga.com\/es\/inici\/"},{"@type":"ListItem","position":2,"name":"UNIDAD DE SALUD MENTAL","item":"https:\/\/cgogrupcreugroga.com\/es\/unidad-de-salud-mental\/"},{"@type":"ListItem","position":3,"name":"Logopedia &#8211; Salud Mental"}]},{"@type":"WebSite","@id":"https:\/\/cgogrupcreugroga.com\/es\/#website","url":"https:\/\/cgogrupcreugroga.com\/es\/","name":"CGO Grup Creu Groga","description":"Just another WordPress site","publisher":{"@id":"https:\/\/cgogrupcreugroga.com\/es\/#organization"},"potentialAction":[{"@type":"SearchAction","target":{"@type":"EntryPoint","urlTemplate":"https:\/\/cgogrupcreugroga.com\/es\/?s={search_term_string}"},"query-input":{"@type":"PropertyValueSpecification","valueRequired":true,"valueName":"search_term_string"}}],"inLanguage":"es"},{"@type":"Organization","@id":"https:\/\/cgogrupcreugroga.com\/es\/#organization","name":"CGO Grup Creu Groga","url":"https:\/\/cgogrupcreugroga.com\/es\/","logo":{"@type":"ImageObject","inLanguage":"es","@id":"https:\/\/cgogrupcreugroga.com\/es\/#\/schema\/logo\/image\/","url":"https:\/\/cgogrupcreugroga.com\/wp-content\/uploads\/2022\/10\/LogosWeb-CGO-Footer.png","contentUrl":"https:\/\/cgogrupcreugroga.com\/wp-content\/uploads\/2022\/10\/LogosWeb-CGO-Footer.png","width":300,"height":300,"caption":"CGO Grup Creu Groga"},"image":{"@id":"https:\/\/cgogrupcreugroga.com\/es\/#\/schema\/logo\/image\/"}}]}},"_links":{"self":[{"href":"https:\/\/cgogrupcreugroga.com\/es\/wp-json\/wp\/v2\/pages\/2252","targetHints":{"allow":["GET"]}}],"collection":[{"href":"https:\/\/cgogrupcreugroga.com\/es\/wp-json\/wp\/v2\/pages"}],"about":[{"href":"https:\/\/cgogrupcreugroga.com\/es\/wp-json\/wp\/v2\/types\/page"}],"author":[{"embeddable":true,"href":"https:\/\/cgogrupcreugroga.com\/es\/wp-json\/wp\/v2\/users\/2"}],"replies":[{"embeddable":true,"href":"https:\/\/cgogrupcreugroga.com\/es\/wp-json\/wp\/v2\/comments?post=2252"}],"version-history":[{"count":3,"href":"https:\/\/cgogrupcreugroga.com\/es\/wp-json\/wp\/v2\/pages\/2252\/revisions"}],"predecessor-version":[{"id":2342,"href":"https:\/\/cgogrupcreugroga.com\/es\/wp-json\/wp\/v2\/pages\/2252\/revisions\/2342"}],"up":[{"embeddable":true,"href":"https:\/\/cgogrupcreugroga.com\/es\/wp-json\/wp\/v2\/pages\/1301"}],"wp:attachment":[{"href":"https:\/\/cgogrupcreugroga.com\/es\/wp-json\/wp\/v2\/media?parent=2252"}],"curies":[{"name":"wp","href":"https:\/\/api.w.org\/{rel}","templated":true}]}}