{"id":2337,"date":"2025-01-20T11:03:29","date_gmt":"2025-01-20T11:03:29","guid":{"rendered":"https:\/\/cgogrupcreugroga.com\/unidad-de-salud-mental\/psicologia-peri-i-postnatal-salut-mental\/"},"modified":"2025-01-20T13:00:02","modified_gmt":"2025-01-20T13:00:02","slug":"psicologia-peri-y-postnatal-salud-mental","status":"publish","type":"page","link":"https:\/\/cgogrupcreugroga.com\/es\/unidad-de-salud-mental\/psicologia-peri-y-postnatal-salud-mental\/","title":{"rendered":"Psicolog\u00eda peri y postnatal &#8211; Salud Mental"},"content":{"rendered":"<div id='full_slider_1'  class='avia-fullwidth-slider main_color avia-shadow   avia-builder-el-0  el_before_av_section  avia-builder-el-first   container_wrap fullsize'  ><div  class='avia-slideshow av-ijm1jz-9d35b9d15d352aedf25ba187476a4f0e avia-slideshow-featured av_slideshow_full avia-slide-slider av-slideshow-ui av-control-default av-slideshow-manual av-loop-once av-loop-manual-endless av-default-height-applied   avia-slideshow-1' data-slideshow-options=\"{&quot;animation&quot;:&quot;slide&quot;,&quot;autoplay&quot;:false,&quot;loop_autoplay&quot;:&quot;once&quot;,&quot;interval&quot;:5,&quot;loop_manual&quot;:&quot;manual-endless&quot;,&quot;autoplay_stopper&quot;:false,&quot;noNavigation&quot;:false,&quot;bg_slider&quot;:false,&quot;keep_padding&quot;:false,&quot;hoverpause&quot;:false,&quot;show_slide_delay&quot;:0}\"  itemprop=\"image\" itemscope=\"itemscope\" itemtype=\"https:\/\/schema.org\/ImageObject\" ><ul class='avia-slideshow-inner ' style='padding-bottom: 28.666666666667%;'><li  class='avia-slideshow-slide av-ijm1jz-9d35b9d15d352aedf25ba187476a4f0e__0  av-single-slide slide-1 slide-odd'><div data-rel='slideshow-1' class='avia-slide-wrap '   ><img decoding=\"async\" fetchpriority=\"high\" class=\"wp-image-2324 avia-img-lazy-loading-not-2324\"  src=\"https:\/\/cgogrupcreugroga.com\/wp-content\/uploads\/2025\/01\/SliderPeriPost-SalutMentl-CGO.png\" width=\"1500\" height=\"430\" title='SliderPeriPost-SalutMentl-CGO' alt=''  itemprop=\"thumbnailUrl\" srcset=\"https:\/\/cgogrupcreugroga.com\/wp-content\/uploads\/2025\/01\/SliderPeriPost-SalutMentl-CGO.png 1500w, https:\/\/cgogrupcreugroga.com\/wp-content\/uploads\/2025\/01\/SliderPeriPost-SalutMentl-CGO-300x86.png 300w, https:\/\/cgogrupcreugroga.com\/wp-content\/uploads\/2025\/01\/SliderPeriPost-SalutMentl-CGO-1030x295.png 1030w, https:\/\/cgogrupcreugroga.com\/wp-content\/uploads\/2025\/01\/SliderPeriPost-SalutMentl-CGO-768x220.png 768w, https:\/\/cgogrupcreugroga.com\/wp-content\/uploads\/2025\/01\/SliderPeriPost-SalutMentl-CGO-705x202.png 705w, https:\/\/cgogrupcreugroga.com\/wp-content\/uploads\/2025\/01\/SliderPeriPost-SalutMentl-CGO-240x69.png 240w\" sizes=\"(max-width: 1500px) 100vw, 1500px\" \/><\/div><\/li><\/ul><\/div><\/div>\n<div id='av_section_1'  class='avia-section av-fl40v3-bd9dc5d86bdfb95fc90dbabee28333a2 main_color avia-section-default avia-no-border-styling  avia-builder-el-1  el_after_av_slideshow_full  avia-builder-el-last  avia-bg-style-scroll container_wrap fullsize'  ><div class='container av-section-cont-open' ><div class='template-page content  av-content-full alpha units'><div class='post-entry post-entry-type-page post-entry-2337'><div class='entry-content-wrapper clearfix'>\n<div  class='flex_column av-1fc1kf-98ebaeaf42b221e71181b69fa54b6750 av_one_full  avia-builder-el-2  el_before_av_one_full  avia-builder-el-first  first flex_column_div  '     ><section  class='av_textblock_section av-cozb5r-60f274c658a4c18801743f472482c89a '   itemscope=\"itemscope\" itemtype=\"https:\/\/schema.org\/CreativeWork\" ><div class='avia_textblock'  itemprop=\"text\" ><h1 style=\"text-align: center;\">PSICOLOG\u00cdA PERI Y POSTNATAL<\/h1>\n<\/div><\/section><\/div>\n<style type=\"text\/css\" data-created_by=\"avia_inline_auto\" id=\"style-css-av-ah70dr-25a42001aa36338465e2e82f5a222c04\">\n#top .flex_column.av-ah70dr-25a42001aa36338465e2e82f5a222c04{\nmargin-top:0px;\nmargin-bottom:-40px;\n}\n.responsive #top #wrap_all .flex_column.av-ah70dr-25a42001aa36338465e2e82f5a222c04{\nmargin-top:0px;\nmargin-bottom:-40px;\n}\n<\/style>\n<div  class='flex_column av-ah70dr-25a42001aa36338465e2e82f5a222c04 av_one_full  avia-builder-el-4  el_after_av_one_full  el_before_av_one_half  first flex_column_div  column-top-margin'     ><section  class='av_textblock_section av-vadmn-1ab4c111a52177bbef1a5945db71cffc '   itemscope=\"itemscope\" itemtype=\"https:\/\/schema.org\/CreativeWork\" ><div class='avia_textblock'  itemprop=\"text\" ><blockquote>\n<h4><strong>Psicolog\u00eda peri y postnatal<\/strong><\/h4>\n<\/blockquote>\n<p><em>Dificultades en la concepci\u00f3n y acompa\u00f1amiento integral antes, durante y despu\u00e9s de un proceso de reproducci\u00f3n asistida (familias heteroparentales, LGTBI y monoparentales)<\/em><\/p>\n<\/div><\/section><\/div><div  class='flex_column av-692rbj-571f60cb5a9e886765d004cbad8bd1ea av_one_half  avia-builder-el-6  el_after_av_one_full  el_before_av_one_half  first flex_column_div  column-top-margin'     ><section  class='av_textblock_section av-4hhg73-51bf78eb0e666e83dd0be72dc074acc4 '   itemscope=\"itemscope\" itemtype=\"https:\/\/schema.org\/CreativeWork\" ><div class='avia_textblock'  itemprop=\"text\" ><ul>\n<li>Acompa\u00f1amiento en el proceso de adopci\u00f3n.<\/li>\n<li>Dudas y dificultades emocionales en la interrupci\u00f3n del embarazo.<\/li>\n<li>Acompa\u00f1amiento a j\u00f3venes y adolescentes antes y despu\u00e9s de un aborto.<\/li>\n<li>Ansiedad, tristeza y depresi\u00f3n durante el embarazo y el posparto y psicopatolog\u00edas asociadas.<\/li>\n<li>P\u00e9rdida gestacional y duelo perinatal.<\/li>\n<\/ul>\n<p><strong>*SERVICIO PRIVADO.<\/strong><\/p>\n<\/div><\/section><\/div><div  class='flex_column av-2dtgxb-feedc1f90ca27f4a74b74c4c5becd81d av_one_half  avia-builder-el-8  el_after_av_one_half  el_before_av_one_full  flex_column_div  column-top-margin'     ><section  class='av_textblock_section av-m64y0oh4-ef9a6f2620b14d957dc4723c8a466361 '   itemscope=\"itemscope\" itemtype=\"https:\/\/schema.org\/CreativeWork\" ><div class='avia_textblock'  itemprop=\"text\" ><ul>\n<li>Gesti\u00f3n de dudas y miedos de cara al parto, dificultades en la integraci\u00f3n de la experiencia del parto.<\/li>\n<li>Gesti\u00f3n y adaptaci\u00f3n familiar ante la llegada de un beb\u00e9.<\/li>\n<li>Dificultades en el v\u00ednculo madre-beb\u00e9.<\/li>\n<li>Acompa\u00f1amiento a la crianza (hermanos, relaciones con la familia, conciliaci\u00f3n\u2026).<\/li>\n<li>Terapia de pareja.<\/li>\n<\/ul>\n<\/div><\/section><\/div><div  class='flex_column av-4s4927-2502fcde775dd0c6bef8e3e89945a572 av_one_full  avia-builder-el-10  el_after_av_one_half  avia-builder-el-last  first flex_column_div  column-top-margin'     ><section  class='av_textblock_section av-2t8lhr-0a8b8baec28f7f7c1e6451d2cd4a9bdf '   itemscope=\"itemscope\" itemtype=\"https:\/\/schema.org\/CreativeWork\" ><div class='avia_textblock'  itemprop=\"text\" ><p><strong>Normativa de anulaci\u00f3n de visitas<\/strong><\/p>\n<ul>\n<li>Las <u>anulaciones deben ser notificadas con 24 horas de antelaci\u00f3n al<\/u> siguiente correo electr\u00f3nico: recepcio@cgomedic.com<\/li>\n<li><u>La no anulaci\u00f3n con 24 horas de antelaci\u00f3n<\/u> conlleva que el centro no puede reprogramar las visitas con otros pacientes que se mantienen en lista de espera y el profesional no puede aprovechar los huecos dejados. De este modo, la notificaci\u00f3n de la anulaci\u00f3n de la visita en el per\u00edodo de tiempo marcado en esta normativa <u>comportar\u00e1 el cobro de la visita al paciente<\/u>.<\/li>\n<\/ul>\n<\/div><\/section><\/div>\n","protected":false},"excerpt":{"rendered":"","protected":false},"author":2,"featured_media":0,"parent":1301,"menu_order":0,"comment_status":"closed","ping_status":"closed","template":"","meta":{"footnotes":""},"class_list":["post-2337","page","type-page","status-publish","hentry"],"yoast_head":"<!-- This site is optimized with the Yoast SEO plugin v27.5 - https:\/\/yoast.com\/product\/yoast-seo-wordpress\/ -->\n<title>Psicolog\u00eda peri y postnatal - Salud Mental - CGO Grup Creu Groga<\/title>\n<meta name=\"robots\" content=\"index, follow, max-snippet:-1, max-image-preview:large, max-video-preview:-1\" \/>\n<link rel=\"canonical\" href=\"https:\/\/cgogrupcreugroga.com\/es\/unidad-de-salud-mental\/psicologia-peri-y-postnatal-salud-mental\/\" \/>\n<meta property=\"og:locale\" content=\"es_ES\" \/>\n<meta property=\"og:type\" content=\"article\" \/>\n<meta property=\"og:title\" content=\"Psicolog\u00eda peri y postnatal - Salud Mental - CGO Grup Creu Groga\" \/>\n<meta property=\"og:url\" content=\"https:\/\/cgogrupcreugroga.com\/es\/unidad-de-salud-mental\/psicologia-peri-y-postnatal-salud-mental\/\" \/>\n<meta property=\"og:site_name\" content=\"CGO Grup Creu Groga\" \/>\n<meta property=\"article:modified_time\" content=\"2025-01-20T13:00:02+00:00\" \/>\n<meta name=\"twitter:card\" content=\"summary_large_image\" \/>\n<meta name=\"twitter:label1\" content=\"Tiempo de lectura\" \/>\n\t<meta name=\"twitter:data1\" content=\"2 minutos\" \/>\n<script type=\"application\/ld+json\" class=\"yoast-schema-graph\">{\"@context\":\"https:\\\/\\\/schema.org\",\"@graph\":[{\"@type\":\"WebPage\",\"@id\":\"https:\\\/\\\/cgogrupcreugroga.com\\\/es\\\/unidad-de-salud-mental\\\/psicologia-peri-y-postnatal-salud-mental\\\/\",\"url\":\"https:\\\/\\\/cgogrupcreugroga.com\\\/es\\\/unidad-de-salud-mental\\\/psicologia-peri-y-postnatal-salud-mental\\\/\",\"name\":\"Psicolog\u00eda peri y postnatal - Salud Mental - CGO Grup Creu Groga\",\"isPartOf\":{\"@id\":\"https:\\\/\\\/cgogrupcreugroga.com\\\/es\\\/#website\"},\"datePublished\":\"2025-01-20T11:03:29+00:00\",\"dateModified\":\"2025-01-20T13:00:02+00:00\",\"breadcrumb\":{\"@id\":\"https:\\\/\\\/cgogrupcreugroga.com\\\/es\\\/unidad-de-salud-mental\\\/psicologia-peri-y-postnatal-salud-mental\\\/#breadcrumb\"},\"inLanguage\":\"es\",\"potentialAction\":[{\"@type\":\"ReadAction\",\"target\":[\"https:\\\/\\\/cgogrupcreugroga.com\\\/es\\\/unidad-de-salud-mental\\\/psicologia-peri-y-postnatal-salud-mental\\\/\"]}]},{\"@type\":\"BreadcrumbList\",\"@id\":\"https:\\\/\\\/cgogrupcreugroga.com\\\/es\\\/unidad-de-salud-mental\\\/psicologia-peri-y-postnatal-salud-mental\\\/#breadcrumb\",\"itemListElement\":[{\"@type\":\"ListItem\",\"position\":1,\"name\":\"Portada\",\"item\":\"https:\\\/\\\/cgogrupcreugroga.com\\\/es\\\/inici\\\/\"},{\"@type\":\"ListItem\",\"position\":2,\"name\":\"UNIDAD DE SALUD MENTAL\",\"item\":\"https:\\\/\\\/cgogrupcreugroga.com\\\/es\\\/unidad-de-salud-mental\\\/\"},{\"@type\":\"ListItem\",\"position\":3,\"name\":\"Psicolog\u00eda peri y postnatal &#8211; Salud Mental\"}]},{\"@type\":\"WebSite\",\"@id\":\"https:\\\/\\\/cgogrupcreugroga.com\\\/es\\\/#website\",\"url\":\"https:\\\/\\\/cgogrupcreugroga.com\\\/es\\\/\",\"name\":\"CGO Grup Creu Groga\",\"description\":\"Just another WordPress site\",\"publisher\":{\"@id\":\"https:\\\/\\\/cgogrupcreugroga.com\\\/es\\\/#organization\"},\"potentialAction\":[{\"@type\":\"SearchAction\",\"target\":{\"@type\":\"EntryPoint\",\"urlTemplate\":\"https:\\\/\\\/cgogrupcreugroga.com\\\/es\\\/?s={search_term_string}\"},\"query-input\":{\"@type\":\"PropertyValueSpecification\",\"valueRequired\":true,\"valueName\":\"search_term_string\"}}],\"inLanguage\":\"es\"},{\"@type\":\"Organization\",\"@id\":\"https:\\\/\\\/cgogrupcreugroga.com\\\/es\\\/#organization\",\"name\":\"CGO Grup Creu Groga\",\"url\":\"https:\\\/\\\/cgogrupcreugroga.com\\\/es\\\/\",\"logo\":{\"@type\":\"ImageObject\",\"inLanguage\":\"es\",\"@id\":\"https:\\\/\\\/cgogrupcreugroga.com\\\/es\\\/#\\\/schema\\\/logo\\\/image\\\/\",\"url\":\"https:\\\/\\\/cgogrupcreugroga.com\\\/wp-content\\\/uploads\\\/2022\\\/10\\\/LogosWeb-CGO-Footer.png\",\"contentUrl\":\"https:\\\/\\\/cgogrupcreugroga.com\\\/wp-content\\\/uploads\\\/2022\\\/10\\\/LogosWeb-CGO-Footer.png\",\"width\":300,\"height\":300,\"caption\":\"CGO Grup Creu Groga\"},\"image\":{\"@id\":\"https:\\\/\\\/cgogrupcreugroga.com\\\/es\\\/#\\\/schema\\\/logo\\\/image\\\/\"}}]}<\/script>\n<!-- \/ Yoast SEO plugin. -->","yoast_head_json":{"title":"Psicolog\u00eda peri y postnatal - Salud Mental - CGO Grup Creu Groga","robots":{"index":"index","follow":"follow","max-snippet":"max-snippet:-1","max-image-preview":"max-image-preview:large","max-video-preview":"max-video-preview:-1"},"canonical":"https:\/\/cgogrupcreugroga.com\/es\/unidad-de-salud-mental\/psicologia-peri-y-postnatal-salud-mental\/","og_locale":"es_ES","og_type":"article","og_title":"Psicolog\u00eda peri y postnatal - Salud Mental - CGO Grup Creu Groga","og_url":"https:\/\/cgogrupcreugroga.com\/es\/unidad-de-salud-mental\/psicologia-peri-y-postnatal-salud-mental\/","og_site_name":"CGO Grup Creu Groga","article_modified_time":"2025-01-20T13:00:02+00:00","twitter_card":"summary_large_image","twitter_misc":{"Tiempo de lectura":"2 minutos"},"schema":{"@context":"https:\/\/schema.org","@graph":[{"@type":"WebPage","@id":"https:\/\/cgogrupcreugroga.com\/es\/unidad-de-salud-mental\/psicologia-peri-y-postnatal-salud-mental\/","url":"https:\/\/cgogrupcreugroga.com\/es\/unidad-de-salud-mental\/psicologia-peri-y-postnatal-salud-mental\/","name":"Psicolog\u00eda peri y postnatal - Salud Mental - CGO Grup Creu Groga","isPartOf":{"@id":"https:\/\/cgogrupcreugroga.com\/es\/#website"},"datePublished":"2025-01-20T11:03:29+00:00","dateModified":"2025-01-20T13:00:02+00:00","breadcrumb":{"@id":"https:\/\/cgogrupcreugroga.com\/es\/unidad-de-salud-mental\/psicologia-peri-y-postnatal-salud-mental\/#breadcrumb"},"inLanguage":"es","potentialAction":[{"@type":"ReadAction","target":["https:\/\/cgogrupcreugroga.com\/es\/unidad-de-salud-mental\/psicologia-peri-y-postnatal-salud-mental\/"]}]},{"@type":"BreadcrumbList","@id":"https:\/\/cgogrupcreugroga.com\/es\/unidad-de-salud-mental\/psicologia-peri-y-postnatal-salud-mental\/#breadcrumb","itemListElement":[{"@type":"ListItem","position":1,"name":"Portada","item":"https:\/\/cgogrupcreugroga.com\/es\/inici\/"},{"@type":"ListItem","position":2,"name":"UNIDAD DE SALUD MENTAL","item":"https:\/\/cgogrupcreugroga.com\/es\/unidad-de-salud-mental\/"},{"@type":"ListItem","position":3,"name":"Psicolog\u00eda peri y postnatal &#8211; Salud Mental"}]},{"@type":"WebSite","@id":"https:\/\/cgogrupcreugroga.com\/es\/#website","url":"https:\/\/cgogrupcreugroga.com\/es\/","name":"CGO Grup Creu Groga","description":"Just another WordPress site","publisher":{"@id":"https:\/\/cgogrupcreugroga.com\/es\/#organization"},"potentialAction":[{"@type":"SearchAction","target":{"@type":"EntryPoint","urlTemplate":"https:\/\/cgogrupcreugroga.com\/es\/?s={search_term_string}"},"query-input":{"@type":"PropertyValueSpecification","valueRequired":true,"valueName":"search_term_string"}}],"inLanguage":"es"},{"@type":"Organization","@id":"https:\/\/cgogrupcreugroga.com\/es\/#organization","name":"CGO Grup Creu Groga","url":"https:\/\/cgogrupcreugroga.com\/es\/","logo":{"@type":"ImageObject","inLanguage":"es","@id":"https:\/\/cgogrupcreugroga.com\/es\/#\/schema\/logo\/image\/","url":"https:\/\/cgogrupcreugroga.com\/wp-content\/uploads\/2022\/10\/LogosWeb-CGO-Footer.png","contentUrl":"https:\/\/cgogrupcreugroga.com\/wp-content\/uploads\/2022\/10\/LogosWeb-CGO-Footer.png","width":300,"height":300,"caption":"CGO Grup Creu Groga"},"image":{"@id":"https:\/\/cgogrupcreugroga.com\/es\/#\/schema\/logo\/image\/"}}]}},"_links":{"self":[{"href":"https:\/\/cgogrupcreugroga.com\/es\/wp-json\/wp\/v2\/pages\/2337","targetHints":{"allow":["GET"]}}],"collection":[{"href":"https:\/\/cgogrupcreugroga.com\/es\/wp-json\/wp\/v2\/pages"}],"about":[{"href":"https:\/\/cgogrupcreugroga.com\/es\/wp-json\/wp\/v2\/types\/page"}],"author":[{"embeddable":true,"href":"https:\/\/cgogrupcreugroga.com\/es\/wp-json\/wp\/v2\/users\/2"}],"replies":[{"embeddable":true,"href":"https:\/\/cgogrupcreugroga.com\/es\/wp-json\/wp\/v2\/comments?post=2337"}],"version-history":[{"count":2,"href":"https:\/\/cgogrupcreugroga.com\/es\/wp-json\/wp\/v2\/pages\/2337\/revisions"}],"predecessor-version":[{"id":2339,"href":"https:\/\/cgogrupcreugroga.com\/es\/wp-json\/wp\/v2\/pages\/2337\/revisions\/2339"}],"up":[{"embeddable":true,"href":"https:\/\/cgogrupcreugroga.com\/es\/wp-json\/wp\/v2\/pages\/1301"}],"wp:attachment":[{"href":"https:\/\/cgogrupcreugroga.com\/es\/wp-json\/wp\/v2\/media?parent=2337"}],"curies":[{"name":"wp","href":"https:\/\/api.w.org\/{rel}","templated":true}]}}